{"id":4537,"date":"2025-10-19T23:10:56","date_gmt":"2025-10-19T21:10:56","guid":{"rendered":"https:\/\/vzk.cubesdev.rs\/our-products\/uncategorized\/age-reset-krema-za-lice\/"},"modified":"2025-10-27T13:44:36","modified_gmt":"2025-10-27T12:44:36","slug":"age-reset-krema-za-lice","status":"publish","type":"product","link":"https:\/\/vzklaboratory.com\/hr\/na\u0161i-proizvodi\/tipovi-koze\/normalna-koza-tipovi-koze\/age-reset-krema-za-lice\/","title":{"rendered":"AGE RESET KREMA ZA LICE"},"content":{"rendered":"<p>Krema za lice sa visokokvalitetnim peptidima, skvalanom i uljem jojobe, pru\u017ea neophodnu njegu i za\u0161titu ko\u017ei lica, odr\u017eavaju\u0107i prirodnu barijeru ko\u017ee zdravom. Sadr\u017ei anti-age sastojak AmelioxTM koji je pa\u017eljivo formuliran za borbu protiv glikacije, jednog od uzroka stvaranja bora i gubitka elasti\u010dnosti ko\u017ee. Tako\u0111er, sadr\u017ei za\u0161titni faktor SPF 15, koji \u0161titi ko\u017eu od sunca i preranog starenja.<br \/>\nNa\u010din upotrebe: Nanijeti ujutru na \u010distu ko\u017eu lica, laganim kru\u017enim pokretima.<\/p>\n","protected":false},"excerpt":{"rendered":"<p>Krema za lice sa visokokvalitetnim peptidima, skvalanom i uljem jojobe, pru\u017ea neophodnu njegu i za\u0161titu ko\u017ei lica, odr\u017eavaju\u0107i prirodnu barijeru ko\u017ee zdravom. Sadr\u017ei anti-age sastojak AmelioxTM koji je pa\u017eljivo formuliran za borbu protiv glikacije, jednog od uzroka stvaranja bora i gubitka elasti\u010dnosti ko\u017ee. Tako\u0111er, sadr\u017ei za\u0161titni faktor SPF 15, koji \u0161titi ko\u017eu od sunca i [&hellip;]<\/p>\n","protected":false},"featured_media":4532,"comment_status":"open","ping_status":"closed","template":"","meta":{"_acf_changed":false,"_seopress_robots_primary_cat":"none","_seopress_titles_title":"","_seopress_titles_desc":"","_seopress_robots_index":""},"product_brand":[],"product_cat":[213,214,216,225,236,240,407,210,211,212],"product_tag":[],"class_list":{"0":"post-4537","1":"product","2":"type-product","3":"status-publish","4":"has-post-thumbnail","6":"product_cat-normalna-koza-tipovi-koze","7":"product_cat-potrebe-koze-2","8":"product_cat-serija-proizvoda","9":"product_cat-protiv-bora-potrebe-koze-2","10":"product_cat-svi-tipovi-koze-tipovi-koze","11":"product_cat-spf-zastita-potrebe-koze-2","12":"product_cat-age-reset-hr","13":"product_cat-njega-koze","14":"product_cat-njega-lica","15":"product_cat-tipovi-koze","17":"first","18":"instock","19":"shipping-taxable","20":"purchasable","21":"product-type-simple"},"acf":[],"_links":{"self":[{"href":"https:\/\/vzklaboratory.com\/hr\/wp-json\/wp\/v2\/product\/4537","targetHints":{"allow":["GET"]}}],"collection":[{"href":"https:\/\/vzklaboratory.com\/hr\/wp-json\/wp\/v2\/product"}],"about":[{"href":"https:\/\/vzklaboratory.com\/hr\/wp-json\/wp\/v2\/types\/product"}],"replies":[{"embeddable":true,"href":"https:\/\/vzklaboratory.com\/hr\/wp-json\/wp\/v2\/comments?post=4537"}],"wp:featuredmedia":[{"embeddable":true,"href":"https:\/\/vzklaboratory.com\/hr\/wp-json\/wp\/v2\/media\/4532"}],"wp:attachment":[{"href":"https:\/\/vzklaboratory.com\/hr\/wp-json\/wp\/v2\/media?parent=4537"}],"wp:term":[{"taxonomy":"product_brand","embeddable":true,"href":"https:\/\/vzklaboratory.com\/hr\/wp-json\/wp\/v2\/product_brand?post=4537"},{"taxonomy":"product_cat","embeddable":true,"href":"https:\/\/vzklaboratory.com\/hr\/wp-json\/wp\/v2\/product_cat?post=4537"},{"taxonomy":"product_tag","embeddable":true,"href":"https:\/\/vzklaboratory.com\/hr\/wp-json\/wp\/v2\/product_tag?post=4537"}],"curies":[{"name":"wp","href":"https:\/\/api.w.org\/{rel}","templated":true}]}}