{"id":4526,"date":"2025-10-19T23:10:50","date_gmt":"2025-10-19T21:10:50","guid":{"rendered":"https:\/\/vzk.cubesdev.rs\/our-products\/uncategorized\/pantenol-kremasta-kupka\/"},"modified":"2025-10-27T13:45:01","modified_gmt":"2025-10-27T12:45:01","slug":"pantenol-kremasta-kupka","status":"publish","type":"product","link":"https:\/\/vzklaboratory.com\/hr\/na\u0161i-proizvodi\/potrebe-koze-2\/osnovna-njega\/pantenol-kremasta-kupka\/","title":{"rendered":"PANTENOL KREMASTA KUPKA"},"content":{"rendered":"<p>Nje\u017ena kremasta formulacija sa pantenolom temeljno \u010disti ko\u017eu, u\u010dinkovito uklanjaju\u0107i ne\u010disto\u0107e bez naru\u0161avanja njene prirodne za\u0161titne barijere. Istovremeno pru\u017ea intenzivnu njegu i poma\u017ee u o\u010duvanju vla\u017enosti ko\u017ee, sprje\u010davaju\u0107i osje\u0107aj suho\u0107e i zatezanja nakon tu\u0161iranja. Namijenjena je svakodnevnoj njezi svih tipova ko\u017ee.<\/p>\n","protected":false},"excerpt":{"rendered":"<p>Nje\u017ena kremasta formulacija sa pantenolom temeljno \u010disti ko\u017eu, u\u010dinkovito uklanjaju\u0107i ne\u010disto\u0107e bez naru\u0161avanja njene prirodne za\u0161titne barijere. Istovremeno pru\u017ea intenzivnu njegu i poma\u017ee u o\u010duvanju vla\u017enosti ko\u017ee, sprje\u010davaju\u0107i osje\u0107aj suho\u0107e i zatezanja nakon tu\u0161iranja. Namijenjena je svakodnevnoj njezi svih tipova ko\u017ee.<\/p>\n","protected":false},"featured_media":4521,"comment_status":"open","ping_status":"closed","template":"","meta":{"_acf_changed":false,"_seopress_robots_primary_cat":"none","_seopress_titles_title":"","_seopress_titles_desc":"","_seopress_robots_index":""},"product_brand":[],"product_cat":[212,214,215,216,218,351,210],"product_tag":[],"class_list":{"0":"post-4526","1":"product","2":"type-product","3":"status-publish","4":"has-post-thumbnail","6":"product_cat-tipovi-koze","7":"product_cat-potrebe-koze-2","8":"product_cat-osnovna-njega","9":"product_cat-serija-proizvoda","10":"product_cat-njega-tijela","11":"product_cat-osnovna-hidratacija","12":"product_cat-njega-koze","14":"first","15":"instock","16":"shipping-taxable","17":"purchasable","18":"product-type-simple"},"acf":[],"_links":{"self":[{"href":"https:\/\/vzklaboratory.com\/hr\/wp-json\/wp\/v2\/product\/4526","targetHints":{"allow":["GET"]}}],"collection":[{"href":"https:\/\/vzklaboratory.com\/hr\/wp-json\/wp\/v2\/product"}],"about":[{"href":"https:\/\/vzklaboratory.com\/hr\/wp-json\/wp\/v2\/types\/product"}],"replies":[{"embeddable":true,"href":"https:\/\/vzklaboratory.com\/hr\/wp-json\/wp\/v2\/comments?post=4526"}],"wp:featuredmedia":[{"embeddable":true,"href":"https:\/\/vzklaboratory.com\/hr\/wp-json\/wp\/v2\/media\/4521"}],"wp:attachment":[{"href":"https:\/\/vzklaboratory.com\/hr\/wp-json\/wp\/v2\/media?parent=4526"}],"wp:term":[{"taxonomy":"product_brand","embeddable":true,"href":"https:\/\/vzklaboratory.com\/hr\/wp-json\/wp\/v2\/product_brand?post=4526"},{"taxonomy":"product_cat","embeddable":true,"href":"https:\/\/vzklaboratory.com\/hr\/wp-json\/wp\/v2\/product_cat?post=4526"},{"taxonomy":"product_tag","embeddable":true,"href":"https:\/\/vzklaboratory.com\/hr\/wp-json\/wp\/v2\/product_tag?post=4526"}],"curies":[{"name":"wp","href":"https:\/\/api.w.org\/{rel}","templated":true}]}}