{"id":4367,"date":"2025-10-19T23:09:23","date_gmt":"2025-10-19T21:09:23","guid":{"rendered":"https:\/\/vzk.cubesdev.rs\/our-products\/uncategorized\/vazelin\/"},"modified":"2025-10-27T13:48:53","modified_gmt":"2025-10-27T12:48:53","slug":"vazelin","status":"publish","type":"product","link":"https:\/\/vzklaboratory.com\/hr\/na\u0161i-proizvodi\/njega-koze\/kucna-ljekarna\/vazelin\/","title":{"rendered":"VAZELIN"},"content":{"rendered":"<p>Vazelin predstavlja optimalnu njegu za zahtjevnu, suhu i o\u0161te\u0107enu ko\u017eu. Mo\u017ee se koristiti za svakodnevnu njegu i za\u0161titu ko\u017ee lica i tijela &#8211; ruku, laktova, zanoktica, usana, peta, stopala, itd. Bez konzervansa, mirisa i boja. U doma\u0107instvima, vazelin ima \u0161iroku upotrebu, i mo\u017ee se koristiti za njegu i za\u0161titu ko\u017enih i gumenih predmeta ili njihovih dijelova.<\/p>\n","protected":false},"excerpt":{"rendered":"<p>Vazelin predstavlja optimalnu njegu za zahtjevnu, suhu i o\u0161te\u0107enu ko\u017eu. Mo\u017ee se koristiti za svakodnevnu njegu i za\u0161titu ko\u017ee lica i tijela &#8211; ruku, laktova, zanoktica, usana, peta, stopala, itd. Bez konzervansa, mirisa i boja. U doma\u0107instvima, vazelin ima \u0161iroku upotrebu, i mo\u017ee se koristiti za njegu i za\u0161titu ko\u017enih i gumenih predmeta ili njihovih [&hellip;]<\/p>\n","protected":false},"featured_media":4356,"comment_status":"open","ping_status":"closed","template":"","meta":{"_acf_changed":false,"_seopress_robots_primary_cat":"none","_seopress_titles_title":"","_seopress_titles_desc":"","_seopress_robots_index":""},"product_brand":[],"product_cat":[349,210,212,214,216],"product_tag":[],"class_list":{"0":"post-4367","1":"product","2":"type-product","3":"status-publish","4":"has-post-thumbnail","6":"product_cat-kucna-ljekarna","7":"product_cat-njega-koze","8":"product_cat-tipovi-koze","9":"product_cat-potrebe-koze-2","10":"product_cat-serija-proizvoda","12":"first","13":"instock","14":"shipping-taxable","15":"purchasable","16":"product-type-simple"},"acf":[],"_links":{"self":[{"href":"https:\/\/vzklaboratory.com\/hr\/wp-json\/wp\/v2\/product\/4367","targetHints":{"allow":["GET"]}}],"collection":[{"href":"https:\/\/vzklaboratory.com\/hr\/wp-json\/wp\/v2\/product"}],"about":[{"href":"https:\/\/vzklaboratory.com\/hr\/wp-json\/wp\/v2\/types\/product"}],"replies":[{"embeddable":true,"href":"https:\/\/vzklaboratory.com\/hr\/wp-json\/wp\/v2\/comments?post=4367"}],"wp:featuredmedia":[{"embeddable":true,"href":"https:\/\/vzklaboratory.com\/hr\/wp-json\/wp\/v2\/media\/4356"}],"wp:attachment":[{"href":"https:\/\/vzklaboratory.com\/hr\/wp-json\/wp\/v2\/media?parent=4367"}],"wp:term":[{"taxonomy":"product_brand","embeddable":true,"href":"https:\/\/vzklaboratory.com\/hr\/wp-json\/wp\/v2\/product_brand?post=4367"},{"taxonomy":"product_cat","embeddable":true,"href":"https:\/\/vzklaboratory.com\/hr\/wp-json\/wp\/v2\/product_cat?post=4367"},{"taxonomy":"product_tag","embeddable":true,"href":"https:\/\/vzklaboratory.com\/hr\/wp-json\/wp\/v2\/product_tag?post=4367"}],"curies":[{"name":"wp","href":"https:\/\/api.w.org\/{rel}","templated":true}]}}