{"id":4350,"date":"2025-10-19T23:09:17","date_gmt":"2025-10-19T21:09:17","guid":{"rendered":"https:\/\/vzk.cubesdev.rs\/our-products\/uncategorized\/univerzalna-krema-2\/"},"modified":"2025-10-27T13:49:24","modified_gmt":"2025-10-27T12:49:24","slug":"univerzalna-krema-2","status":"publish","type":"product","link":"https:\/\/vzklaboratory.com\/hr\/na\u0161i-proizvodi\/njega-koze\/kucna-ljekarna\/univerzalna-krema-2\/","title":{"rendered":"UNIVERZALNA KREMA"},"content":{"rendered":"<p>Krema za intenzivnu njegu ko\u017ee lica i tijela. Pogodan je za sve tipove ko\u017ee, sa iznimkom izrazito masne i problemati\u010dne. Svakodnevnom primjenom hidrira ko\u017eu lica i tijela i pru\u017ea joj za\u0161titu od negativnih vanjskih utjecaja.<\/p>\n","protected":false},"excerpt":{"rendered":"<p>Krema za intenzivnu njegu ko\u017ee lica i tijela. Pogodan je za sve tipove ko\u017ee, sa iznimkom izrazito masne i problemati\u010dne. Svakodnevnom primjenom hidrira ko\u017eu lica i tijela i pru\u017ea joj za\u0161titu od negativnih vanjskih utjecaja.<\/p>\n","protected":false},"featured_media":6469,"comment_status":"open","ping_status":"closed","template":"","meta":{"_acf_changed":false,"_seopress_robots_primary_cat":"none","_seopress_titles_title":"","_seopress_titles_desc":"","_seopress_robots_index":""},"product_brand":[],"product_cat":[216,349,210,212,214],"product_tag":[],"class_list":{"0":"post-4350","1":"product","2":"type-product","3":"status-publish","4":"has-post-thumbnail","6":"product_cat-serija-proizvoda","7":"product_cat-kucna-ljekarna","8":"product_cat-njega-koze","9":"product_cat-tipovi-koze","10":"product_cat-potrebe-koze-2","12":"first","13":"instock","14":"shipping-taxable","15":"purchasable","16":"product-type-simple"},"acf":[],"_links":{"self":[{"href":"https:\/\/vzklaboratory.com\/hr\/wp-json\/wp\/v2\/product\/4350","targetHints":{"allow":["GET"]}}],"collection":[{"href":"https:\/\/vzklaboratory.com\/hr\/wp-json\/wp\/v2\/product"}],"about":[{"href":"https:\/\/vzklaboratory.com\/hr\/wp-json\/wp\/v2\/types\/product"}],"replies":[{"embeddable":true,"href":"https:\/\/vzklaboratory.com\/hr\/wp-json\/wp\/v2\/comments?post=4350"}],"wp:featuredmedia":[{"embeddable":true,"href":"https:\/\/vzklaboratory.com\/hr\/wp-json\/wp\/v2\/media\/6469"}],"wp:attachment":[{"href":"https:\/\/vzklaboratory.com\/hr\/wp-json\/wp\/v2\/media?parent=4350"}],"wp:term":[{"taxonomy":"product_brand","embeddable":true,"href":"https:\/\/vzklaboratory.com\/hr\/wp-json\/wp\/v2\/product_brand?post=4350"},{"taxonomy":"product_cat","embeddable":true,"href":"https:\/\/vzklaboratory.com\/hr\/wp-json\/wp\/v2\/product_cat?post=4350"},{"taxonomy":"product_tag","embeddable":true,"href":"https:\/\/vzklaboratory.com\/hr\/wp-json\/wp\/v2\/product_tag?post=4350"}],"curies":[{"name":"wp","href":"https:\/\/api.w.org\/{rel}","templated":true}]}}