{"id":4339,"date":"2025-10-19T23:09:12","date_gmt":"2025-10-19T21:09:12","guid":{"rendered":"https:\/\/vzk.cubesdev.rs\/our-products\/uncategorized\/vzk-sprej-za-djecu-spf50-250-ml\/"},"modified":"2025-10-27T13:51:52","modified_gmt":"2025-10-27T12:51:52","slug":"vzk-sprej-za-djecu-spf50-250-ml","status":"publish","type":"product","link":"https:\/\/vzklaboratory.com\/hr\/na\u0161i-proizvodi\/njega-koze\/zastita-od-sunca-njega-koze\/vzk-sprej-za-djecu-spf50-250-ml\/","title":{"rendered":"VZK Sprej za djecu SPF50+ 250 ml"},"content":{"rendered":"<p>Sprej-lotion s aloe verom i vitaminom E, posebno formuliran za za\u0161titu osjetljive dje\u010dje ko\u017ee tijekom izlaganja suncu.<\/p>\n","protected":false},"excerpt":{"rendered":"<p>Sprej-lotion s aloe verom i vitaminom E, posebno formuliran za za\u0161titu osjetljive dje\u010dje ko\u017ee tijekom izlaganja suncu.<\/p>\n","protected":false},"featured_media":4334,"comment_status":"open","ping_status":"closed","template":"","meta":{"_acf_changed":false,"_seopress_robots_primary_cat":"none","_seopress_titles_title":"","_seopress_titles_desc":"","_seopress_robots_index":""},"product_brand":[],"product_cat":[227,240,406,210,212,214,216],"product_tag":[],"class_list":{"0":"post-4339","1":"product","2":"type-product","3":"status-publish","4":"has-post-thumbnail","6":"product_cat-zastita-od-sunca-njega-koze","7":"product_cat-spf-zastita-potrebe-koze-2","8":"product_cat-sun-care-program-hr","9":"product_cat-njega-koze","10":"product_cat-tipovi-koze","11":"product_cat-potrebe-koze-2","12":"product_cat-serija-proizvoda","14":"first","15":"instock","16":"shipping-taxable","17":"purchasable","18":"product-type-simple"},"acf":[],"_links":{"self":[{"href":"https:\/\/vzklaboratory.com\/hr\/wp-json\/wp\/v2\/product\/4339","targetHints":{"allow":["GET"]}}],"collection":[{"href":"https:\/\/vzklaboratory.com\/hr\/wp-json\/wp\/v2\/product"}],"about":[{"href":"https:\/\/vzklaboratory.com\/hr\/wp-json\/wp\/v2\/types\/product"}],"replies":[{"embeddable":true,"href":"https:\/\/vzklaboratory.com\/hr\/wp-json\/wp\/v2\/comments?post=4339"}],"wp:featuredmedia":[{"embeddable":true,"href":"https:\/\/vzklaboratory.com\/hr\/wp-json\/wp\/v2\/media\/4334"}],"wp:attachment":[{"href":"https:\/\/vzklaboratory.com\/hr\/wp-json\/wp\/v2\/media?parent=4339"}],"wp:term":[{"taxonomy":"product_brand","embeddable":true,"href":"https:\/\/vzklaboratory.com\/hr\/wp-json\/wp\/v2\/product_brand?post=4339"},{"taxonomy":"product_cat","embeddable":true,"href":"https:\/\/vzklaboratory.com\/hr\/wp-json\/wp\/v2\/product_cat?post=4339"},{"taxonomy":"product_tag","embeddable":true,"href":"https:\/\/vzklaboratory.com\/hr\/wp-json\/wp\/v2\/product_tag?post=4339"}],"curies":[{"name":"wp","href":"https:\/\/api.w.org\/{rel}","templated":true}]}}