{"id":4201,"date":"2025-10-19T23:07:49","date_gmt":"2025-10-19T21:07:49","guid":{"rendered":"https:\/\/vzk.cubesdev.rs\/our-products\/uncategorized\/s-o-s-krema-za-ruke\/"},"modified":"2025-10-27T13:55:42","modified_gmt":"2025-10-27T12:55:42","slug":"s-o-s-krema-za-ruke","status":"publish","type":"product","link":"https:\/\/vzklaboratory.com\/hr\/na\u0161i-proizvodi\/njega-koze\/sos-skrb\/s-o-s-krema-za-ruke\/","title":{"rendered":"S.O.S KREMA ZA RUKE"},"content":{"rendered":"<p>Koncentrirana formula na bazi glicerina i triglicerida maslinovog ulja, omek\u0161ava grubu i suhu ko\u017eu ruku, pru\u017eaju\u0107i ugodan osje\u0107aj.<\/p>\n","protected":false},"excerpt":{"rendered":"<p>Koncentrirana formula na bazi glicerina i triglicerida maslinovog ulja, omek\u0161ava grubu i suhu ko\u017eu ruku, pru\u017eaju\u0107i ugodan osje\u0107aj.<\/p>\n","protected":false},"featured_media":4196,"comment_status":"open","ping_status":"closed","template":"","meta":{"_acf_changed":false,"_seopress_robots_primary_cat":"none","_seopress_titles_title":"","_seopress_titles_desc":"","_seopress_robots_index":""},"product_brand":[],"product_cat":[210,212,214,216,230,231,233,238,393],"product_tag":[],"class_list":{"0":"post-4201","1":"product","2":"type-product","3":"status-publish","4":"has-post-thumbnail","6":"product_cat-njega-koze","7":"product_cat-tipovi-koze","8":"product_cat-potrebe-koze-2","9":"product_cat-serija-proizvoda","10":"product_cat-sos-skrb","11":"product_cat-suha-koza","12":"product_cat-protiv-iritacije-potrebe-koze-2","13":"product_cat-protiv-svrbeza-i-zatezanja","14":"product_cat-sos","16":"first","17":"instock","18":"shipping-taxable","19":"purchasable","20":"product-type-simple"},"acf":[],"_links":{"self":[{"href":"https:\/\/vzklaboratory.com\/hr\/wp-json\/wp\/v2\/product\/4201","targetHints":{"allow":["GET"]}}],"collection":[{"href":"https:\/\/vzklaboratory.com\/hr\/wp-json\/wp\/v2\/product"}],"about":[{"href":"https:\/\/vzklaboratory.com\/hr\/wp-json\/wp\/v2\/types\/product"}],"replies":[{"embeddable":true,"href":"https:\/\/vzklaboratory.com\/hr\/wp-json\/wp\/v2\/comments?post=4201"}],"wp:featuredmedia":[{"embeddable":true,"href":"https:\/\/vzklaboratory.com\/hr\/wp-json\/wp\/v2\/media\/4196"}],"wp:attachment":[{"href":"https:\/\/vzklaboratory.com\/hr\/wp-json\/wp\/v2\/media?parent=4201"}],"wp:term":[{"taxonomy":"product_brand","embeddable":true,"href":"https:\/\/vzklaboratory.com\/hr\/wp-json\/wp\/v2\/product_brand?post=4201"},{"taxonomy":"product_cat","embeddable":true,"href":"https:\/\/vzklaboratory.com\/hr\/wp-json\/wp\/v2\/product_cat?post=4201"},{"taxonomy":"product_tag","embeddable":true,"href":"https:\/\/vzklaboratory.com\/hr\/wp-json\/wp\/v2\/product_tag?post=4201"}],"curies":[{"name":"wp","href":"https:\/\/api.w.org\/{rel}","templated":true}]}}