{"id":4136,"date":"2025-10-19T23:07:13","date_gmt":"2025-10-19T21:07:13","guid":{"rendered":"https:\/\/vzk.cubesdev.rs\/our-products\/uncategorized\/micelarna-voda-za-osjetljivu-kozu\/"},"modified":"2025-10-27T13:57:08","modified_gmt":"2025-10-27T12:57:08","slug":"micelarna-voda-za-osjetljivu-kozu","status":"publish","type":"product","link":"https:\/\/vzklaboratory.com\/hr\/na\u0161i-proizvodi\/serija-proizvoda\/osjetljiv\/micelarna-voda-za-osjetljivu-kozu\/","title":{"rendered":"Micelarna voda za osjetljivu ko\u017eu"},"content":{"rendered":"<p>Micelarna voda za osjetljivu ko\u017eu formulirana je kao 3 u 1 preparat &#8211; u\u010dinkovito sredstvo za \u010di\u0161\u0107enje ko\u017ee, skidanje \u0161minke i umiruju\u0107i tonik.<\/p>\n","protected":false},"excerpt":{"rendered":"<p>Micelarna voda za osjetljivu ko\u017eu formulirana je kao 3 u 1 preparat &#8211; u\u010dinkovito sredstvo za \u010di\u0161\u0107enje ko\u017ee, skidanje \u0161minke i umiruju\u0107i tonik.<\/p>\n","protected":false},"featured_media":4131,"comment_status":"open","ping_status":"closed","template":"","meta":{"_acf_changed":false,"_seopress_robots_primary_cat":"none","_seopress_titles_title":"","_seopress_titles_desc":"","_seopress_robots_index":""},"product_brand":[],"product_cat":[222,233,234,380,210,211,212,214,216],"product_tag":[],"class_list":{"0":"post-4136","1":"product","2":"type-product","3":"status-publish","4":"has-post-thumbnail","6":"product_cat-osjetljiv","7":"product_cat-protiv-iritacije-potrebe-koze-2","8":"product_cat-osjetljiva-koza","9":"product_cat-ciscenje-lica-hr","10":"product_cat-njega-koze","11":"product_cat-njega-lica","12":"product_cat-tipovi-koze","13":"product_cat-potrebe-koze-2","14":"product_cat-serija-proizvoda","16":"first","17":"instock","18":"shipping-taxable","19":"purchasable","20":"product-type-simple"},"acf":[],"_links":{"self":[{"href":"https:\/\/vzklaboratory.com\/hr\/wp-json\/wp\/v2\/product\/4136","targetHints":{"allow":["GET"]}}],"collection":[{"href":"https:\/\/vzklaboratory.com\/hr\/wp-json\/wp\/v2\/product"}],"about":[{"href":"https:\/\/vzklaboratory.com\/hr\/wp-json\/wp\/v2\/types\/product"}],"replies":[{"embeddable":true,"href":"https:\/\/vzklaboratory.com\/hr\/wp-json\/wp\/v2\/comments?post=4136"}],"wp:featuredmedia":[{"embeddable":true,"href":"https:\/\/vzklaboratory.com\/hr\/wp-json\/wp\/v2\/media\/4131"}],"wp:attachment":[{"href":"https:\/\/vzklaboratory.com\/hr\/wp-json\/wp\/v2\/media?parent=4136"}],"wp:term":[{"taxonomy":"product_brand","embeddable":true,"href":"https:\/\/vzklaboratory.com\/hr\/wp-json\/wp\/v2\/product_brand?post=4136"},{"taxonomy":"product_cat","embeddable":true,"href":"https:\/\/vzklaboratory.com\/hr\/wp-json\/wp\/v2\/product_cat?post=4136"},{"taxonomy":"product_tag","embeddable":true,"href":"https:\/\/vzklaboratory.com\/hr\/wp-json\/wp\/v2\/product_tag?post=4136"}],"curies":[{"name":"wp","href":"https:\/\/api.w.org\/{rel}","templated":true}]}}