{"id":4012,"date":"2025-10-19T23:05:51","date_gmt":"2025-10-19T21:05:51","guid":{"rendered":"https:\/\/vzk.cubesdev.rs\/our-products\/uncategorized\/ricinusovo-ulje\/"},"modified":"2025-10-27T13:58:36","modified_gmt":"2025-10-27T12:58:36","slug":"ricinusovo-ulje","status":"publish","type":"product","link":"https:\/\/vzklaboratory.com\/hr\/na\u0161i-proizvodi\/njega-koze\/kucna-ljekarna\/ricinusovo-ulje\/","title":{"rendered":"RICINUSOVO ULJE"},"content":{"rendered":"<p>Ricinusovo ulje se koristi za njegu suhe i osjetljive ko\u017ee, kose i noktiju. Ono ko\u017ei daje vla\u017enost, \u010dine\u0107i je mekom i glatkom. Tako\u0111er, njeguje suhu kosu, poma\u017ee ja\u010danju dlake i \u010dini je otpornijom na fizi\u010dka i kemijska o\u0161te\u0107enja. Ricinusovo ulje njeguje i nokte i pobolj\u0161ava njihovu \u010dvrsto\u0107u. Dodatak vitamina E \u0161titi ko\u017eu, kosu i nokte i \u010dini ih otpornijom na vanjske utjecaje.<\/p>\n","protected":false},"excerpt":{"rendered":"<p>Ricinusovo ulje se koristi za njegu suhe i osjetljive ko\u017ee, kose i noktiju. Ono ko\u017ei daje vla\u017enost, \u010dine\u0107i je mekom i glatkom. Tako\u0111er, njeguje suhu kosu, poma\u017ee ja\u010danju dlake i \u010dini je otpornijom na fizi\u010dka i kemijska o\u0161te\u0107enja. Ricinusovo ulje njeguje i nokte i pobolj\u0161ava njihovu \u010dvrsto\u0107u. Dodatak vitamina E \u0161titi ko\u017eu, kosu i nokte [&hellip;]<\/p>\n","protected":false},"featured_media":4001,"comment_status":"open","ping_status":"closed","template":"","meta":{"_acf_changed":false,"_seopress_robots_primary_cat":"none","_seopress_titles_title":"","_seopress_titles_desc":"","_seopress_robots_index":""},"product_brand":[],"product_cat":[210,212,214,216,349],"product_tag":[],"class_list":{"0":"post-4012","1":"product","2":"type-product","3":"status-publish","4":"has-post-thumbnail","6":"product_cat-njega-koze","7":"product_cat-tipovi-koze","8":"product_cat-potrebe-koze-2","9":"product_cat-serija-proizvoda","10":"product_cat-kucna-ljekarna","12":"first","13":"instock","14":"shipping-taxable","15":"purchasable","16":"product-type-simple"},"acf":[],"_links":{"self":[{"href":"https:\/\/vzklaboratory.com\/hr\/wp-json\/wp\/v2\/product\/4012","targetHints":{"allow":["GET"]}}],"collection":[{"href":"https:\/\/vzklaboratory.com\/hr\/wp-json\/wp\/v2\/product"}],"about":[{"href":"https:\/\/vzklaboratory.com\/hr\/wp-json\/wp\/v2\/types\/product"}],"replies":[{"embeddable":true,"href":"https:\/\/vzklaboratory.com\/hr\/wp-json\/wp\/v2\/comments?post=4012"}],"wp:featuredmedia":[{"embeddable":true,"href":"https:\/\/vzklaboratory.com\/hr\/wp-json\/wp\/v2\/media\/4001"}],"wp:attachment":[{"href":"https:\/\/vzklaboratory.com\/hr\/wp-json\/wp\/v2\/media?parent=4012"}],"wp:term":[{"taxonomy":"product_brand","embeddable":true,"href":"https:\/\/vzklaboratory.com\/hr\/wp-json\/wp\/v2\/product_brand?post=4012"},{"taxonomy":"product_cat","embeddable":true,"href":"https:\/\/vzklaboratory.com\/hr\/wp-json\/wp\/v2\/product_cat?post=4012"},{"taxonomy":"product_tag","embeddable":true,"href":"https:\/\/vzklaboratory.com\/hr\/wp-json\/wp\/v2\/product_tag?post=4012"}],"curies":[{"name":"wp","href":"https:\/\/api.w.org\/{rel}","templated":true}]}}