{"id":3995,"date":"2025-10-19T23:05:42","date_gmt":"2025-10-19T21:05:42","guid":{"rendered":"https:\/\/vzk.cubesdev.rs\/our-products\/uncategorized\/revitalizujuci-serum-za-lice-sa-retinolom\/"},"modified":"2025-10-27T13:59:04","modified_gmt":"2025-10-27T12:59:04","slug":"revitalizujuci-serum-za-lice-sa-retinolom","status":"publish","type":"product","link":"https:\/\/vzklaboratory.com\/hr\/na\u0161i-proizvodi\/potrebe-koze-2\/obnova-i-revitalizacija\/revitalizujuci-serum-za-lice-sa-retinolom\/","title":{"rendered":"REVITALIZUJUC\u0301I SERUM ZA LICE SA RETINOLOM"},"content":{"rendered":"<p>Koncentrirani serum sa anti-age kompleksom Vitamina A (Retinolom i Retinalom) i hijaluronske kiseline, daje ko\u017ei lica sjaj i energiju, doprinosi zna\u010dajnom pobolj\u0161anju teksture ko\u017ee, umanjuje vidljivost bora i tankih linija i pru\u017ea uo\u010dljive rezultate u borbi protiv starenja ko\u017ee, bez neugodnih nuspojave kao \u0161to su crvenilo, suho\u0107a i lju\u0161tenje ko\u017ee. Hijaluronska kiselina hidrira ko\u017eu i ubla\u017eava izgled postoje\u0107ih bora, dok ulje jojobe njeguje ko\u017eu lica i \u0161titi je od negativnih vanjskih utjecaja.<\/p>\n","protected":false},"excerpt":{"rendered":"<p>Koncentrirani serum sa anti-age kompleksom Vitamina A (Retinolom i Retinalom) i hijaluronske kiseline, daje ko\u017ei lica sjaj i energiju, doprinosi zna\u010dajnom pobolj\u0161anju teksture ko\u017ee, umanjuje vidljivost bora i tankih linija i pru\u017ea uo\u010dljive rezultate u borbi protiv starenja ko\u017ee, bez neugodnih nuspojave kao \u0161to su crvenilo, suho\u0107a i lju\u0161tenje ko\u017ee. Hijaluronska kiselina hidrira ko\u017eu i [&hellip;]<\/p>\n","protected":false},"featured_media":3984,"comment_status":"open","ping_status":"closed","template":"","meta":{"_acf_changed":false,"_seopress_robots_primary_cat":"none","_seopress_titles_title":"","_seopress_titles_desc":"","_seopress_robots_index":""},"product_brand":[],"product_cat":[239,353,210,211,212,213,214,216,220,225,236],"product_tag":[],"class_list":{"0":"post-3995","1":"product","2":"type-product","3":"status-publish","4":"has-post-thumbnail","6":"product_cat-obnova-i-revitalizacija","7":"product_cat-retinol-serija-proizvoda","8":"product_cat-njega-koze","9":"product_cat-njega-lica","10":"product_cat-tipovi-koze","11":"product_cat-normalna-koza-tipovi-koze","12":"product_cat-potrebe-koze-2","13":"product_cat-serija-proizvoda","14":"product_cat-hidratacija-potrebe-koze-2","15":"product_cat-protiv-bora-potrebe-koze-2","16":"product_cat-svi-tipovi-koze-tipovi-koze","18":"first","19":"instock","20":"shipping-taxable","21":"purchasable","22":"product-type-simple"},"acf":[],"_links":{"self":[{"href":"https:\/\/vzklaboratory.com\/hr\/wp-json\/wp\/v2\/product\/3995","targetHints":{"allow":["GET"]}}],"collection":[{"href":"https:\/\/vzklaboratory.com\/hr\/wp-json\/wp\/v2\/product"}],"about":[{"href":"https:\/\/vzklaboratory.com\/hr\/wp-json\/wp\/v2\/types\/product"}],"replies":[{"embeddable":true,"href":"https:\/\/vzklaboratory.com\/hr\/wp-json\/wp\/v2\/comments?post=3995"}],"wp:featuredmedia":[{"embeddable":true,"href":"https:\/\/vzklaboratory.com\/hr\/wp-json\/wp\/v2\/media\/3984"}],"wp:attachment":[{"href":"https:\/\/vzklaboratory.com\/hr\/wp-json\/wp\/v2\/media?parent=3995"}],"wp:term":[{"taxonomy":"product_brand","embeddable":true,"href":"https:\/\/vzklaboratory.com\/hr\/wp-json\/wp\/v2\/product_brand?post=3995"},{"taxonomy":"product_cat","embeddable":true,"href":"https:\/\/vzklaboratory.com\/hr\/wp-json\/wp\/v2\/product_cat?post=3995"},{"taxonomy":"product_tag","embeddable":true,"href":"https:\/\/vzklaboratory.com\/hr\/wp-json\/wp\/v2\/product_tag?post=3995"}],"curies":[{"name":"wp","href":"https:\/\/api.w.org\/{rel}","templated":true}]}}