{"id":3942,"date":"2025-10-19T23:04:48","date_gmt":"2025-10-19T21:04:48","guid":{"rendered":"https:\/\/vzk.cubesdev.rs\/our-products\/uncategorized\/obnavljajuca-krema-za-lice-sa-ceramidima\/"},"modified":"2025-10-27T13:59:28","modified_gmt":"2025-10-27T12:59:28","slug":"obnavljajuca-krema-za-lice-sa-ceramidima","status":"publish","type":"product","link":"https:\/\/vzklaboratory.com\/hr\/na\u0161i-proizvodi\/tipovi-koze\/suha-koza\/obnavljajuca-krema-za-lice-sa-ceramidima\/","title":{"rendered":"OBNAVLJAJU\u0106A KREMA ZA LICE SA CERAMIDIMA"},"content":{"rendered":"<p>Krema za lice sa kompleksom visokokvalitetnih ceramida pru\u017ea ko\u017ei potrebnu podr\u0161ku za o\u010duvanje vla\u017enosti i njenog prirodnog barijernog sloja. Zahvaljuju\u0107i Amaretine\u00ae intenzivno njeguje ko\u017eu lica i poma\u017ee u borbi protiv iritacija i crvenila, \u010dine\u0107i je blistavom i sjajnom. Sadr\u017ei za\u0161titni faktor SPF 15, koji \u0161titi ko\u017eu lica od preranog starenja, izazvanog \u0161tetnim sun\u010devim zrakama.<\/p>\n","protected":false},"excerpt":{"rendered":"<p>Krema za lice sa kompleksom visokokvalitetnih ceramida pru\u017ea ko\u017ei potrebnu podr\u0161ku za o\u010duvanje vla\u017enosti i njenog prirodnog barijernog sloja. Zahvaljuju\u0107i Amaretine\u00ae intenzivno njeguje ko\u017eu lica i poma\u017ee u borbi protiv iritacija i crvenila, \u010dine\u0107i je blistavom i sjajnom. Sadr\u017ei za\u0161titni faktor SPF 15, koji \u0161titi ko\u017eu lica od preranog starenja, izazvanog \u0161tetnim sun\u010devim zrakama.<\/p>\n","protected":false},"featured_media":3901,"comment_status":"open","ping_status":"closed","template":"","meta":{"_acf_changed":false,"_seopress_robots_primary_cat":"none","_seopress_titles_title":"","_seopress_titles_desc":"","_seopress_robots_index":""},"product_brand":[],"product_cat":[214,216,231,234,238,239,240,405,210,211,212],"product_tag":[],"class_list":{"0":"post-3942","1":"product","2":"type-product","3":"status-publish","4":"has-post-thumbnail","6":"product_cat-potrebe-koze-2","7":"product_cat-serija-proizvoda","8":"product_cat-suha-koza","9":"product_cat-osjetljiva-koza","10":"product_cat-protiv-svrbeza-i-zatezanja","11":"product_cat-obnova-i-revitalizacija","12":"product_cat-spf-zastita-potrebe-koze-2","13":"product_cat-ceramidi","14":"product_cat-njega-koze","15":"product_cat-njega-lica","16":"product_cat-tipovi-koze","18":"first","19":"instock","20":"shipping-taxable","21":"purchasable","22":"product-type-simple"},"acf":[],"_links":{"self":[{"href":"https:\/\/vzklaboratory.com\/hr\/wp-json\/wp\/v2\/product\/3942","targetHints":{"allow":["GET"]}}],"collection":[{"href":"https:\/\/vzklaboratory.com\/hr\/wp-json\/wp\/v2\/product"}],"about":[{"href":"https:\/\/vzklaboratory.com\/hr\/wp-json\/wp\/v2\/types\/product"}],"replies":[{"embeddable":true,"href":"https:\/\/vzklaboratory.com\/hr\/wp-json\/wp\/v2\/comments?post=3942"}],"wp:featuredmedia":[{"embeddable":true,"href":"https:\/\/vzklaboratory.com\/hr\/wp-json\/wp\/v2\/media\/3901"}],"wp:attachment":[{"href":"https:\/\/vzklaboratory.com\/hr\/wp-json\/wp\/v2\/media?parent=3942"}],"wp:term":[{"taxonomy":"product_brand","embeddable":true,"href":"https:\/\/vzklaboratory.com\/hr\/wp-json\/wp\/v2\/product_brand?post=3942"},{"taxonomy":"product_cat","embeddable":true,"href":"https:\/\/vzklaboratory.com\/hr\/wp-json\/wp\/v2\/product_cat?post=3942"},{"taxonomy":"product_tag","embeddable":true,"href":"https:\/\/vzklaboratory.com\/hr\/wp-json\/wp\/v2\/product_tag?post=3942"}],"curies":[{"name":"wp","href":"https:\/\/api.w.org\/{rel}","templated":true}]}}