{"id":3888,"date":"2025-10-19T23:04:34","date_gmt":"2025-10-19T21:04:34","guid":{"rendered":"https:\/\/vzk.cubesdev.rs\/our-products\/uncategorized\/obnavljajuci-maslac-za-tijelo-sa-ceramidima\/"},"modified":"2025-11-21T17:27:48","modified_gmt":"2025-11-21T16:27:48","slug":"obnavljajuci-maslac-za-tijelo-sa-ceramidima","status":"publish","type":"product","link":"https:\/\/vzklaboratory.com\/hr\/na\u0161i-proizvodi\/serija-proizvoda\/ceramidi\/obnavljajuci-maslac-za-tijelo-sa-ceramidima\/","title":{"rendered":"OBNAVLJAJU\u0106I MASLAC ZA TIJELO SA CERAMIDIMA"},"content":{"rendered":"<p>Formulacija oboga\u0107ena visokokvalitetnim ceramidima, pru\u017ea ko\u017ei neophodnu podr\u0161ku za o\u010duvanje vla\u017enosti i njenog prirodnog barijernog sloja istovremeno otklanjaju\u0107i neugodan osje\u0107aj zatezanja. Dodatak shea maslaca i skvalana omek\u0161ava ko\u017eu, pru\u017eaju\u0107i osje\u0107aj dugotrajne hidratacije. Pogodan za njegu svih tipova ko\u017ee, a posebno suhe i osjetljive.<\/p>\n","protected":false},"excerpt":{"rendered":"<p>Formulacija oboga\u0107ena visokokvalitetnim ceramidima, pru\u017ea ko\u017ei neophodnu podr\u0161ku za o\u010duvanje vla\u017enosti i njenog prirodnog barijernog sloja istovremeno otklanjaju\u0107i neugodan osje\u0107aj zatezanja. Dodatak shea maslaca i skvalana omek\u0161ava ko\u017eu, pru\u017eaju\u0107i osje\u0107aj dugotrajne hidratacije. Pogodan za njegu svih tipova ko\u017ee, a posebno suhe i osjetljive.<\/p>\n","protected":false},"featured_media":3877,"comment_status":"open","ping_status":"closed","template":"","meta":{"_acf_changed":false,"_seopress_robots_primary_cat":"none","_seopress_titles_title":"","_seopress_titles_desc":"","_seopress_robots_index":""},"product_brand":[],"product_cat":[405,210,212,214,216,218,231,234,238,239],"product_tag":[],"class_list":{"0":"post-3888","1":"product","2":"type-product","3":"status-publish","4":"has-post-thumbnail","6":"product_cat-ceramidi","7":"product_cat-njega-koze","8":"product_cat-tipovi-koze","9":"product_cat-potrebe-koze-2","10":"product_cat-serija-proizvoda","11":"product_cat-njega-tijela","12":"product_cat-suha-koza","13":"product_cat-osjetljiva-koza","14":"product_cat-protiv-svrbeza-i-zatezanja","15":"product_cat-obnova-i-revitalizacija","17":"first","18":"instock","19":"shipping-taxable","20":"purchasable","21":"product-type-simple"},"acf":[],"_links":{"self":[{"href":"https:\/\/vzklaboratory.com\/hr\/wp-json\/wp\/v2\/product\/3888","targetHints":{"allow":["GET"]}}],"collection":[{"href":"https:\/\/vzklaboratory.com\/hr\/wp-json\/wp\/v2\/product"}],"about":[{"href":"https:\/\/vzklaboratory.com\/hr\/wp-json\/wp\/v2\/types\/product"}],"replies":[{"embeddable":true,"href":"https:\/\/vzklaboratory.com\/hr\/wp-json\/wp\/v2\/comments?post=3888"}],"wp:featuredmedia":[{"embeddable":true,"href":"https:\/\/vzklaboratory.com\/hr\/wp-json\/wp\/v2\/media\/3877"}],"wp:attachment":[{"href":"https:\/\/vzklaboratory.com\/hr\/wp-json\/wp\/v2\/media?parent=3888"}],"wp:term":[{"taxonomy":"product_brand","embeddable":true,"href":"https:\/\/vzklaboratory.com\/hr\/wp-json\/wp\/v2\/product_brand?post=3888"},{"taxonomy":"product_cat","embeddable":true,"href":"https:\/\/vzklaboratory.com\/hr\/wp-json\/wp\/v2\/product_cat?post=3888"},{"taxonomy":"product_tag","embeddable":true,"href":"https:\/\/vzklaboratory.com\/hr\/wp-json\/wp\/v2\/product_tag?post=3888"}],"curies":[{"name":"wp","href":"https:\/\/api.w.org\/{rel}","templated":true}]}}