{"id":3864,"date":"2025-10-19T23:04:04","date_gmt":"2025-10-19T21:04:04","guid":{"rendered":"https:\/\/vzk.cubesdev.rs\/our-products\/uncategorized\/obnavljajuca-krema-za-podrucje-oko-ociju-sa-ceramidima\/"},"modified":"2025-10-27T14:00:22","modified_gmt":"2025-10-27T13:00:22","slug":"obnavljajuca-krema-za-podrucje-oko-ociju-sa-ceramidima","status":"publish","type":"product","link":"https:\/\/vzklaboratory.com\/hr\/na\u0161i-proizvodi\/potrebe-koze-2\/obnova-i-revitalizacija\/obnavljajuca-krema-za-podrucje-oko-ociju-sa-ceramidima\/","title":{"rendered":"OBNAVLJAJU\u0106A KREMA ZA PODRU\u010cJE OKO O\u010cIJU SA CERAMIDIMA"},"content":{"rendered":"<p>Krema za njegu ko\u017ee oko o\u010diju i o\u010dnih kapaka oboga\u0107ena visokokvalitetnim ceramidima, hidrira ko\u017eu, i pru\u017ea joj potrebnu podr\u0161ku za o\u010duvanje njenog prirodnog barijernog sloja, istovremeno ubla\u017eavaju\u0107i posljedice umora, stresa i starenja. Zahvaljuju\u0107i Amaretine\u00ae intenzivno njeguje ko\u017eu i poma\u017ee u borbi protiv iritacija i crvenila.<\/p>\n","protected":false},"excerpt":{"rendered":"<p>Krema za njegu ko\u017ee oko o\u010diju i o\u010dnih kapaka oboga\u0107ena visokokvalitetnim ceramidima, hidrira ko\u017eu, i pru\u017ea joj potrebnu podr\u0161ku za o\u010duvanje njenog prirodnog barijernog sloja, istovremeno ubla\u017eavaju\u0107i posljedice umora, stresa i starenja. Zahvaljuju\u0107i Amaretine\u00ae intenzivno njeguje ko\u017eu i poma\u017ee u borbi protiv iritacija i crvenila.<\/p>\n","protected":false},"featured_media":3817,"comment_status":"open","ping_status":"closed","template":"","meta":{"_acf_changed":false,"_seopress_robots_primary_cat":"none","_seopress_titles_title":"","_seopress_titles_desc":"","_seopress_robots_index":""},"product_brand":[],"product_cat":[239,405,210,211,212,214,216,231,234],"product_tag":[],"class_list":{"0":"post-3864","1":"product","2":"type-product","3":"status-publish","4":"has-post-thumbnail","6":"product_cat-obnova-i-revitalizacija","7":"product_cat-ceramidi","8":"product_cat-njega-koze","9":"product_cat-njega-lica","10":"product_cat-tipovi-koze","11":"product_cat-potrebe-koze-2","12":"product_cat-serija-proizvoda","13":"product_cat-suha-koza","14":"product_cat-osjetljiva-koza","16":"first","17":"instock","18":"shipping-taxable","19":"purchasable","20":"product-type-simple"},"acf":[],"_links":{"self":[{"href":"https:\/\/vzklaboratory.com\/hr\/wp-json\/wp\/v2\/product\/3864","targetHints":{"allow":["GET"]}}],"collection":[{"href":"https:\/\/vzklaboratory.com\/hr\/wp-json\/wp\/v2\/product"}],"about":[{"href":"https:\/\/vzklaboratory.com\/hr\/wp-json\/wp\/v2\/types\/product"}],"replies":[{"embeddable":true,"href":"https:\/\/vzklaboratory.com\/hr\/wp-json\/wp\/v2\/comments?post=3864"}],"wp:featuredmedia":[{"embeddable":true,"href":"https:\/\/vzklaboratory.com\/hr\/wp-json\/wp\/v2\/media\/3817"}],"wp:attachment":[{"href":"https:\/\/vzklaboratory.com\/hr\/wp-json\/wp\/v2\/media?parent=3864"}],"wp:term":[{"taxonomy":"product_brand","embeddable":true,"href":"https:\/\/vzklaboratory.com\/hr\/wp-json\/wp\/v2\/product_brand?post=3864"},{"taxonomy":"product_cat","embeddable":true,"href":"https:\/\/vzklaboratory.com\/hr\/wp-json\/wp\/v2\/product_cat?post=3864"},{"taxonomy":"product_tag","embeddable":true,"href":"https:\/\/vzklaboratory.com\/hr\/wp-json\/wp\/v2\/product_tag?post=3864"}],"curies":[{"name":"wp","href":"https:\/\/api.w.org\/{rel}","templated":true}]}}