{"id":3761,"date":"2025-10-19T23:03:31","date_gmt":"2025-10-19T21:03:31","guid":{"rendered":"https:\/\/vzk.cubesdev.rs\/our-products\/uncategorized\/pantenol-5-otopina\/"},"modified":"2025-10-27T14:02:31","modified_gmt":"2025-10-27T13:02:31","slug":"pantenol-5-otopina","status":"publish","type":"product","link":"https:\/\/vzklaboratory.com\/hr\/na\u0161i-proizvodi\/njega-koze\/kucna-ljekarna\/pantenol-5-otopina\/","title":{"rendered":"PANTENOL 5% OTOPINA"},"content":{"rendered":"<p>Sadr\u017ei pantenol koji je neophodan za oporavak ko\u017ee, sluznice, kose i noktiju.<\/p>\n<p>PREPORU\u010cUJE SE ZA:<br \/>\n&#8211; optimalnu hidrataciju ko\u017ee<br \/>\n&#8211; svakodnevnu njegu i za\u0161titu ko\u017ee<br \/>\n&#8211; smanjenje opadanja kose, kao i za pobolj\u0161anje stanja kose o\u0161te\u0107ene razli\u010ditim fizi\u010dkim i kemijskim faktorima (feniranje, bojanje, \u010de\u0161ljanje&#8230;)<br \/>\n&#8211; smanjenje iritacija nakon pretjeranog sun\u010danja, brijanja i depilacije<\/p>\n","protected":false},"excerpt":{"rendered":"<p>Sadr\u017ei pantenol koji je neophodan za oporavak ko\u017ee, sluznice, kose i noktiju. PREPORU\u010cUJE SE ZA: &#8211; optimalnu hidrataciju ko\u017ee &#8211; svakodnevnu njegu i za\u0161titu ko\u017ee &#8211; smanjenje opadanja kose, kao i za pobolj\u0161anje stanja kose o\u0161te\u0107ene razli\u010ditim fizi\u010dkim i kemijskim faktorima (feniranje, bojanje, \u010de\u0161ljanje&#8230;) &#8211; smanjenje iritacija nakon pretjeranog sun\u010danja, brijanja i depilacije<\/p>\n","protected":false},"featured_media":3756,"comment_status":"open","ping_status":"closed","template":"","meta":{"_acf_changed":false,"_seopress_robots_primary_cat":"none","_seopress_titles_title":"","_seopress_titles_desc":"","_seopress_robots_index":""},"product_brand":[],"product_cat":[212,214,216,349,402,210],"product_tag":[],"class_list":{"0":"post-3761","1":"product","2":"type-product","3":"status-publish","4":"has-post-thumbnail","6":"product_cat-tipovi-koze","7":"product_cat-potrebe-koze-2","8":"product_cat-serija-proizvoda","9":"product_cat-kucna-ljekarna","10":"product_cat-pantenol","11":"product_cat-njega-koze","13":"first","14":"instock","15":"shipping-taxable","16":"purchasable","17":"product-type-simple"},"acf":[],"_links":{"self":[{"href":"https:\/\/vzklaboratory.com\/hr\/wp-json\/wp\/v2\/product\/3761","targetHints":{"allow":["GET"]}}],"collection":[{"href":"https:\/\/vzklaboratory.com\/hr\/wp-json\/wp\/v2\/product"}],"about":[{"href":"https:\/\/vzklaboratory.com\/hr\/wp-json\/wp\/v2\/types\/product"}],"replies":[{"embeddable":true,"href":"https:\/\/vzklaboratory.com\/hr\/wp-json\/wp\/v2\/comments?post=3761"}],"wp:featuredmedia":[{"embeddable":true,"href":"https:\/\/vzklaboratory.com\/hr\/wp-json\/wp\/v2\/media\/3756"}],"wp:attachment":[{"href":"https:\/\/vzklaboratory.com\/hr\/wp-json\/wp\/v2\/media?parent=3761"}],"wp:term":[{"taxonomy":"product_brand","embeddable":true,"href":"https:\/\/vzklaboratory.com\/hr\/wp-json\/wp\/v2\/product_brand?post=3761"},{"taxonomy":"product_cat","embeddable":true,"href":"https:\/\/vzklaboratory.com\/hr\/wp-json\/wp\/v2\/product_cat?post=3761"},{"taxonomy":"product_tag","embeddable":true,"href":"https:\/\/vzklaboratory.com\/hr\/wp-json\/wp\/v2\/product_tag?post=3761"}],"curies":[{"name":"wp","href":"https:\/\/api.w.org\/{rel}","templated":true}]}}