{"id":3743,"date":"2025-10-19T23:03:13","date_gmt":"2025-10-19T21:03:13","guid":{"rendered":"https:\/\/vzk.cubesdev.rs\/our-products\/uncategorized\/pantenol-plus\/"},"modified":"2025-10-27T14:03:07","modified_gmt":"2025-10-27T13:03:07","slug":"pantenol-plus","status":"publish","type":"product","link":"https:\/\/vzklaboratory.com\/hr\/na\u0161i-proizvodi\/potrebe-koze-2\/osnovna-njega\/pantenol-plus\/","title":{"rendered":"PANTENOL PLUS"},"content":{"rendered":"<p>Nemasna formulacija sa visokim sadr\u017eajem pantenola, vitaminima A i E, shea maslacem i uljem jojobe njeguje, \u0161titi ko\u017eu i umanjuje iritacije. Lako se upija, \u010dine\u0107i ko\u017eu mekom i nje\u017enom.<\/p>\n","protected":false},"excerpt":{"rendered":"<p>Nemasna formulacija sa visokim sadr\u017eajem pantenola, vitaminima A i E, shea maslacem i uljem jojobe njeguje, \u0161titi ko\u017eu i umanjuje iritacije. Lako se upija, \u010dine\u0107i ko\u017eu mekom i nje\u017enom.<\/p>\n","protected":false},"featured_media":3720,"comment_status":"open","ping_status":"closed","template":"","meta":{"_acf_changed":false,"_seopress_robots_primary_cat":"none","_seopress_titles_title":"","_seopress_titles_desc":"","_seopress_robots_index":""},"product_brand":[],"product_cat":[215,216,349,351,402,210,212,214],"product_tag":[],"class_list":{"0":"post-3743","1":"product","2":"type-product","3":"status-publish","4":"has-post-thumbnail","6":"product_cat-osnovna-njega","7":"product_cat-serija-proizvoda","8":"product_cat-kucna-ljekarna","9":"product_cat-osnovna-hidratacija","10":"product_cat-pantenol","11":"product_cat-njega-koze","12":"product_cat-tipovi-koze","13":"product_cat-potrebe-koze-2","15":"first","16":"instock","17":"shipping-taxable","18":"purchasable","19":"product-type-simple"},"acf":[],"_links":{"self":[{"href":"https:\/\/vzklaboratory.com\/hr\/wp-json\/wp\/v2\/product\/3743","targetHints":{"allow":["GET"]}}],"collection":[{"href":"https:\/\/vzklaboratory.com\/hr\/wp-json\/wp\/v2\/product"}],"about":[{"href":"https:\/\/vzklaboratory.com\/hr\/wp-json\/wp\/v2\/types\/product"}],"replies":[{"embeddable":true,"href":"https:\/\/vzklaboratory.com\/hr\/wp-json\/wp\/v2\/comments?post=3743"}],"wp:featuredmedia":[{"embeddable":true,"href":"https:\/\/vzklaboratory.com\/hr\/wp-json\/wp\/v2\/media\/3720"}],"wp:attachment":[{"href":"https:\/\/vzklaboratory.com\/hr\/wp-json\/wp\/v2\/media?parent=3743"}],"wp:term":[{"taxonomy":"product_brand","embeddable":true,"href":"https:\/\/vzklaboratory.com\/hr\/wp-json\/wp\/v2\/product_brand?post=3743"},{"taxonomy":"product_cat","embeddable":true,"href":"https:\/\/vzklaboratory.com\/hr\/wp-json\/wp\/v2\/product_cat?post=3743"},{"taxonomy":"product_tag","embeddable":true,"href":"https:\/\/vzklaboratory.com\/hr\/wp-json\/wp\/v2\/product_tag?post=3743"}],"curies":[{"name":"wp","href":"https:\/\/api.w.org\/{rel}","templated":true}]}}