{"id":3714,"date":"2025-10-19T23:03:00","date_gmt":"2025-10-19T21:03:00","guid":{"rendered":"https:\/\/vzk.cubesdev.rs\/our-products\/uncategorized\/pantenol-mast\/"},"modified":"2025-10-27T14:03:34","modified_gmt":"2025-10-27T13:03:34","slug":"pantenol-mast","status":"publish","type":"product","link":"https:\/\/vzklaboratory.com\/hr\/na\u0161i-proizvodi\/potrebe-koze-2\/osnovna-njega\/pantenol-mast\/","title":{"rendered":"PANTENOL MAST"},"content":{"rendered":"<p>Formulacija sa pantenolom podr\u017eava zdravo ko\u017ee, umanjuje iritacije, njeguje ko\u017eu i pru\u017ea joj za\u0161titu.<\/p>\n","protected":false},"excerpt":{"rendered":"<p>Formulacija sa pantenolom podr\u017eava zdravo ko\u017ee, umanjuje iritacije, njeguje ko\u017eu i pru\u017ea joj za\u0161titu.<\/p>\n","protected":false},"featured_media":3703,"comment_status":"open","ping_status":"closed","template":"","meta":{"_acf_changed":false,"_seopress_robots_primary_cat":"none","_seopress_titles_title":"","_seopress_titles_desc":"","_seopress_robots_index":""},"product_brand":[],"product_cat":[215,216,231,234,349,351,402,210,212,214],"product_tag":[],"class_list":{"0":"post-3714","1":"product","2":"type-product","3":"status-publish","4":"has-post-thumbnail","6":"product_cat-osnovna-njega","7":"product_cat-serija-proizvoda","8":"product_cat-suha-koza","9":"product_cat-osjetljiva-koza","10":"product_cat-kucna-ljekarna","11":"product_cat-osnovna-hidratacija","12":"product_cat-pantenol","13":"product_cat-njega-koze","14":"product_cat-tipovi-koze","15":"product_cat-potrebe-koze-2","17":"first","18":"instock","19":"shipping-taxable","20":"purchasable","21":"product-type-simple"},"acf":[],"_links":{"self":[{"href":"https:\/\/vzklaboratory.com\/hr\/wp-json\/wp\/v2\/product\/3714","targetHints":{"allow":["GET"]}}],"collection":[{"href":"https:\/\/vzklaboratory.com\/hr\/wp-json\/wp\/v2\/product"}],"about":[{"href":"https:\/\/vzklaboratory.com\/hr\/wp-json\/wp\/v2\/types\/product"}],"replies":[{"embeddable":true,"href":"https:\/\/vzklaboratory.com\/hr\/wp-json\/wp\/v2\/comments?post=3714"}],"wp:featuredmedia":[{"embeddable":true,"href":"https:\/\/vzklaboratory.com\/hr\/wp-json\/wp\/v2\/media\/3703"}],"wp:attachment":[{"href":"https:\/\/vzklaboratory.com\/hr\/wp-json\/wp\/v2\/media?parent=3714"}],"wp:term":[{"taxonomy":"product_brand","embeddable":true,"href":"https:\/\/vzklaboratory.com\/hr\/wp-json\/wp\/v2\/product_brand?post=3714"},{"taxonomy":"product_cat","embeddable":true,"href":"https:\/\/vzklaboratory.com\/hr\/wp-json\/wp\/v2\/product_cat?post=3714"},{"taxonomy":"product_tag","embeddable":true,"href":"https:\/\/vzklaboratory.com\/hr\/wp-json\/wp\/v2\/product_tag?post=3714"}],"curies":[{"name":"wp","href":"https:\/\/api.w.org\/{rel}","templated":true}]}}