{"id":3690,"date":"2025-10-19T23:02:42","date_gmt":"2025-10-19T21:02:42","guid":{"rendered":"https:\/\/vzk.cubesdev.rs\/our-products\/uncategorized\/pantenol-gel-krema\/"},"modified":"2025-10-27T14:04:02","modified_gmt":"2025-10-27T13:04:02","slug":"pantenol-gel-krema","status":"publish","type":"product","link":"https:\/\/vzklaboratory.com\/hr\/na\u0161i-proizvodi\/serija-proizvoda\/osnovna-hidratacija\/pantenol-gel-krema\/","title":{"rendered":"PANTENOL GEL KREMA"},"content":{"rendered":"<p>Nemasna formulacija sa pantenolom i uljem jojobe podr\u017eava pravilno funkcioniranje zdrave ko\u017ee, umanjuje iritacije, njeguje ko\u017eu i pru\u017ea joj za\u0161titu. Lako se upija, \u010dine\u0107i ko\u017eu mekom i nje\u017enom.<\/p>\n","protected":false},"excerpt":{"rendered":"<p>Nemasna formulacija sa pantenolom i uljem jojobe podr\u017eava pravilno funkcioniranje zdrave ko\u017ee, umanjuje iritacije, njeguje ko\u017eu i pru\u017ea joj za\u0161titu. Lako se upija, \u010dine\u0107i ko\u017eu mekom i nje\u017enom.<\/p>\n","protected":false},"featured_media":3667,"comment_status":"open","ping_status":"closed","template":"","meta":{"_acf_changed":false,"_seopress_robots_primary_cat":"none","_seopress_titles_title":"","_seopress_titles_desc":"","_seopress_robots_index":""},"product_brand":[],"product_cat":[351,402,210,212,214,215,216,349],"product_tag":[],"class_list":{"0":"post-3690","1":"product","2":"type-product","3":"status-publish","4":"has-post-thumbnail","6":"product_cat-osnovna-hidratacija","7":"product_cat-pantenol","8":"product_cat-njega-koze","9":"product_cat-tipovi-koze","10":"product_cat-potrebe-koze-2","11":"product_cat-osnovna-njega","12":"product_cat-serija-proizvoda","13":"product_cat-kucna-ljekarna","15":"first","16":"instock","17":"shipping-taxable","18":"purchasable","19":"product-type-simple"},"acf":[],"_links":{"self":[{"href":"https:\/\/vzklaboratory.com\/hr\/wp-json\/wp\/v2\/product\/3690","targetHints":{"allow":["GET"]}}],"collection":[{"href":"https:\/\/vzklaboratory.com\/hr\/wp-json\/wp\/v2\/product"}],"about":[{"href":"https:\/\/vzklaboratory.com\/hr\/wp-json\/wp\/v2\/types\/product"}],"replies":[{"embeddable":true,"href":"https:\/\/vzklaboratory.com\/hr\/wp-json\/wp\/v2\/comments?post=3690"}],"wp:featuredmedia":[{"embeddable":true,"href":"https:\/\/vzklaboratory.com\/hr\/wp-json\/wp\/v2\/media\/3667"}],"wp:attachment":[{"href":"https:\/\/vzklaboratory.com\/hr\/wp-json\/wp\/v2\/media?parent=3690"}],"wp:term":[{"taxonomy":"product_brand","embeddable":true,"href":"https:\/\/vzklaboratory.com\/hr\/wp-json\/wp\/v2\/product_brand?post=3690"},{"taxonomy":"product_cat","embeddable":true,"href":"https:\/\/vzklaboratory.com\/hr\/wp-json\/wp\/v2\/product_cat?post=3690"},{"taxonomy":"product_tag","embeddable":true,"href":"https:\/\/vzklaboratory.com\/hr\/wp-json\/wp\/v2\/product_tag?post=3690"}],"curies":[{"name":"wp","href":"https:\/\/api.w.org\/{rel}","templated":true}]}}