{"id":3661,"date":"2025-10-19T23:02:33","date_gmt":"2025-10-19T21:02:33","guid":{"rendered":"https:\/\/vzk.cubesdev.rs\/our-products\/uncategorized\/nocna-krema-za-lice-sa-retinolom\/"},"modified":"2025-10-27T14:04:27","modified_gmt":"2025-10-27T13:04:27","slug":"nocna-krema-za-lice-sa-retinolom","status":"publish","type":"product","link":"https:\/\/vzklaboratory.com\/hr\/na\u0161i-proizvodi\/tipovi-koze\/normalna-koza-tipovi-koze\/nocna-krema-za-lice-sa-retinolom\/","title":{"rendered":"NO\u0106NA KREMA ZA LICE SA RETINOLOM"},"content":{"rendered":"<p>Formulacija oboga\u0107ena mje\u0161avinom ulja jojobe, pantenola i uree intenzivno hidrira ko\u017eu lica tijekom no\u0107i. Blagotvorno djelovanje vitamina A i E dodatno doprinosi umanjenju vidljivih znakova umora, daju\u0107i blistav i osvje\u017een ten tijekom dana.<\/p>\n","protected":false},"excerpt":{"rendered":"<p>Formulacija oboga\u0107ena mje\u0161avinom ulja jojobe, pantenola i uree intenzivno hidrira ko\u017eu lica tijekom no\u0107i. Blagotvorno djelovanje vitamina A i E dodatno doprinosi umanjenju vidljivih znakova umora, daju\u0107i blistav i osvje\u017een ten tijekom dana.<\/p>\n","protected":false},"featured_media":3650,"comment_status":"open","ping_status":"closed","template":"","meta":{"_acf_changed":false,"_seopress_robots_primary_cat":"none","_seopress_titles_title":"","_seopress_titles_desc":"","_seopress_robots_index":""},"product_brand":[],"product_cat":[213,214,216,220,225,236,353,210,211,212],"product_tag":[],"class_list":{"0":"post-3661","1":"product","2":"type-product","3":"status-publish","4":"has-post-thumbnail","6":"product_cat-normalna-koza-tipovi-koze","7":"product_cat-potrebe-koze-2","8":"product_cat-serija-proizvoda","9":"product_cat-hidratacija-potrebe-koze-2","10":"product_cat-protiv-bora-potrebe-koze-2","11":"product_cat-svi-tipovi-koze-tipovi-koze","12":"product_cat-retinol-serija-proizvoda","13":"product_cat-njega-koze","14":"product_cat-njega-lica","15":"product_cat-tipovi-koze","17":"first","18":"instock","19":"shipping-taxable","20":"purchasable","21":"product-type-simple"},"acf":[],"_links":{"self":[{"href":"https:\/\/vzklaboratory.com\/hr\/wp-json\/wp\/v2\/product\/3661","targetHints":{"allow":["GET"]}}],"collection":[{"href":"https:\/\/vzklaboratory.com\/hr\/wp-json\/wp\/v2\/product"}],"about":[{"href":"https:\/\/vzklaboratory.com\/hr\/wp-json\/wp\/v2\/types\/product"}],"replies":[{"embeddable":true,"href":"https:\/\/vzklaboratory.com\/hr\/wp-json\/wp\/v2\/comments?post=3661"}],"wp:featuredmedia":[{"embeddable":true,"href":"https:\/\/vzklaboratory.com\/hr\/wp-json\/wp\/v2\/media\/3650"}],"wp:attachment":[{"href":"https:\/\/vzklaboratory.com\/hr\/wp-json\/wp\/v2\/media?parent=3661"}],"wp:term":[{"taxonomy":"product_brand","embeddable":true,"href":"https:\/\/vzklaboratory.com\/hr\/wp-json\/wp\/v2\/product_brand?post=3661"},{"taxonomy":"product_cat","embeddable":true,"href":"https:\/\/vzklaboratory.com\/hr\/wp-json\/wp\/v2\/product_cat?post=3661"},{"taxonomy":"product_tag","embeddable":true,"href":"https:\/\/vzklaboratory.com\/hr\/wp-json\/wp\/v2\/product_tag?post=3661"}],"curies":[{"name":"wp","href":"https:\/\/api.w.org\/{rel}","templated":true}]}}