{"id":3643,"date":"2025-10-19T23:02:27","date_gmt":"2025-10-19T21:02:27","guid":{"rendered":"https:\/\/vzk.cubesdev.rs\/our-products\/uncategorized\/gel-za-umivanje-lica-sa-niacinamidom\/"},"modified":"2025-10-27T14:04:51","modified_gmt":"2025-10-27T13:04:51","slug":"gel-za-umivanje-lica-sa-niacinamidom","status":"publish","type":"product","link":"https:\/\/vzklaboratory.com\/hr\/na\u0161i-proizvodi\/potrebe-koze-2\/ujednacite-ten-i-teksturu-koze\/gel-za-umivanje-lica-sa-niacinamidom\/","title":{"rendered":"GEL ZA UMIVANJE LICA SA NIACINAMIDOM"},"content":{"rendered":"<p>Gel za umivanje lica sa niacinamidom (vitaminom B3) u\u010dinkovito uklanja vi\u0161ak sebuma, ne\u010disto\u0107e i \u0161minke. Sadr\u017ei niacinamid koji poma\u017ee kod regulacije proizvodnje sebuma, doprinosi ujedna\u010davanju tena i smanjenju crvenila, dok dodatak glicerina hidrira ko\u017eu, i pru\u017ea joj osje\u0107aj meko\u0107e, smanjuju\u0107i neugodan osje\u0107aj zatezanja nakon \u010di\u0161\u0107enja. Pogodan za svakodnevno \u010di\u0161\u0107enje svih tipova ko\u017ee, a posebno ko\u017ee sklone nepravilnostima i flekama.<\/p>\n","protected":false},"excerpt":{"rendered":"<p>Gel za umivanje lica sa niacinamidom (vitaminom B3) u\u010dinkovito uklanja vi\u0161ak sebuma, ne\u010disto\u0107e i \u0161minke. Sadr\u017ei niacinamid koji poma\u017ee kod regulacije proizvodnje sebuma, doprinosi ujedna\u010davanju tena i smanjenju crvenila, dok dodatak glicerina hidrira ko\u017eu, i pru\u017ea joj osje\u0107aj meko\u0107e, smanjuju\u0107i neugodan osje\u0107aj zatezanja nakon \u010di\u0161\u0107enja. Pogodan za svakodnevno \u010di\u0161\u0107enje svih tipova ko\u017ee, a posebno ko\u017ee [&hellip;]<\/p>\n","protected":false},"featured_media":3638,"comment_status":"open","ping_status":"closed","template":"","meta":{"_acf_changed":false,"_seopress_robots_primary_cat":"none","_seopress_titles_title":"","_seopress_titles_desc":"","_seopress_robots_index":""},"product_brand":[],"product_cat":[235,236,237,210,380,211,403,212,213,214,216,220,228],"product_tag":[],"class_list":{"0":"post-3643","1":"product","2":"type-product","3":"status-publish","4":"has-post-thumbnail","6":"product_cat-ujednacite-ten-i-teksturu-koze","7":"product_cat-svi-tipovi-koze-tipovi-koze","8":"product_cat-kontrola-svjetline","9":"product_cat-njega-koze","10":"product_cat-ciscenje-lica-hr","11":"product_cat-njega-lica","12":"product_cat-niacinamid","13":"product_cat-tipovi-koze","14":"product_cat-normalna-koza-tipovi-koze","15":"product_cat-potrebe-koze-2","16":"product_cat-serija-proizvoda","17":"product_cat-hidratacija-potrebe-koze-2","18":"product_cat-kombinirana-koza","20":"first","21":"instock","22":"shipping-taxable","23":"purchasable","24":"product-type-simple"},"acf":[],"_links":{"self":[{"href":"https:\/\/vzklaboratory.com\/hr\/wp-json\/wp\/v2\/product\/3643","targetHints":{"allow":["GET"]}}],"collection":[{"href":"https:\/\/vzklaboratory.com\/hr\/wp-json\/wp\/v2\/product"}],"about":[{"href":"https:\/\/vzklaboratory.com\/hr\/wp-json\/wp\/v2\/types\/product"}],"replies":[{"embeddable":true,"href":"https:\/\/vzklaboratory.com\/hr\/wp-json\/wp\/v2\/comments?post=3643"}],"wp:featuredmedia":[{"embeddable":true,"href":"https:\/\/vzklaboratory.com\/hr\/wp-json\/wp\/v2\/media\/3638"}],"wp:attachment":[{"href":"https:\/\/vzklaboratory.com\/hr\/wp-json\/wp\/v2\/media?parent=3643"}],"wp:term":[{"taxonomy":"product_brand","embeddable":true,"href":"https:\/\/vzklaboratory.com\/hr\/wp-json\/wp\/v2\/product_brand?post=3643"},{"taxonomy":"product_cat","embeddable":true,"href":"https:\/\/vzklaboratory.com\/hr\/wp-json\/wp\/v2\/product_cat?post=3643"},{"taxonomy":"product_tag","embeddable":true,"href":"https:\/\/vzklaboratory.com\/hr\/wp-json\/wp\/v2\/product_tag?post=3643"}],"curies":[{"name":"wp","href":"https:\/\/api.w.org\/{rel}","templated":true}]}}