{"id":3613,"date":"2025-10-19T23:02:13","date_gmt":"2025-10-19T21:02:13","guid":{"rendered":"https:\/\/vzk.cubesdev.rs\/our-products\/uncategorized\/losion-za-lice-sa-niacinamidom\/"},"modified":"2025-10-27T14:05:46","modified_gmt":"2025-10-27T13:05:46","slug":"losion-za-lice-sa-niacinamidom","status":"publish","type":"product","link":"https:\/\/vzklaboratory.com\/hr\/na\u0161i-proizvodi\/tipovi-koze\/kombinirana-koza\/losion-za-lice-sa-niacinamidom\/","title":{"rendered":"LOSION ZA LICE SA NIACINAMIDOM"},"content":{"rendered":"<p>Losion za lice sa niacinamidom (vitaminom B3) temeljno i nje\u017eno \u010disti ko\u017eu lica, daju\u0107i joj sjaj i energiju. Sadr\u017ei niacinamid koji doprinosi ujedna\u010davanju tena i smanjenju crvenila. Zahvaljuju\u0107i blagim svojstvima ne iritira ko\u017eu i \u0161titi je od isu\u0161ivanja. Pogodan za svakodnevno \u010di\u0161\u0107enje svih tipova ko\u017ee, a posebno ko\u017ee sklone nepravilnostima i flekama.<\/p>\n","protected":false},"excerpt":{"rendered":"<p>Losion za lice sa niacinamidom (vitaminom B3) temeljno i nje\u017eno \u010disti ko\u017eu lica, daju\u0107i joj sjaj i energiju. Sadr\u017ei niacinamid koji doprinosi ujedna\u010davanju tena i smanjenju crvenila. Zahvaljuju\u0107i blagim svojstvima ne iritira ko\u017eu i \u0161titi je od isu\u0161ivanja. Pogodan za svakodnevno \u010di\u0161\u0107enje svih tipova ko\u017ee, a posebno ko\u017ee sklone nepravilnostima i flekama.<\/p>\n","protected":false},"featured_media":3608,"comment_status":"open","ping_status":"closed","template":"","meta":{"_acf_changed":false,"_seopress_robots_primary_cat":"none","_seopress_titles_title":"","_seopress_titles_desc":"","_seopress_robots_index":""},"product_brand":[],"product_cat":[228,235,236,237,210,380,211,403,212,213,214,216,220],"product_tag":[],"class_list":{"0":"post-3613","1":"product","2":"type-product","3":"status-publish","4":"has-post-thumbnail","6":"product_cat-kombinirana-koza","7":"product_cat-ujednacite-ten-i-teksturu-koze","8":"product_cat-svi-tipovi-koze-tipovi-koze","9":"product_cat-kontrola-svjetline","10":"product_cat-njega-koze","11":"product_cat-ciscenje-lica-hr","12":"product_cat-njega-lica","13":"product_cat-niacinamid","14":"product_cat-tipovi-koze","15":"product_cat-normalna-koza-tipovi-koze","16":"product_cat-potrebe-koze-2","17":"product_cat-serija-proizvoda","18":"product_cat-hidratacija-potrebe-koze-2","20":"first","21":"instock","22":"shipping-taxable","23":"purchasable","24":"product-type-simple"},"acf":[],"_links":{"self":[{"href":"https:\/\/vzklaboratory.com\/hr\/wp-json\/wp\/v2\/product\/3613","targetHints":{"allow":["GET"]}}],"collection":[{"href":"https:\/\/vzklaboratory.com\/hr\/wp-json\/wp\/v2\/product"}],"about":[{"href":"https:\/\/vzklaboratory.com\/hr\/wp-json\/wp\/v2\/types\/product"}],"replies":[{"embeddable":true,"href":"https:\/\/vzklaboratory.com\/hr\/wp-json\/wp\/v2\/comments?post=3613"}],"wp:featuredmedia":[{"embeddable":true,"href":"https:\/\/vzklaboratory.com\/hr\/wp-json\/wp\/v2\/media\/3608"}],"wp:attachment":[{"href":"https:\/\/vzklaboratory.com\/hr\/wp-json\/wp\/v2\/media?parent=3613"}],"wp:term":[{"taxonomy":"product_brand","embeddable":true,"href":"https:\/\/vzklaboratory.com\/hr\/wp-json\/wp\/v2\/product_brand?post=3613"},{"taxonomy":"product_cat","embeddable":true,"href":"https:\/\/vzklaboratory.com\/hr\/wp-json\/wp\/v2\/product_cat?post=3613"},{"taxonomy":"product_tag","embeddable":true,"href":"https:\/\/vzklaboratory.com\/hr\/wp-json\/wp\/v2\/product_tag?post=3613"}],"curies":[{"name":"wp","href":"https:\/\/api.w.org\/{rel}","templated":true}]}}