{"id":3601,"date":"2025-10-19T23:02:04","date_gmt":"2025-10-19T21:02:04","guid":{"rendered":"https:\/\/vzk.cubesdev.rs\/our-products\/uncategorized\/krema-za-lice-sa-niacinamidom\/"},"modified":"2025-10-27T14:06:11","modified_gmt":"2025-10-27T13:06:11","slug":"krema-za-lice-sa-niacinamidom","status":"publish","type":"product","link":"https:\/\/vzklaboratory.com\/hr\/na\u0161i-proizvodi\/potrebe-koze-2\/kontrola-svjetline\/krema-za-lice-sa-niacinamidom\/","title":{"rendered":"KREMA ZA LICE SA NIACINAMIDOM"},"content":{"rendered":"<p>Krema za lice sa niacinamidom (vitaminom B3) pru\u017ea sveobuhvatan pristup njezi ko\u017ee, istovremeno doprinose\u0107i hidrataciji i pobolj\u0161anju njenog tonusa. Sadr\u017ei 10% niacinamida koji smanjuje crvenilo, ujedna\u010dava ton ko\u017ee i poma\u017ee kod regulacije proizvodnje sebuma. Dodatak hijaluronske kiseline ubla\u017eava izgled postoje\u0107ih bora, dok jojoba ulje njeguje i \u0161titi ko\u017eu lica od negativnih vanjskih utjecaja.<\/p>\n","protected":false},"excerpt":{"rendered":"<p>Krema za lice sa niacinamidom (vitaminom B3) pru\u017ea sveobuhvatan pristup njezi ko\u017ee, istovremeno doprinose\u0107i hidrataciji i pobolj\u0161anju njenog tonusa. Sadr\u017ei 10% niacinamida koji smanjuje crvenilo, ujedna\u010dava ton ko\u017ee i poma\u017ee kod regulacije proizvodnje sebuma. Dodatak hijaluronske kiseline ubla\u017eava izgled postoje\u0107ih bora, dok jojoba ulje njeguje i \u0161titi ko\u017eu lica od negativnih vanjskih utjecaja.<\/p>\n","protected":false},"featured_media":3590,"comment_status":"open","ping_status":"closed","template":"","meta":{"_acf_changed":false,"_seopress_robots_primary_cat":"none","_seopress_titles_title":"","_seopress_titles_desc":"","_seopress_robots_index":""},"product_brand":[],"product_cat":[237,210,403,211,212,213,214,216,220,228,235,236],"product_tag":[],"class_list":{"0":"post-3601","1":"product","2":"type-product","3":"status-publish","4":"has-post-thumbnail","6":"product_cat-kontrola-svjetline","7":"product_cat-njega-koze","8":"product_cat-niacinamid","9":"product_cat-njega-lica","10":"product_cat-tipovi-koze","11":"product_cat-normalna-koza-tipovi-koze","12":"product_cat-potrebe-koze-2","13":"product_cat-serija-proizvoda","14":"product_cat-hidratacija-potrebe-koze-2","15":"product_cat-kombinirana-koza","16":"product_cat-ujednacite-ten-i-teksturu-koze","17":"product_cat-svi-tipovi-koze-tipovi-koze","19":"first","20":"instock","21":"shipping-taxable","22":"purchasable","23":"product-type-simple"},"acf":[],"_links":{"self":[{"href":"https:\/\/vzklaboratory.com\/hr\/wp-json\/wp\/v2\/product\/3601","targetHints":{"allow":["GET"]}}],"collection":[{"href":"https:\/\/vzklaboratory.com\/hr\/wp-json\/wp\/v2\/product"}],"about":[{"href":"https:\/\/vzklaboratory.com\/hr\/wp-json\/wp\/v2\/types\/product"}],"replies":[{"embeddable":true,"href":"https:\/\/vzklaboratory.com\/hr\/wp-json\/wp\/v2\/comments?post=3601"}],"wp:featuredmedia":[{"embeddable":true,"href":"https:\/\/vzklaboratory.com\/hr\/wp-json\/wp\/v2\/media\/3590"}],"wp:attachment":[{"href":"https:\/\/vzklaboratory.com\/hr\/wp-json\/wp\/v2\/media?parent=3601"}],"wp:term":[{"taxonomy":"product_brand","embeddable":true,"href":"https:\/\/vzklaboratory.com\/hr\/wp-json\/wp\/v2\/product_brand?post=3601"},{"taxonomy":"product_cat","embeddable":true,"href":"https:\/\/vzklaboratory.com\/hr\/wp-json\/wp\/v2\/product_cat?post=3601"},{"taxonomy":"product_tag","embeddable":true,"href":"https:\/\/vzklaboratory.com\/hr\/wp-json\/wp\/v2\/product_tag?post=3601"}],"curies":[{"name":"wp","href":"https:\/\/api.w.org\/{rel}","templated":true}]}}