{"id":3563,"date":"2025-10-19T23:01:49","date_gmt":"2025-10-19T21:01:49","guid":{"rendered":"https:\/\/vzk.cubesdev.rs\/our-products\/uncategorized\/mlijeko-za-ciscenje-lica\/"},"modified":"2025-10-27T14:06:35","modified_gmt":"2025-10-27T13:06:35","slug":"mlijeko-za-ciscenje-lica","status":"publish","type":"product","link":"https:\/\/vzklaboratory.com\/hr\/na\u0161i-proizvodi\/njega-koze\/njega-lica\/mlijeko-za-ciscenje-lica\/","title":{"rendered":"MLIJEKO ZA \u010cI\u0160\u0106ENJE LICA"},"content":{"rendered":"<p>Mlijeko na bazi visoko pro\u010di\u0161\u0107enih ulja mineralnog porijekla uz dodatak supstanci sa hidratantnim svojstvima, u\u010dinkovito uklanja \u0161minku i ne\u010disto\u0107e sa povr\u0161ine lica, ne remete\u0107i njen prirodni hidrolipidni balans.<\/p>\n","protected":false},"excerpt":{"rendered":"<p>Mlijeko na bazi visoko pro\u010di\u0161\u0107enih ulja mineralnog porijekla uz dodatak supstanci sa hidratantnim svojstvima, u\u010dinkovito uklanja \u0161minku i ne\u010disto\u0107e sa povr\u0161ine lica, ne remete\u0107i njen prirodni hidrolipidni balans.<\/p>\n","protected":false},"featured_media":3558,"comment_status":"open","ping_status":"closed","template":"","meta":{"_acf_changed":false,"_seopress_robots_primary_cat":"none","_seopress_titles_title":"","_seopress_titles_desc":"","_seopress_robots_index":""},"product_brand":[],"product_cat":[210,211,212,214,215,216,351,380],"product_tag":[],"class_list":{"0":"post-3563","1":"product","2":"type-product","3":"status-publish","4":"has-post-thumbnail","6":"product_cat-njega-koze","7":"product_cat-njega-lica","8":"product_cat-tipovi-koze","9":"product_cat-potrebe-koze-2","10":"product_cat-osnovna-njega","11":"product_cat-serija-proizvoda","12":"product_cat-osnovna-hidratacija","13":"product_cat-ciscenje-lica-hr","15":"first","16":"instock","17":"shipping-taxable","18":"purchasable","19":"product-type-simple"},"acf":[],"_links":{"self":[{"href":"https:\/\/vzklaboratory.com\/hr\/wp-json\/wp\/v2\/product\/3563","targetHints":{"allow":["GET"]}}],"collection":[{"href":"https:\/\/vzklaboratory.com\/hr\/wp-json\/wp\/v2\/product"}],"about":[{"href":"https:\/\/vzklaboratory.com\/hr\/wp-json\/wp\/v2\/types\/product"}],"replies":[{"embeddable":true,"href":"https:\/\/vzklaboratory.com\/hr\/wp-json\/wp\/v2\/comments?post=3563"}],"wp:featuredmedia":[{"embeddable":true,"href":"https:\/\/vzklaboratory.com\/hr\/wp-json\/wp\/v2\/media\/3558"}],"wp:attachment":[{"href":"https:\/\/vzklaboratory.com\/hr\/wp-json\/wp\/v2\/media?parent=3563"}],"wp:term":[{"taxonomy":"product_brand","embeddable":true,"href":"https:\/\/vzklaboratory.com\/hr\/wp-json\/wp\/v2\/product_brand?post=3563"},{"taxonomy":"product_cat","embeddable":true,"href":"https:\/\/vzklaboratory.com\/hr\/wp-json\/wp\/v2\/product_cat?post=3563"},{"taxonomy":"product_tag","embeddable":true,"href":"https:\/\/vzklaboratory.com\/hr\/wp-json\/wp\/v2\/product_tag?post=3563"}],"curies":[{"name":"wp","href":"https:\/\/api.w.org\/{rel}","templated":true}]}}