{"id":3552,"date":"2025-10-19T23:01:44","date_gmt":"2025-10-19T21:01:44","guid":{"rendered":"https:\/\/vzk.cubesdev.rs\/our-products\/uncategorized\/mineralna-krema-za-zastitu-od-sunca-spf-50\/"},"modified":"2025-10-27T14:07:11","modified_gmt":"2025-10-27T13:07:11","slug":"mineralna-krema-za-zastitu-od-sunca-spf-50","status":"publish","type":"product","link":"https:\/\/vzklaboratory.com\/hr\/na\u0161i-proizvodi\/njega-koze\/zastita-od-sunca-njega-koze\/mineralna-krema-za-zastitu-od-sunca-spf-50\/","title":{"rendered":"MINERALNA KREMA ZA ZA\u0160TITU OD SUNCA SPF 50+"},"content":{"rendered":"<p>Formulacija sa mineralnim filterima, namijenjena osjetljivoj ko\u017ei, omogu\u0107ava visoku toleranciju i optimalnu za\u0161titu od \u0161tetnih sun\u010devih zraka. Sadr\u017ei za\u0161titni faktor SPF 50+, koji \u0161titi ko\u017eu od preranog starenja, izazvanog \u0161tetnim sun\u010devim zrakama, kao i glicerin i jojoba ulje koji je intenzivno njeguju i hidriraju. Posebno pogodna za ko\u017eu netolerantnu na kemijske faktore za\u0161tite i parfeme.<\/p>\n","protected":false},"excerpt":{"rendered":"<p>Formulacija sa mineralnim filterima, namijenjena osjetljivoj ko\u017ei, omogu\u0107ava visoku toleranciju i optimalnu za\u0161titu od \u0161tetnih sun\u010devih zraka. Sadr\u017ei za\u0161titni faktor SPF 50+, koji \u0161titi ko\u017eu od preranog starenja, izazvanog \u0161tetnim sun\u010devim zrakama, kao i glicerin i jojoba ulje koji je intenzivno njeguju i hidriraju. Posebno pogodna za ko\u017eu netolerantnu na kemijske faktore za\u0161tite i parfeme.<\/p>\n","protected":false},"featured_media":3547,"comment_status":"open","ping_status":"closed","template":"","meta":{"_acf_changed":false,"_seopress_robots_primary_cat":"none","_seopress_titles_title":"","_seopress_titles_desc":"","_seopress_robots_index":""},"product_brand":[],"product_cat":[210,212,214,216,227,240,406],"product_tag":[],"class_list":{"0":"post-3552","1":"product","2":"type-product","3":"status-publish","4":"has-post-thumbnail","6":"product_cat-njega-koze","7":"product_cat-tipovi-koze","8":"product_cat-potrebe-koze-2","9":"product_cat-serija-proizvoda","10":"product_cat-zastita-od-sunca-njega-koze","11":"product_cat-spf-zastita-potrebe-koze-2","12":"product_cat-sun-care-program-hr","14":"first","15":"instock","16":"shipping-taxable","17":"purchasable","18":"product-type-simple"},"acf":[],"_links":{"self":[{"href":"https:\/\/vzklaboratory.com\/hr\/wp-json\/wp\/v2\/product\/3552","targetHints":{"allow":["GET"]}}],"collection":[{"href":"https:\/\/vzklaboratory.com\/hr\/wp-json\/wp\/v2\/product"}],"about":[{"href":"https:\/\/vzklaboratory.com\/hr\/wp-json\/wp\/v2\/types\/product"}],"replies":[{"embeddable":true,"href":"https:\/\/vzklaboratory.com\/hr\/wp-json\/wp\/v2\/comments?post=3552"}],"wp:featuredmedia":[{"embeddable":true,"href":"https:\/\/vzklaboratory.com\/hr\/wp-json\/wp\/v2\/media\/3547"}],"wp:attachment":[{"href":"https:\/\/vzklaboratory.com\/hr\/wp-json\/wp\/v2\/media?parent=3552"}],"wp:term":[{"taxonomy":"product_brand","embeddable":true,"href":"https:\/\/vzklaboratory.com\/hr\/wp-json\/wp\/v2\/product_brand?post=3552"},{"taxonomy":"product_cat","embeddable":true,"href":"https:\/\/vzklaboratory.com\/hr\/wp-json\/wp\/v2\/product_cat?post=3552"},{"taxonomy":"product_tag","embeddable":true,"href":"https:\/\/vzklaboratory.com\/hr\/wp-json\/wp\/v2\/product_tag?post=3552"}],"curies":[{"name":"wp","href":"https:\/\/api.w.org\/{rel}","templated":true}]}}