{"id":3540,"date":"2025-10-19T23:01:39","date_gmt":"2025-10-19T21:01:39","guid":{"rendered":"https:\/\/vzk.cubesdev.rs\/our-products\/uncategorized\/3-u-1-micelarni-gel-za-umivanje\/"},"modified":"2025-10-27T14:07:36","modified_gmt":"2025-10-27T13:07:36","slug":"3-u-1-micelarni-gel-za-umivanje","status":"publish","type":"product","link":"https:\/\/vzklaboratory.com\/hr\/na\u0161i-proizvodi\/serija-proizvoda\/osnovna-hidratacija\/3-u-1-micelarni-gel-za-umivanje\/","title":{"rendered":"3 U 1 MICELARNI GEL ZA UMIVANJE"},"content":{"rendered":"<p>Formuliran kao 3 u 1 proizvod namijenjen svim tipovima ko\u017ee. U\u010dinkovito sredstvo za \u010di\u0161\u0107enje ko\u017ee lica, skidanje \u0161minke i umiruju\u0107i tonik, na bazi ekstrakta krastavca koji umiruje ko\u017eu i umanjuje osje\u0107aj zatezanja. Nje\u017eno uklanja masno\u0107u, ne\u010disto\u0107e i ostatke \u0161minke sa lica, bez pretjeranog isu\u0161ivanja.<\/p>\n","protected":false},"excerpt":{"rendered":"<p>Formuliran kao 3 u 1 proizvod namijenjen svim tipovima ko\u017ee. U\u010dinkovito sredstvo za \u010di\u0161\u0107enje ko\u017ee lica, skidanje \u0161minke i umiruju\u0107i tonik, na bazi ekstrakta krastavca koji umiruje ko\u017eu i umanjuje osje\u0107aj zatezanja. Nje\u017eno uklanja masno\u0107u, ne\u010disto\u0107e i ostatke \u0161minke sa lica, bez pretjeranog isu\u0161ivanja.<\/p>\n","protected":false},"featured_media":6772,"comment_status":"open","ping_status":"closed","template":"","meta":{"_acf_changed":false,"_seopress_robots_primary_cat":"none","_seopress_titles_title":"","_seopress_titles_desc":"","_seopress_robots_index":""},"product_brand":[],"product_cat":[216,351,380,210,211,212,214,215],"product_tag":[],"class_list":{"0":"post-3540","1":"product","2":"type-product","3":"status-publish","4":"has-post-thumbnail","6":"product_cat-serija-proizvoda","7":"product_cat-osnovna-hidratacija","8":"product_cat-ciscenje-lica-hr","9":"product_cat-njega-koze","10":"product_cat-njega-lica","11":"product_cat-tipovi-koze","12":"product_cat-potrebe-koze-2","13":"product_cat-osnovna-njega","15":"first","16":"instock","17":"shipping-taxable","18":"purchasable","19":"product-type-simple"},"acf":[],"_links":{"self":[{"href":"https:\/\/vzklaboratory.com\/hr\/wp-json\/wp\/v2\/product\/3540","targetHints":{"allow":["GET"]}}],"collection":[{"href":"https:\/\/vzklaboratory.com\/hr\/wp-json\/wp\/v2\/product"}],"about":[{"href":"https:\/\/vzklaboratory.com\/hr\/wp-json\/wp\/v2\/types\/product"}],"replies":[{"embeddable":true,"href":"https:\/\/vzklaboratory.com\/hr\/wp-json\/wp\/v2\/comments?post=3540"}],"wp:featuredmedia":[{"embeddable":true,"href":"https:\/\/vzklaboratory.com\/hr\/wp-json\/wp\/v2\/media\/6772"}],"wp:attachment":[{"href":"https:\/\/vzklaboratory.com\/hr\/wp-json\/wp\/v2\/media?parent=3540"}],"wp:term":[{"taxonomy":"product_brand","embeddable":true,"href":"https:\/\/vzklaboratory.com\/hr\/wp-json\/wp\/v2\/product_brand?post=3540"},{"taxonomy":"product_cat","embeddable":true,"href":"https:\/\/vzklaboratory.com\/hr\/wp-json\/wp\/v2\/product_cat?post=3540"},{"taxonomy":"product_tag","embeddable":true,"href":"https:\/\/vzklaboratory.com\/hr\/wp-json\/wp\/v2\/product_tag?post=3540"}],"curies":[{"name":"wp","href":"https:\/\/api.w.org\/{rel}","templated":true}]}}