{"id":3529,"date":"2025-10-19T23:01:30","date_gmt":"2025-10-19T21:01:30","guid":{"rendered":"https:\/\/vzk.cubesdev.rs\/our-products\/uncategorized\/micelarna-voda\/"},"modified":"2025-10-27T14:08:01","modified_gmt":"2025-10-27T13:08:01","slug":"micelarna-voda-2","status":"publish","type":"product","link":"https:\/\/vzklaboratory.com\/hr\/na\u0161i-proizvodi\/serija-proizvoda\/osnovna-hidratacija\/micelarna-voda-2\/","title":{"rendered":"MICELARNA VODA"},"content":{"rendered":"<p>Efikasno sredstvo za \u010di\u0161\u0107enje ko\u017ee lica. Nje\u017eno uklanja masno\u0107u, ostatke \u0161minke i ne\u010disto\u0107e bez pretjeranog isu\u0161ivanja ko\u017ee. Umiruje i hidrira ko\u017eu. Pogodno za sve tipove ko\u017ee.<\/p>\n","protected":false},"excerpt":{"rendered":"<p>Efikasno sredstvo za \u010di\u0161\u0107enje ko\u017ee lica. Nje\u017eno uklanja masno\u0107u, ostatke \u0161minke i ne\u010disto\u0107e bez pretjeranog isu\u0161ivanja ko\u017ee. Umiruje i hidrira ko\u017eu. Pogodno za sve tipove ko\u017ee.<\/p>\n","protected":false},"featured_media":3518,"comment_status":"open","ping_status":"closed","template":"","meta":{"_acf_changed":false,"_seopress_robots_primary_cat":"none","_seopress_titles_title":"","_seopress_titles_desc":"","_seopress_robots_index":""},"product_brand":[],"product_cat":[216,351,380,210,211,212,214,215],"product_tag":[],"class_list":{"0":"post-3529","1":"product","2":"type-product","3":"status-publish","4":"has-post-thumbnail","6":"product_cat-serija-proizvoda","7":"product_cat-osnovna-hidratacija","8":"product_cat-ciscenje-lica-hr","9":"product_cat-njega-koze","10":"product_cat-njega-lica","11":"product_cat-tipovi-koze","12":"product_cat-potrebe-koze-2","13":"product_cat-osnovna-njega","15":"first","16":"instock","17":"shipping-taxable","18":"purchasable","19":"product-type-simple"},"acf":[],"_links":{"self":[{"href":"https:\/\/vzklaboratory.com\/hr\/wp-json\/wp\/v2\/product\/3529","targetHints":{"allow":["GET"]}}],"collection":[{"href":"https:\/\/vzklaboratory.com\/hr\/wp-json\/wp\/v2\/product"}],"about":[{"href":"https:\/\/vzklaboratory.com\/hr\/wp-json\/wp\/v2\/types\/product"}],"replies":[{"embeddable":true,"href":"https:\/\/vzklaboratory.com\/hr\/wp-json\/wp\/v2\/comments?post=3529"}],"wp:featuredmedia":[{"embeddable":true,"href":"https:\/\/vzklaboratory.com\/hr\/wp-json\/wp\/v2\/media\/3518"}],"wp:attachment":[{"href":"https:\/\/vzklaboratory.com\/hr\/wp-json\/wp\/v2\/media?parent=3529"}],"wp:term":[{"taxonomy":"product_brand","embeddable":true,"href":"https:\/\/vzklaboratory.com\/hr\/wp-json\/wp\/v2\/product_brand?post=3529"},{"taxonomy":"product_cat","embeddable":true,"href":"https:\/\/vzklaboratory.com\/hr\/wp-json\/wp\/v2\/product_cat?post=3529"},{"taxonomy":"product_tag","embeddable":true,"href":"https:\/\/vzklaboratory.com\/hr\/wp-json\/wp\/v2\/product_tag?post=3529"}],"curies":[{"name":"wp","href":"https:\/\/api.w.org\/{rel}","templated":true}]}}