{"id":3500,"date":"2025-10-19T23:00:52","date_gmt":"2025-10-19T21:00:52","guid":{"rendered":"https:\/\/vzk.cubesdev.rs\/our-products\/uncategorized\/matirajuci-fluid-za-lice\/"},"modified":"2025-10-27T14:08:51","modified_gmt":"2025-10-27T13:08:51","slug":"matirajuci-fluid-za-lice","status":"publish","type":"product","link":"https:\/\/vzklaboratory.com\/hr\/na\u0161i-proizvodi\/tipovi-koze\/koza-sklona-aknama-tipovi-koze\/matirajuci-fluid-za-lice\/","title":{"rendered":"MATIRAJU\u0106I FLUID ZA LICE"},"content":{"rendered":"<p>Lagani fluid namijenjen masnoj ko\u017ei lica sklonoj nesavr\u0161enostima. Nemasna tekstura trenutno matira ko\u017eu, umanjuje vidljivost pora, kontrolira sjaj ko\u017ee i poma\u017ee kod regulacije lu\u010denja sebuma. Glicerin trenutno hidrira ko\u017eu, dok Uvaxine\u2122 poma\u017ee kod za\u0161tite lica od \u0161tetnih UV zraka i pretjeranog starenja izazvanog negativnim sun\u010devim utjecajem.<\/p>\n","protected":false},"excerpt":{"rendered":"<p>Lagani fluid namijenjen masnoj ko\u017ei lica sklonoj nesavr\u0161enostima. Nemasna tekstura trenutno matira ko\u017eu, umanjuje vidljivost pora, kontrolira sjaj ko\u017ee i poma\u017ee kod regulacije lu\u010denja sebuma. Glicerin trenutno hidrira ko\u017eu, dok Uvaxine\u2122 poma\u017ee kod za\u0161tite lica od \u0161tetnih UV zraka i pretjeranog starenja izazvanog negativnim sun\u010devim utjecajem.<\/p>\n","protected":false},"featured_media":3453,"comment_status":"open","ping_status":"closed","template":"","meta":{"_acf_changed":false,"_seopress_robots_primary_cat":"none","_seopress_titles_title":"","_seopress_titles_desc":"","_seopress_robots_index":""},"product_brand":[],"product_cat":[214,216,219,221,224,229,237,210,211,212],"product_tag":[],"class_list":{"0":"post-3500","1":"product","2":"type-product","3":"status-publish","4":"has-post-thumbnail","6":"product_cat-potrebe-koze-2","7":"product_cat-serija-proizvoda","8":"product_cat-koza-sklona-aknama-tipovi-koze","9":"product_cat-problematicna-koza","10":"product_cat-masna-koza-tipovi-koze","11":"product_cat-kontrola-akni-potrebe-koze-2","12":"product_cat-kontrola-svjetline","13":"product_cat-njega-koze","14":"product_cat-njega-lica","15":"product_cat-tipovi-koze","17":"first","18":"instock","19":"shipping-taxable","20":"purchasable","21":"product-type-simple"},"acf":[],"_links":{"self":[{"href":"https:\/\/vzklaboratory.com\/hr\/wp-json\/wp\/v2\/product\/3500","targetHints":{"allow":["GET"]}}],"collection":[{"href":"https:\/\/vzklaboratory.com\/hr\/wp-json\/wp\/v2\/product"}],"about":[{"href":"https:\/\/vzklaboratory.com\/hr\/wp-json\/wp\/v2\/types\/product"}],"replies":[{"embeddable":true,"href":"https:\/\/vzklaboratory.com\/hr\/wp-json\/wp\/v2\/comments?post=3500"}],"wp:featuredmedia":[{"embeddable":true,"href":"https:\/\/vzklaboratory.com\/hr\/wp-json\/wp\/v2\/media\/3453"}],"wp:attachment":[{"href":"https:\/\/vzklaboratory.com\/hr\/wp-json\/wp\/v2\/media?parent=3500"}],"wp:term":[{"taxonomy":"product_brand","embeddable":true,"href":"https:\/\/vzklaboratory.com\/hr\/wp-json\/wp\/v2\/product_brand?post=3500"},{"taxonomy":"product_cat","embeddable":true,"href":"https:\/\/vzklaboratory.com\/hr\/wp-json\/wp\/v2\/product_cat?post=3500"},{"taxonomy":"product_tag","embeddable":true,"href":"https:\/\/vzklaboratory.com\/hr\/wp-json\/wp\/v2\/product_tag?post=3500"}],"curies":[{"name":"wp","href":"https:\/\/api.w.org\/{rel}","templated":true}]}}