{"id":3446,"date":"2025-10-19T23:00:23","date_gmt":"2025-10-19T21:00:23","guid":{"rendered":"https:\/\/vzk.cubesdev.rs\/our-products\/uncategorized\/losion-za-ciscenje-problematicne-koze-lica\/"},"modified":"2025-10-27T14:09:17","modified_gmt":"2025-10-27T13:09:17","slug":"losion-za-ciscenje-problematicne-koze-lica-2","status":"publish","type":"product","link":"https:\/\/vzklaboratory.com\/hr\/na\u0161i-proizvodi\/tipovi-koze\/koza-sklona-aknama-tipovi-koze\/losion-za-ciscenje-problematicne-koze-lica-2\/","title":{"rendered":"LOSION ZA \u010cI\u0160\u0106ENJE PROBLEMATI\u010cNE KO\u017dE LICA"},"content":{"rendered":"<p>Formulacija na bazi alfa i beta-hidroksi kiselina namijenjena \u010di\u0161\u0107enju masne i problemati\u010dne ko\u017ee lica, vrata, dekoltea i le\u0111a.<\/p>\n","protected":false},"excerpt":{"rendered":"<p>Formulacija na bazi alfa i beta-hidroksi kiselina namijenjena \u010di\u0161\u0107enju masne i problemati\u010dne ko\u017ee lica, vrata, dekoltea i le\u0111a.<\/p>\n","protected":false},"featured_media":3405,"comment_status":"open","ping_status":"closed","template":"","meta":{"_acf_changed":false,"_seopress_robots_primary_cat":"none","_seopress_titles_title":"","_seopress_titles_desc":"","_seopress_robots_index":""},"product_brand":[],"product_cat":[216,219,221,224,229,237,380,210,211,212,214],"product_tag":[],"class_list":{"0":"post-3446","1":"product","2":"type-product","3":"status-publish","4":"has-post-thumbnail","6":"product_cat-serija-proizvoda","7":"product_cat-koza-sklona-aknama-tipovi-koze","8":"product_cat-problematicna-koza","9":"product_cat-masna-koza-tipovi-koze","10":"product_cat-kontrola-akni-potrebe-koze-2","11":"product_cat-kontrola-svjetline","12":"product_cat-ciscenje-lica-hr","13":"product_cat-njega-koze","14":"product_cat-njega-lica","15":"product_cat-tipovi-koze","16":"product_cat-potrebe-koze-2","18":"first","19":"instock","20":"shipping-taxable","21":"purchasable","22":"product-type-simple"},"acf":[],"_links":{"self":[{"href":"https:\/\/vzklaboratory.com\/hr\/wp-json\/wp\/v2\/product\/3446","targetHints":{"allow":["GET"]}}],"collection":[{"href":"https:\/\/vzklaboratory.com\/hr\/wp-json\/wp\/v2\/product"}],"about":[{"href":"https:\/\/vzklaboratory.com\/hr\/wp-json\/wp\/v2\/types\/product"}],"replies":[{"embeddable":true,"href":"https:\/\/vzklaboratory.com\/hr\/wp-json\/wp\/v2\/comments?post=3446"}],"wp:featuredmedia":[{"embeddable":true,"href":"https:\/\/vzklaboratory.com\/hr\/wp-json\/wp\/v2\/media\/3405"}],"wp:attachment":[{"href":"https:\/\/vzklaboratory.com\/hr\/wp-json\/wp\/v2\/media?parent=3446"}],"wp:term":[{"taxonomy":"product_brand","embeddable":true,"href":"https:\/\/vzklaboratory.com\/hr\/wp-json\/wp\/v2\/product_brand?post=3446"},{"taxonomy":"product_cat","embeddable":true,"href":"https:\/\/vzklaboratory.com\/hr\/wp-json\/wp\/v2\/product_cat?post=3446"},{"taxonomy":"product_tag","embeddable":true,"href":"https:\/\/vzklaboratory.com\/hr\/wp-json\/wp\/v2\/product_tag?post=3446"}],"curies":[{"name":"wp","href":"https:\/\/api.w.org\/{rel}","templated":true}]}}