{"id":3399,"date":"2025-10-19T23:00:17","date_gmt":"2025-10-19T21:00:17","guid":{"rendered":"https:\/\/vzk.cubesdev.rs\/our-products\/uncategorized\/losion-za-ciscenje-lica\/"},"modified":"2025-10-27T14:09:42","modified_gmt":"2025-10-27T13:09:42","slug":"losion-za-ciscenje-lica","status":"publish","type":"product","link":"https:\/\/vzklaboratory.com\/hr\/na\u0161i-proizvodi\/njega-koze\/njega-lica\/losion-za-ciscenje-lica\/","title":{"rendered":"LOSION ZA \u010cI\u0160\u0106ENJE LICA"},"content":{"rendered":"<p>Formulacija na bazi vo\u0107nih kiselina uklanja masno\u0107u, ostatke \u0161minke i ne\u010disto\u0107e. Namijenjena \u010di\u0161\u0107enju masne i kombinirane ko\u017ee lica.<\/p>\n","protected":false},"excerpt":{"rendered":"<p>Formulacija na bazi vo\u0107nih kiselina uklanja masno\u0107u, ostatke \u0161minke i ne\u010disto\u0107e. Namijenjena \u010di\u0161\u0107enju masne i kombinirane ko\u017ee lica.<\/p>\n","protected":false},"featured_media":3394,"comment_status":"open","ping_status":"closed","template":"","meta":{"_acf_changed":false,"_seopress_robots_primary_cat":"none","_seopress_titles_title":"","_seopress_titles_desc":"","_seopress_robots_index":""},"product_brand":[],"product_cat":[210,211,212,214,215,216,224,228,351,380],"product_tag":[],"class_list":{"0":"post-3399","1":"product","2":"type-product","3":"status-publish","4":"has-post-thumbnail","6":"product_cat-njega-koze","7":"product_cat-njega-lica","8":"product_cat-tipovi-koze","9":"product_cat-potrebe-koze-2","10":"product_cat-osnovna-njega","11":"product_cat-serija-proizvoda","12":"product_cat-masna-koza-tipovi-koze","13":"product_cat-kombinirana-koza","14":"product_cat-osnovna-hidratacija","15":"product_cat-ciscenje-lica-hr","17":"first","18":"instock","19":"shipping-taxable","20":"purchasable","21":"product-type-simple"},"acf":[],"_links":{"self":[{"href":"https:\/\/vzklaboratory.com\/hr\/wp-json\/wp\/v2\/product\/3399","targetHints":{"allow":["GET"]}}],"collection":[{"href":"https:\/\/vzklaboratory.com\/hr\/wp-json\/wp\/v2\/product"}],"about":[{"href":"https:\/\/vzklaboratory.com\/hr\/wp-json\/wp\/v2\/types\/product"}],"replies":[{"embeddable":true,"href":"https:\/\/vzklaboratory.com\/hr\/wp-json\/wp\/v2\/comments?post=3399"}],"wp:featuredmedia":[{"embeddable":true,"href":"https:\/\/vzklaboratory.com\/hr\/wp-json\/wp\/v2\/media\/3394"}],"wp:attachment":[{"href":"https:\/\/vzklaboratory.com\/hr\/wp-json\/wp\/v2\/media?parent=3399"}],"wp:term":[{"taxonomy":"product_brand","embeddable":true,"href":"https:\/\/vzklaboratory.com\/hr\/wp-json\/wp\/v2\/product_brand?post=3399"},{"taxonomy":"product_cat","embeddable":true,"href":"https:\/\/vzklaboratory.com\/hr\/wp-json\/wp\/v2\/product_cat?post=3399"},{"taxonomy":"product_tag","embeddable":true,"href":"https:\/\/vzklaboratory.com\/hr\/wp-json\/wp\/v2\/product_tag?post=3399"}],"curies":[{"name":"wp","href":"https:\/\/api.w.org\/{rel}","templated":true}]}}