{"id":3365,"date":"2025-10-19T22:59:53","date_gmt":"2025-10-19T20:59:53","guid":{"rendered":"https:\/\/vzk.cubesdev.rs\/our-products\/uncategorized\/krema-za-zastitu-koze-lica-od-sunca-i-protiv-starenja-spf-50\/"},"modified":"2025-10-27T14:12:53","modified_gmt":"2025-10-27T13:12:53","slug":"krema-za-zastitu-koze-lica-od-sunca-i-protiv-starenja-spf-50","status":"publish","type":"product","link":"https:\/\/vzklaboratory.com\/hr\/na\u0161i-proizvodi\/potrebe-koze-2\/spf-zastita-potrebe-koze-2\/krema-za-zastitu-koze-lica-od-sunca-i-protiv-starenja-spf-50\/","title":{"rendered":"KREMA ZA ZA\u0160TITU KO\u017dE LICA OD SUNCA I PROTIV STARENJA SPF 50+"},"content":{"rendered":"<p>Specijalna formulacija sa visokim za\u0161titnim faktorom, \u0161titi ko\u017eu lica od ne\u017eeljenog sun\u010devog zra\u010denja.<\/p>\n","protected":false},"excerpt":{"rendered":"<p>Specijalna formulacija sa visokim za\u0161titnim faktorom, \u0161titi ko\u017eu lica od ne\u017eeljenog sun\u010devog zra\u010denja.<\/p>\n","protected":false},"featured_media":3354,"comment_status":"open","ping_status":"closed","template":"","meta":{"_acf_changed":false,"_seopress_robots_primary_cat":"none","_seopress_titles_title":"","_seopress_titles_desc":"","_seopress_robots_index":""},"product_brand":[],"product_cat":[240,406,210,212,213,214,216,225,227,236],"product_tag":[],"class_list":{"0":"post-3365","1":"product","2":"type-product","3":"status-publish","4":"has-post-thumbnail","6":"product_cat-spf-zastita-potrebe-koze-2","7":"product_cat-sun-care-program-hr","8":"product_cat-njega-koze","9":"product_cat-tipovi-koze","10":"product_cat-normalna-koza-tipovi-koze","11":"product_cat-potrebe-koze-2","12":"product_cat-serija-proizvoda","13":"product_cat-protiv-bora-potrebe-koze-2","14":"product_cat-zastita-od-sunca-njega-koze","15":"product_cat-svi-tipovi-koze-tipovi-koze","17":"first","18":"instock","19":"shipping-taxable","20":"purchasable","21":"product-type-simple"},"acf":[],"_links":{"self":[{"href":"https:\/\/vzklaboratory.com\/hr\/wp-json\/wp\/v2\/product\/3365","targetHints":{"allow":["GET"]}}],"collection":[{"href":"https:\/\/vzklaboratory.com\/hr\/wp-json\/wp\/v2\/product"}],"about":[{"href":"https:\/\/vzklaboratory.com\/hr\/wp-json\/wp\/v2\/types\/product"}],"replies":[{"embeddable":true,"href":"https:\/\/vzklaboratory.com\/hr\/wp-json\/wp\/v2\/comments?post=3365"}],"wp:featuredmedia":[{"embeddable":true,"href":"https:\/\/vzklaboratory.com\/hr\/wp-json\/wp\/v2\/media\/3354"}],"wp:attachment":[{"href":"https:\/\/vzklaboratory.com\/hr\/wp-json\/wp\/v2\/media?parent=3365"}],"wp:term":[{"taxonomy":"product_brand","embeddable":true,"href":"https:\/\/vzklaboratory.com\/hr\/wp-json\/wp\/v2\/product_brand?post=3365"},{"taxonomy":"product_cat","embeddable":true,"href":"https:\/\/vzklaboratory.com\/hr\/wp-json\/wp\/v2\/product_cat?post=3365"},{"taxonomy":"product_tag","embeddable":true,"href":"https:\/\/vzklaboratory.com\/hr\/wp-json\/wp\/v2\/product_tag?post=3365"}],"curies":[{"name":"wp","href":"https:\/\/api.w.org\/{rel}","templated":true}]}}