{"id":3348,"date":"2025-10-19T22:59:44","date_gmt":"2025-10-19T20:59:44","guid":{"rendered":"https:\/\/vzk.cubesdev.rs\/our-products\/uncategorized\/vzk-krema-za-lice-sensitive-spf50-50ml\/"},"modified":"2025-10-27T14:13:16","modified_gmt":"2025-10-27T13:13:16","slug":"vzk-krema-za-lice-sensitive-spf50-50ml","status":"publish","type":"product","link":"https:\/\/vzklaboratory.com\/hr\/na\u0161i-proizvodi\/njega-koze\/zastita-od-sunca-njega-koze\/vzk-krema-za-lice-sensitive-spf50-50ml\/","title":{"rendered":"VZK KREMA ZA LICE SENSITIVE SPF50+ 50ML"},"content":{"rendered":"<p>Specijalna formulacija s visokim za\u0161titnim faktorom koja \u0161titi osjetljivu ko\u017eu lica od izlaganja suncu.<\/p>\n","protected":false},"excerpt":{"rendered":"<p>Specijalna formulacija s visokim za\u0161titnim faktorom koja \u0161titi osjetljivu ko\u017eu lica od izlaganja suncu.<\/p>\n","protected":false},"featured_media":3337,"comment_status":"open","ping_status":"closed","template":"","meta":{"_acf_changed":false,"_seopress_robots_primary_cat":"none","_seopress_titles_title":"","_seopress_titles_desc":"","_seopress_robots_index":""},"product_brand":[],"product_cat":[212,214,216,227,234,240,406,210],"product_tag":[],"class_list":{"0":"post-3348","1":"product","2":"type-product","3":"status-publish","4":"has-post-thumbnail","6":"product_cat-tipovi-koze","7":"product_cat-potrebe-koze-2","8":"product_cat-serija-proizvoda","9":"product_cat-zastita-od-sunca-njega-koze","10":"product_cat-osjetljiva-koza","11":"product_cat-spf-zastita-potrebe-koze-2","12":"product_cat-sun-care-program-hr","13":"product_cat-njega-koze","15":"first","16":"instock","17":"shipping-taxable","18":"purchasable","19":"product-type-simple"},"acf":[],"_links":{"self":[{"href":"https:\/\/vzklaboratory.com\/hr\/wp-json\/wp\/v2\/product\/3348","targetHints":{"allow":["GET"]}}],"collection":[{"href":"https:\/\/vzklaboratory.com\/hr\/wp-json\/wp\/v2\/product"}],"about":[{"href":"https:\/\/vzklaboratory.com\/hr\/wp-json\/wp\/v2\/types\/product"}],"replies":[{"embeddable":true,"href":"https:\/\/vzklaboratory.com\/hr\/wp-json\/wp\/v2\/comments?post=3348"}],"wp:featuredmedia":[{"embeddable":true,"href":"https:\/\/vzklaboratory.com\/hr\/wp-json\/wp\/v2\/media\/3337"}],"wp:attachment":[{"href":"https:\/\/vzklaboratory.com\/hr\/wp-json\/wp\/v2\/media?parent=3348"}],"wp:term":[{"taxonomy":"product_brand","embeddable":true,"href":"https:\/\/vzklaboratory.com\/hr\/wp-json\/wp\/v2\/product_brand?post=3348"},{"taxonomy":"product_cat","embeddable":true,"href":"https:\/\/vzklaboratory.com\/hr\/wp-json\/wp\/v2\/product_cat?post=3348"},{"taxonomy":"product_tag","embeddable":true,"href":"https:\/\/vzklaboratory.com\/hr\/wp-json\/wp\/v2\/product_tag?post=3348"}],"curies":[{"name":"wp","href":"https:\/\/api.w.org\/{rel}","templated":true}]}}