{"id":3331,"date":"2025-10-19T22:59:30","date_gmt":"2025-10-19T20:59:30","guid":{"rendered":"https:\/\/vzk.cubesdev.rs\/our-products\/uncategorized\/krema-za-zastitu-djecje-koze-od-sunca-spf-50-visoka-zastita\/"},"modified":"2025-10-27T14:29:36","modified_gmt":"2025-10-27T13:29:36","slug":"krema-za-zastitu-djecje-koze-od-sunca-spf-50-visoka-zastita","status":"publish","type":"product","link":"https:\/\/vzklaboratory.com\/hr\/na\u0161i-proizvodi\/njega-koze\/zastita-od-sunca-njega-koze\/krema-za-zastitu-djecje-koze-od-sunca-spf-50-visoka-zastita\/","title":{"rendered":"KREMA ZA ZA\u0160TITU DJE\u010cJE KO\u017dE OD SUNCA SPF 50 &#8211; VISOKA ZA\u0160TITA"},"content":{"rendered":"<p>Formulacija sa visokim faktorom za\u0161tite od sunca, specijalno formulirana za za\u0161titu nje\u017ene dje\u010dje ko\u017ee.<\/p>\n","protected":false},"excerpt":{"rendered":"<p>Formulacija sa visokim faktorom za\u0161tite od sunca, specijalno formulirana za za\u0161titu nje\u017ene dje\u010dje ko\u017ee.<\/p>\n","protected":false},"featured_media":3320,"comment_status":"open","ping_status":"closed","template":"","meta":{"_acf_changed":false,"_seopress_robots_primary_cat":"none","_seopress_titles_title":"","_seopress_titles_desc":"","_seopress_robots_index":""},"product_brand":[],"product_cat":[210,212,214,216,227,240,406],"product_tag":[],"class_list":{"0":"post-3331","1":"product","2":"type-product","3":"status-publish","4":"has-post-thumbnail","6":"product_cat-njega-koze","7":"product_cat-tipovi-koze","8":"product_cat-potrebe-koze-2","9":"product_cat-serija-proizvoda","10":"product_cat-zastita-od-sunca-njega-koze","11":"product_cat-spf-zastita-potrebe-koze-2","12":"product_cat-sun-care-program-hr","14":"first","15":"instock","16":"shipping-taxable","17":"purchasable","18":"product-type-simple"},"acf":[],"_links":{"self":[{"href":"https:\/\/vzklaboratory.com\/hr\/wp-json\/wp\/v2\/product\/3331","targetHints":{"allow":["GET"]}}],"collection":[{"href":"https:\/\/vzklaboratory.com\/hr\/wp-json\/wp\/v2\/product"}],"about":[{"href":"https:\/\/vzklaboratory.com\/hr\/wp-json\/wp\/v2\/types\/product"}],"replies":[{"embeddable":true,"href":"https:\/\/vzklaboratory.com\/hr\/wp-json\/wp\/v2\/comments?post=3331"}],"wp:featuredmedia":[{"embeddable":true,"href":"https:\/\/vzklaboratory.com\/hr\/wp-json\/wp\/v2\/media\/3320"}],"wp:attachment":[{"href":"https:\/\/vzklaboratory.com\/hr\/wp-json\/wp\/v2\/media?parent=3331"}],"wp:term":[{"taxonomy":"product_brand","embeddable":true,"href":"https:\/\/vzklaboratory.com\/hr\/wp-json\/wp\/v2\/product_brand?post=3331"},{"taxonomy":"product_cat","embeddable":true,"href":"https:\/\/vzklaboratory.com\/hr\/wp-json\/wp\/v2\/product_cat?post=3331"},{"taxonomy":"product_tag","embeddable":true,"href":"https:\/\/vzklaboratory.com\/hr\/wp-json\/wp\/v2\/product_tag?post=3331"}],"curies":[{"name":"wp","href":"https:\/\/api.w.org\/{rel}","templated":true}]}}