{"id":3250,"date":"2025-10-19T22:58:41","date_gmt":"2025-10-19T20:58:41","guid":{"rendered":"https:\/\/vzk.cubesdev.rs\/our-products\/uncategorized\/krema-za-zastitu-od-sunca-spf-30-visoka-zastita\/"},"modified":"2025-10-27T14:33:38","modified_gmt":"2025-10-27T13:33:38","slug":"krema-za-zastitu-od-sunca-spf-30-visoka-zastita","status":"publish","type":"product","link":"https:\/\/vzklaboratory.com\/hr\/na\u0161i-proizvodi\/njega-koze\/zastita-od-sunca-njega-koze\/krema-za-zastitu-od-sunca-spf-30-visoka-zastita\/","title":{"rendered":"KREMA ZA ZA\u0160TITU OD SUNCA SPF 30 &#8211; VISOKA ZA\u0160TITA"},"content":{"rendered":"<p>Posebna formulacija sa visokim faktorom za\u0161tite od sunca, sadr\u017ei glicerin i shea maslac koji njeguju i hidriraju ko\u017eu.<\/p>\n","protected":false},"excerpt":{"rendered":"<p>Posebna formulacija sa visokim faktorom za\u0161tite od sunca, sadr\u017ei glicerin i shea maslac koji njeguju i hidriraju ko\u017eu.<\/p>\n","protected":false},"featured_media":3239,"comment_status":"open","ping_status":"closed","template":"","meta":{"_acf_changed":false,"_seopress_robots_primary_cat":"none","_seopress_titles_title":"","_seopress_titles_desc":"","_seopress_robots_index":""},"product_brand":[],"product_cat":[216,227,240,406,210,212,214],"product_tag":[],"class_list":{"0":"post-3250","1":"product","2":"type-product","3":"status-publish","4":"has-post-thumbnail","6":"product_cat-serija-proizvoda","7":"product_cat-zastita-od-sunca-njega-koze","8":"product_cat-spf-zastita-potrebe-koze-2","9":"product_cat-sun-care-program-hr","10":"product_cat-njega-koze","11":"product_cat-tipovi-koze","12":"product_cat-potrebe-koze-2","14":"first","15":"instock","16":"shipping-taxable","17":"purchasable","18":"product-type-simple"},"acf":[],"_links":{"self":[{"href":"https:\/\/vzklaboratory.com\/hr\/wp-json\/wp\/v2\/product\/3250","targetHints":{"allow":["GET"]}}],"collection":[{"href":"https:\/\/vzklaboratory.com\/hr\/wp-json\/wp\/v2\/product"}],"about":[{"href":"https:\/\/vzklaboratory.com\/hr\/wp-json\/wp\/v2\/types\/product"}],"replies":[{"embeddable":true,"href":"https:\/\/vzklaboratory.com\/hr\/wp-json\/wp\/v2\/comments?post=3250"}],"wp:featuredmedia":[{"embeddable":true,"href":"https:\/\/vzklaboratory.com\/hr\/wp-json\/wp\/v2\/media\/3239"}],"wp:attachment":[{"href":"https:\/\/vzklaboratory.com\/hr\/wp-json\/wp\/v2\/media?parent=3250"}],"wp:term":[{"taxonomy":"product_brand","embeddable":true,"href":"https:\/\/vzklaboratory.com\/hr\/wp-json\/wp\/v2\/product_brand?post=3250"},{"taxonomy":"product_cat","embeddable":true,"href":"https:\/\/vzklaboratory.com\/hr\/wp-json\/wp\/v2\/product_cat?post=3250"},{"taxonomy":"product_tag","embeddable":true,"href":"https:\/\/vzklaboratory.com\/hr\/wp-json\/wp\/v2\/product_tag?post=3250"}],"curies":[{"name":"wp","href":"https:\/\/api.w.org\/{rel}","templated":true}]}}