{"id":3227,"date":"2025-10-19T22:58:36","date_gmt":"2025-10-19T20:58:36","guid":{"rendered":"https:\/\/vzk.cubesdev.rs\/our-products\/uncategorized\/krema-za-ruke-sa-ureom\/"},"modified":"2025-10-27T14:35:14","modified_gmt":"2025-10-27T13:35:14","slug":"krema-za-ruke-sa-ureom","status":"publish","type":"product","link":"https:\/\/vzklaboratory.com\/hr\/na\u0161i-proizvodi\/potrebe-koze-2\/osnovna-njega\/krema-za-ruke-sa-ureom\/","title":{"rendered":"KREMA ZA RUKE SA UREOM"},"content":{"rendered":"<p>Krema za ruke sa 3% uree, posebno razvijena za potrebe suhe ko\u017ee ruku. Njeguje i omek\u0161ava suhu i grubu ko\u017eu ruku i poma\u017ee kod njenog oporavka. Svakodnevnom primjenom hidrira ko\u017eu ruku i pru\u017ea joj za\u0161titu od negativnih vanjskih utjecaja.<\/p>\n","protected":false},"excerpt":{"rendered":"<p>Krema za ruke sa 3% uree, posebno razvijena za potrebe suhe ko\u017ee ruku. Njeguje i omek\u0161ava suhu i grubu ko\u017eu ruku i poma\u017ee kod njenog oporavka. Svakodnevnom primjenom hidrira ko\u017eu ruku i pru\u017ea joj za\u0161titu od negativnih vanjskih utjecaja.<\/p>\n","protected":false},"featured_media":3222,"comment_status":"open","ping_status":"closed","template":"","meta":{"_acf_changed":false,"_seopress_robots_primary_cat":"none","_seopress_titles_title":"","_seopress_titles_desc":"","_seopress_robots_index":""},"product_brand":[],"product_cat":[212,214,215,216,218,351,210],"product_tag":[],"class_list":{"0":"post-3227","1":"product","2":"type-product","3":"status-publish","4":"has-post-thumbnail","6":"product_cat-tipovi-koze","7":"product_cat-potrebe-koze-2","8":"product_cat-osnovna-njega","9":"product_cat-serija-proizvoda","10":"product_cat-njega-tijela","11":"product_cat-osnovna-hidratacija","12":"product_cat-njega-koze","14":"first","15":"instock","16":"shipping-taxable","17":"purchasable","18":"product-type-simple"},"acf":[],"_links":{"self":[{"href":"https:\/\/vzklaboratory.com\/hr\/wp-json\/wp\/v2\/product\/3227","targetHints":{"allow":["GET"]}}],"collection":[{"href":"https:\/\/vzklaboratory.com\/hr\/wp-json\/wp\/v2\/product"}],"about":[{"href":"https:\/\/vzklaboratory.com\/hr\/wp-json\/wp\/v2\/types\/product"}],"replies":[{"embeddable":true,"href":"https:\/\/vzklaboratory.com\/hr\/wp-json\/wp\/v2\/comments?post=3227"}],"wp:featuredmedia":[{"embeddable":true,"href":"https:\/\/vzklaboratory.com\/hr\/wp-json\/wp\/v2\/media\/3222"}],"wp:attachment":[{"href":"https:\/\/vzklaboratory.com\/hr\/wp-json\/wp\/v2\/media?parent=3227"}],"wp:term":[{"taxonomy":"product_brand","embeddable":true,"href":"https:\/\/vzklaboratory.com\/hr\/wp-json\/wp\/v2\/product_brand?post=3227"},{"taxonomy":"product_cat","embeddable":true,"href":"https:\/\/vzklaboratory.com\/hr\/wp-json\/wp\/v2\/product_cat?post=3227"},{"taxonomy":"product_tag","embeddable":true,"href":"https:\/\/vzklaboratory.com\/hr\/wp-json\/wp\/v2\/product_tag?post=3227"}],"curies":[{"name":"wp","href":"https:\/\/api.w.org\/{rel}","templated":true}]}}