{"id":3202,"date":"2025-10-19T22:58:20","date_gmt":"2025-10-19T20:58:20","guid":{"rendered":"https:\/\/vzk.cubesdev.rs\/our-products\/uncategorized\/krema-za-podrucje-oko-ociju-sa-retinolom\/"},"modified":"2025-10-27T14:35:42","modified_gmt":"2025-10-27T13:35:42","slug":"krema-za-podrucje-oko-ociju-sa-retinolom","status":"publish","type":"product","link":"https:\/\/vzklaboratory.com\/hr\/na\u0161i-proizvodi\/potrebe-koze-2\/hidratacija-potrebe-koze-2\/krema-za-podrucje-oko-ociju-sa-retinolom\/","title":{"rendered":"KREMA ZA PODRU\u010cJE OKO O\u010cIJU SA RETINOLOM"},"content":{"rendered":"<p>Krema za njegu ko\u017ee oko o\u010diju i o\u010dnih kapaka oboga\u0107ena vitaminom A, niacinamidom i kofeinom, hidrira i njeguje ko\u017eu, istovremeno ubla\u017eavaju\u0107i posljedice umora, stresa i starenja. Niacinamid ubla\u017eava izgled tamnih krugova, retinol umanjuje izgled bora, dok kofein ubla\u017eava izgled nateklih podo\u010dnjaka.<\/p>\n","protected":false},"excerpt":{"rendered":"<p>Krema za njegu ko\u017ee oko o\u010diju i o\u010dnih kapaka oboga\u0107ena vitaminom A, niacinamidom i kofeinom, hidrira i njeguje ko\u017eu, istovremeno ubla\u017eavaju\u0107i posljedice umora, stresa i starenja. Niacinamid ubla\u017eava izgled tamnih krugova, retinol umanjuje izgled bora, dok kofein ubla\u017eava izgled nateklih podo\u010dnjaka.<\/p>\n","protected":false},"featured_media":3191,"comment_status":"open","ping_status":"closed","template":"","meta":{"_acf_changed":false,"_seopress_robots_primary_cat":"none","_seopress_titles_title":"","_seopress_titles_desc":"","_seopress_robots_index":""},"product_brand":[],"product_cat":[220,225,236,353,210,211,212,213,214,216],"product_tag":[],"class_list":{"0":"post-3202","1":"product","2":"type-product","3":"status-publish","4":"has-post-thumbnail","6":"product_cat-hidratacija-potrebe-koze-2","7":"product_cat-protiv-bora-potrebe-koze-2","8":"product_cat-svi-tipovi-koze-tipovi-koze","9":"product_cat-retinol-serija-proizvoda","10":"product_cat-njega-koze","11":"product_cat-njega-lica","12":"product_cat-tipovi-koze","13":"product_cat-normalna-koza-tipovi-koze","14":"product_cat-potrebe-koze-2","15":"product_cat-serija-proizvoda","17":"first","18":"instock","19":"shipping-taxable","20":"purchasable","21":"product-type-simple"},"acf":[],"_links":{"self":[{"href":"https:\/\/vzklaboratory.com\/hr\/wp-json\/wp\/v2\/product\/3202","targetHints":{"allow":["GET"]}}],"collection":[{"href":"https:\/\/vzklaboratory.com\/hr\/wp-json\/wp\/v2\/product"}],"about":[{"href":"https:\/\/vzklaboratory.com\/hr\/wp-json\/wp\/v2\/types\/product"}],"replies":[{"embeddable":true,"href":"https:\/\/vzklaboratory.com\/hr\/wp-json\/wp\/v2\/comments?post=3202"}],"wp:featuredmedia":[{"embeddable":true,"href":"https:\/\/vzklaboratory.com\/hr\/wp-json\/wp\/v2\/media\/3191"}],"wp:attachment":[{"href":"https:\/\/vzklaboratory.com\/hr\/wp-json\/wp\/v2\/media?parent=3202"}],"wp:term":[{"taxonomy":"product_brand","embeddable":true,"href":"https:\/\/vzklaboratory.com\/hr\/wp-json\/wp\/v2\/product_brand?post=3202"},{"taxonomy":"product_cat","embeddable":true,"href":"https:\/\/vzklaboratory.com\/hr\/wp-json\/wp\/v2\/product_cat?post=3202"},{"taxonomy":"product_tag","embeddable":true,"href":"https:\/\/vzklaboratory.com\/hr\/wp-json\/wp\/v2\/product_tag?post=3202"}],"curies":[{"name":"wp","href":"https:\/\/api.w.org\/{rel}","templated":true}]}}