{"id":3185,"date":"2025-10-19T22:58:07","date_gmt":"2025-10-19T20:58:07","guid":{"rendered":"https:\/\/vzk.cubesdev.rs\/our-products\/uncategorized\/krema-za-pete\/"},"modified":"2025-10-27T14:36:17","modified_gmt":"2025-10-27T13:36:17","slug":"krema-za-pete","status":"publish","type":"product","link":"https:\/\/vzklaboratory.com\/hr\/na\u0161i-proizvodi\/potrebe-koze-2\/osnovna-njega\/krema-za-pete\/","title":{"rendered":"KREMA ZA PETE"},"content":{"rendered":"<p>Zahvaljuju\u0107i visokom sadr\u017eaju uree, krema za pete je pogodna za svakodnevnu njegu i hidrataciju suhe, kao i izrazito suhe, grube i ispucale ko\u017ee stopala.<\/p>\n","protected":false},"excerpt":{"rendered":"<p>Zahvaljuju\u0107i visokom sadr\u017eaju uree, krema za pete je pogodna za svakodnevnu njegu i hidrataciju suhe, kao i izrazito suhe, grube i ispucale ko\u017ee stopala.<\/p>\n","protected":false},"featured_media":3180,"comment_status":"open","ping_status":"closed","template":"","meta":{"_acf_changed":false,"_seopress_robots_primary_cat":"none","_seopress_titles_title":"","_seopress_titles_desc":"","_seopress_robots_index":""},"product_brand":[],"product_cat":[215,216,218,351,210,212,214],"product_tag":[],"class_list":{"0":"post-3185","1":"product","2":"type-product","3":"status-publish","4":"has-post-thumbnail","6":"product_cat-osnovna-njega","7":"product_cat-serija-proizvoda","8":"product_cat-njega-tijela","9":"product_cat-osnovna-hidratacija","10":"product_cat-njega-koze","11":"product_cat-tipovi-koze","12":"product_cat-potrebe-koze-2","14":"first","15":"instock","16":"shipping-taxable","17":"purchasable","18":"product-type-simple"},"acf":[],"_links":{"self":[{"href":"https:\/\/vzklaboratory.com\/hr\/wp-json\/wp\/v2\/product\/3185","targetHints":{"allow":["GET"]}}],"collection":[{"href":"https:\/\/vzklaboratory.com\/hr\/wp-json\/wp\/v2\/product"}],"about":[{"href":"https:\/\/vzklaboratory.com\/hr\/wp-json\/wp\/v2\/types\/product"}],"replies":[{"embeddable":true,"href":"https:\/\/vzklaboratory.com\/hr\/wp-json\/wp\/v2\/comments?post=3185"}],"wp:featuredmedia":[{"embeddable":true,"href":"https:\/\/vzklaboratory.com\/hr\/wp-json\/wp\/v2\/media\/3180"}],"wp:attachment":[{"href":"https:\/\/vzklaboratory.com\/hr\/wp-json\/wp\/v2\/media?parent=3185"}],"wp:term":[{"taxonomy":"product_brand","embeddable":true,"href":"https:\/\/vzklaboratory.com\/hr\/wp-json\/wp\/v2\/product_brand?post=3185"},{"taxonomy":"product_cat","embeddable":true,"href":"https:\/\/vzklaboratory.com\/hr\/wp-json\/wp\/v2\/product_cat?post=3185"},{"taxonomy":"product_tag","embeddable":true,"href":"https:\/\/vzklaboratory.com\/hr\/wp-json\/wp\/v2\/product_tag?post=3185"}],"curies":[{"name":"wp","href":"https:\/\/api.w.org\/{rel}","templated":true}]}}