{"id":3146,"date":"2025-10-19T22:57:54","date_gmt":"2025-10-19T20:57:54","guid":{"rendered":"https:\/\/vzk.cubesdev.rs\/our-products\/uncategorized\/hladni-konjski-balzam\/"},"modified":"2025-10-27T14:40:11","modified_gmt":"2025-10-27T13:40:11","slug":"hladni-konjski-balzam-2","status":"publish","type":"product","link":"https:\/\/vzklaboratory.com\/hr\/na\u0161i-proizvodi\/njega-koze\/kucna-ljekarna\/hladni-konjski-balzam-2\/","title":{"rendered":"HLADNI KONJSKI BALZAM"},"content":{"rendered":"<p>Balzam sa efektom hla\u0111enja, preporu\u010duje se za masa\u017eu vrata, ramena, le\u0111a i nogu, za umanjivanje nelagodnosti i relaksaciju, kao i za opu\u0161tanje i okrijepljivanje ko\u017ee.<\/p>\n","protected":false},"excerpt":{"rendered":"<p>Balzam sa efektom hla\u0111enja, preporu\u010duje se za masa\u017eu vrata, ramena, le\u0111a i nogu, za umanjivanje nelagodnosti i relaksaciju, kao i za opu\u0161tanje i okrijepljivanje ko\u017ee.<\/p>\n","protected":false},"featured_media":3141,"comment_status":"open","ping_status":"closed","template":"","meta":{"_acf_changed":false,"_seopress_robots_primary_cat":"none","_seopress_titles_title":"","_seopress_titles_desc":"","_seopress_robots_index":""},"product_brand":[],"product_cat":[210,212,214,216,349],"product_tag":[],"class_list":{"0":"post-3146","1":"product","2":"type-product","3":"status-publish","4":"has-post-thumbnail","6":"product_cat-njega-koze","7":"product_cat-tipovi-koze","8":"product_cat-potrebe-koze-2","9":"product_cat-serija-proizvoda","10":"product_cat-kucna-ljekarna","12":"first","13":"instock","14":"shipping-taxable","15":"purchasable","16":"product-type-simple"},"acf":[],"_links":{"self":[{"href":"https:\/\/vzklaboratory.com\/hr\/wp-json\/wp\/v2\/product\/3146","targetHints":{"allow":["GET"]}}],"collection":[{"href":"https:\/\/vzklaboratory.com\/hr\/wp-json\/wp\/v2\/product"}],"about":[{"href":"https:\/\/vzklaboratory.com\/hr\/wp-json\/wp\/v2\/types\/product"}],"replies":[{"embeddable":true,"href":"https:\/\/vzklaboratory.com\/hr\/wp-json\/wp\/v2\/comments?post=3146"}],"wp:featuredmedia":[{"embeddable":true,"href":"https:\/\/vzklaboratory.com\/hr\/wp-json\/wp\/v2\/media\/3141"}],"wp:attachment":[{"href":"https:\/\/vzklaboratory.com\/hr\/wp-json\/wp\/v2\/media?parent=3146"}],"wp:term":[{"taxonomy":"product_brand","embeddable":true,"href":"https:\/\/vzklaboratory.com\/hr\/wp-json\/wp\/v2\/product_brand?post=3146"},{"taxonomy":"product_cat","embeddable":true,"href":"https:\/\/vzklaboratory.com\/hr\/wp-json\/wp\/v2\/product_cat?post=3146"},{"taxonomy":"product_tag","embeddable":true,"href":"https:\/\/vzklaboratory.com\/hr\/wp-json\/wp\/v2\/product_tag?post=3146"}],"curies":[{"name":"wp","href":"https:\/\/api.w.org\/{rel}","templated":true}]}}