{"id":3124,"date":"2025-10-19T22:57:44","date_gmt":"2025-10-19T20:57:44","guid":{"rendered":"https:\/\/vzk.cubesdev.rs\/our-products\/uncategorized\/topli-konjski-balzam\/"},"modified":"2025-10-27T14:41:01","modified_gmt":"2025-10-27T13:41:01","slug":"topli-konjski-balzam","status":"publish","type":"product","link":"https:\/\/vzklaboratory.com\/hr\/na\u0161i-proizvodi\/njega-koze\/kucna-ljekarna\/topli-konjski-balzam\/","title":{"rendered":"TOPLI KONJSKI BALZAM"},"content":{"rendered":"<p>Balzam sa efektom zagrijavanja, preporu\u010duje se za masa\u017eu vrata, ramena, le\u0111a i nogu, za umanjivanje nelagodnosti, relaksaciju i okrijepljivanje ko\u017ee.<\/p>\n","protected":false},"excerpt":{"rendered":"<p>Balzam sa efektom zagrijavanja, preporu\u010duje se za masa\u017eu vrata, ramena, le\u0111a i nogu, za umanjivanje nelagodnosti, relaksaciju i okrijepljivanje ko\u017ee.<\/p>\n","protected":false},"featured_media":3119,"comment_status":"open","ping_status":"closed","template":"","meta":{"_acf_changed":false,"_seopress_robots_primary_cat":"none","_seopress_titles_title":"","_seopress_titles_desc":"","_seopress_robots_index":""},"product_brand":[],"product_cat":[216,349,210,212,214],"product_tag":[],"class_list":{"0":"post-3124","1":"product","2":"type-product","3":"status-publish","4":"has-post-thumbnail","6":"product_cat-serija-proizvoda","7":"product_cat-kucna-ljekarna","8":"product_cat-njega-koze","9":"product_cat-tipovi-koze","10":"product_cat-potrebe-koze-2","12":"first","13":"instock","14":"shipping-taxable","15":"purchasable","16":"product-type-simple"},"acf":[],"_links":{"self":[{"href":"https:\/\/vzklaboratory.com\/hr\/wp-json\/wp\/v2\/product\/3124","targetHints":{"allow":["GET"]}}],"collection":[{"href":"https:\/\/vzklaboratory.com\/hr\/wp-json\/wp\/v2\/product"}],"about":[{"href":"https:\/\/vzklaboratory.com\/hr\/wp-json\/wp\/v2\/types\/product"}],"replies":[{"embeddable":true,"href":"https:\/\/vzklaboratory.com\/hr\/wp-json\/wp\/v2\/comments?post=3124"}],"wp:featuredmedia":[{"embeddable":true,"href":"https:\/\/vzklaboratory.com\/hr\/wp-json\/wp\/v2\/media\/3119"}],"wp:attachment":[{"href":"https:\/\/vzklaboratory.com\/hr\/wp-json\/wp\/v2\/media?parent=3124"}],"wp:term":[{"taxonomy":"product_brand","embeddable":true,"href":"https:\/\/vzklaboratory.com\/hr\/wp-json\/wp\/v2\/product_brand?post=3124"},{"taxonomy":"product_cat","embeddable":true,"href":"https:\/\/vzklaboratory.com\/hr\/wp-json\/wp\/v2\/product_cat?post=3124"},{"taxonomy":"product_tag","embeddable":true,"href":"https:\/\/vzklaboratory.com\/hr\/wp-json\/wp\/v2\/product_tag?post=3124"}],"curies":[{"name":"wp","href":"https:\/\/api.w.org\/{rel}","templated":true}]}}