{"id":3113,"date":"2025-10-19T22:57:36","date_gmt":"2025-10-19T20:57:36","guid":{"rendered":"https:\/\/vzk.cubesdev.rs\/our-products\/uncategorized\/kantarionovo-ulje\/"},"modified":"2025-10-19T22:57:44","modified_gmt":"2025-10-19T20:57:44","slug":"kantarionovo-ulje","status":"publish","type":"product","link":"https:\/\/vzklaboratory.com\/hr\/na\u0161i-proizvodi\/njega-koze\/kucna-ljekarna\/kantarionovo-ulje\/","title":{"rendered":"KANTARIONOVO ULJE"},"content":{"rendered":"<p>Kantarionovo ulje se koristi za njegu suhe i osjetljive ko\u017ee. Mo\u017ee se koristiti za relaksaciju i masa\u017eu, a zbog svog umiruju\u0107eg djelovanja, preporu\u010duje se i za njegu ko\u017ee nakon du\u017eeg izlaganja suncu. Uz dodatak vitamina E \u010dini ko\u017eu mekom i glatkom, pobolj\u0161avaju\u0107i njenu vla\u017enost.<\/p>\n","protected":false},"excerpt":{"rendered":"<p>Kantarionovo ulje se koristi za njegu suhe i osjetljive ko\u017ee. Mo\u017ee se koristiti za relaksaciju i masa\u017eu, a zbog svog umiruju\u0107eg djelovanja, preporu\u010duje se i za njegu ko\u017ee nakon du\u017eeg izlaganja suncu. Uz dodatak vitamina E \u010dini ko\u017eu mekom i glatkom, pobolj\u0161avaju\u0107i njenu vla\u017enost.<\/p>\n","protected":false},"featured_media":3102,"comment_status":"open","ping_status":"closed","template":"","meta":{"_acf_changed":false,"_seopress_robots_primary_cat":"","_seopress_titles_title":"","_seopress_titles_desc":"","_seopress_robots_index":""},"product_brand":[],"product_cat":[210,212,214,216,349],"product_tag":[],"class_list":{"0":"post-3113","1":"product","2":"type-product","3":"status-publish","4":"has-post-thumbnail","6":"product_cat-njega-koze","7":"product_cat-tipovi-koze","8":"product_cat-potrebe-koze-2","9":"product_cat-serija-proizvoda","10":"product_cat-kucna-ljekarna","12":"first","13":"instock","14":"shipping-taxable","15":"purchasable","16":"product-type-simple"},"acf":[],"_links":{"self":[{"href":"https:\/\/vzklaboratory.com\/hr\/wp-json\/wp\/v2\/product\/3113","targetHints":{"allow":["GET"]}}],"collection":[{"href":"https:\/\/vzklaboratory.com\/hr\/wp-json\/wp\/v2\/product"}],"about":[{"href":"https:\/\/vzklaboratory.com\/hr\/wp-json\/wp\/v2\/types\/product"}],"replies":[{"embeddable":true,"href":"https:\/\/vzklaboratory.com\/hr\/wp-json\/wp\/v2\/comments?post=3113"}],"wp:featuredmedia":[{"embeddable":true,"href":"https:\/\/vzklaboratory.com\/hr\/wp-json\/wp\/v2\/media\/3102"}],"wp:attachment":[{"href":"https:\/\/vzklaboratory.com\/hr\/wp-json\/wp\/v2\/media?parent=3113"}],"wp:term":[{"taxonomy":"product_brand","embeddable":true,"href":"https:\/\/vzklaboratory.com\/hr\/wp-json\/wp\/v2\/product_brand?post=3113"},{"taxonomy":"product_cat","embeddable":true,"href":"https:\/\/vzklaboratory.com\/hr\/wp-json\/wp\/v2\/product_cat?post=3113"},{"taxonomy":"product_tag","embeddable":true,"href":"https:\/\/vzklaboratory.com\/hr\/wp-json\/wp\/v2\/product_tag?post=3113"}],"curies":[{"name":"wp","href":"https:\/\/api.w.org\/{rel}","templated":true}]}}