{"id":3086,"date":"2025-10-19T22:57:26","date_gmt":"2025-10-19T20:57:26","guid":{"rendered":"https:\/\/vzk.cubesdev.rs\/our-products\/uncategorized\/intenzivna-hidratantna-krema-za-lice\/"},"modified":"2025-10-27T14:41:42","modified_gmt":"2025-10-27T13:41:42","slug":"intenzivna-hidratantna-krema-za-lice","status":"publish","type":"product","link":"https:\/\/vzklaboratory.com\/hr\/na\u0161i-proizvodi\/serija-proizvoda\/osnovna-hidratacija\/intenzivna-hidratantna-krema-za-lice\/","title":{"rendered":"INTENZIVNA HIDRATANTNA KREMA ZA LICE"},"content":{"rendered":"<p>Bogata formulacija na bazi ulja jojobe, pantenola i uree koji hidriraju ko\u017eu lica, pru\u017eaju\u0107i joj meko\u0107u i za\u0161titu od negativnih vanjskih utjecaja. Dodatak vitamina A i E doprinosi smanjenju znakova umora. Namijenjena normalnoj i suhoj ko\u017ei lica.<\/p>\n","protected":false},"excerpt":{"rendered":"<p>Bogata formulacija na bazi ulja jojobe, pantenola i uree koji hidriraju ko\u017eu lica, pru\u017eaju\u0107i joj meko\u0107u i za\u0161titu od negativnih vanjskih utjecaja. Dodatak vitamina A i E doprinosi smanjenju znakova umora. Namijenjena normalnoj i suhoj ko\u017ei lica.<\/p>\n","protected":false},"featured_media":3081,"comment_status":"open","ping_status":"closed","template":"","meta":{"_acf_changed":false,"_seopress_robots_primary_cat":"none","_seopress_titles_title":"","_seopress_titles_desc":"","_seopress_robots_index":""},"product_brand":[],"product_cat":[351,210,211,212,214,215,216,220,231],"product_tag":[],"class_list":{"0":"post-3086","1":"product","2":"type-product","3":"status-publish","4":"has-post-thumbnail","6":"product_cat-osnovna-hidratacija","7":"product_cat-njega-koze","8":"product_cat-njega-lica","9":"product_cat-tipovi-koze","10":"product_cat-potrebe-koze-2","11":"product_cat-osnovna-njega","12":"product_cat-serija-proizvoda","13":"product_cat-hidratacija-potrebe-koze-2","14":"product_cat-suha-koza","16":"first","17":"instock","18":"shipping-taxable","19":"purchasable","20":"product-type-simple"},"acf":[],"_links":{"self":[{"href":"https:\/\/vzklaboratory.com\/hr\/wp-json\/wp\/v2\/product\/3086","targetHints":{"allow":["GET"]}}],"collection":[{"href":"https:\/\/vzklaboratory.com\/hr\/wp-json\/wp\/v2\/product"}],"about":[{"href":"https:\/\/vzklaboratory.com\/hr\/wp-json\/wp\/v2\/types\/product"}],"replies":[{"embeddable":true,"href":"https:\/\/vzklaboratory.com\/hr\/wp-json\/wp\/v2\/comments?post=3086"}],"wp:featuredmedia":[{"embeddable":true,"href":"https:\/\/vzklaboratory.com\/hr\/wp-json\/wp\/v2\/media\/3081"}],"wp:attachment":[{"href":"https:\/\/vzklaboratory.com\/hr\/wp-json\/wp\/v2\/media?parent=3086"}],"wp:term":[{"taxonomy":"product_brand","embeddable":true,"href":"https:\/\/vzklaboratory.com\/hr\/wp-json\/wp\/v2\/product_brand?post=3086"},{"taxonomy":"product_cat","embeddable":true,"href":"https:\/\/vzklaboratory.com\/hr\/wp-json\/wp\/v2\/product_cat?post=3086"},{"taxonomy":"product_tag","embeddable":true,"href":"https:\/\/vzklaboratory.com\/hr\/wp-json\/wp\/v2\/product_tag?post=3086"}],"curies":[{"name":"wp","href":"https:\/\/api.w.org\/{rel}","templated":true}]}}