{"id":3075,"date":"2025-10-19T22:57:21","date_gmt":"2025-10-19T20:57:21","guid":{"rendered":"https:\/\/vzk.cubesdev.rs\/our-products\/uncategorized\/hydra-glow-sprej-za-lice\/"},"modified":"2025-10-27T14:45:13","modified_gmt":"2025-10-27T13:45:13","slug":"hydra-glow-sprej-za-lice","status":"publish","type":"product","link":"https:\/\/vzklaboratory.com\/hr\/na\u0161i-proizvodi\/potrebe-koze-2\/hidratacija-potrebe-koze-2\/hydra-glow-sprej-za-lice\/","title":{"rendered":"HYDRA GLOW SPREJ ZA LICE"},"content":{"rendered":"<p>Hidratantni sprej za lice sa pa\u017eljivo odabranim sastojcima namijenjenim za hidrataciju i za osvje\u017eavanje ko\u017ee lica.<\/p>\n","protected":false},"excerpt":{"rendered":"<p>Hidratantni sprej za lice sa pa\u017eljivo odabranim sastojcima namijenjenim za hidrataciju i za osvje\u017eavanje ko\u017ee lica.<\/p>\n","protected":false},"featured_media":3070,"comment_status":"open","ping_status":"closed","template":"","meta":{"_acf_changed":false,"_seopress_robots_primary_cat":"none","_seopress_titles_title":"","_seopress_titles_desc":"","_seopress_robots_index":""},"product_brand":[],"product_cat":[220,236,352,210,211,212,213,214,216],"product_tag":[],"class_list":{"0":"post-3075","1":"product","2":"type-product","3":"status-publish","4":"has-post-thumbnail","6":"product_cat-hidratacija-potrebe-koze-2","7":"product_cat-svi-tipovi-koze-tipovi-koze","8":"product_cat-hidra-sjaj","9":"product_cat-njega-koze","10":"product_cat-njega-lica","11":"product_cat-tipovi-koze","12":"product_cat-normalna-koza-tipovi-koze","13":"product_cat-potrebe-koze-2","14":"product_cat-serija-proizvoda","16":"first","17":"instock","18":"shipping-taxable","19":"purchasable","20":"product-type-simple"},"acf":[],"_links":{"self":[{"href":"https:\/\/vzklaboratory.com\/hr\/wp-json\/wp\/v2\/product\/3075","targetHints":{"allow":["GET"]}}],"collection":[{"href":"https:\/\/vzklaboratory.com\/hr\/wp-json\/wp\/v2\/product"}],"about":[{"href":"https:\/\/vzklaboratory.com\/hr\/wp-json\/wp\/v2\/types\/product"}],"replies":[{"embeddable":true,"href":"https:\/\/vzklaboratory.com\/hr\/wp-json\/wp\/v2\/comments?post=3075"}],"wp:featuredmedia":[{"embeddable":true,"href":"https:\/\/vzklaboratory.com\/hr\/wp-json\/wp\/v2\/media\/3070"}],"wp:attachment":[{"href":"https:\/\/vzklaboratory.com\/hr\/wp-json\/wp\/v2\/media?parent=3075"}],"wp:term":[{"taxonomy":"product_brand","embeddable":true,"href":"https:\/\/vzklaboratory.com\/hr\/wp-json\/wp\/v2\/product_brand?post=3075"},{"taxonomy":"product_cat","embeddable":true,"href":"https:\/\/vzklaboratory.com\/hr\/wp-json\/wp\/v2\/product_cat?post=3075"},{"taxonomy":"product_tag","embeddable":true,"href":"https:\/\/vzklaboratory.com\/hr\/wp-json\/wp\/v2\/product_tag?post=3075"}],"curies":[{"name":"wp","href":"https:\/\/api.w.org\/{rel}","templated":true}]}}