{"id":3064,"date":"2025-10-19T22:57:13","date_gmt":"2025-10-19T20:57:13","guid":{"rendered":"https:\/\/vzk.cubesdev.rs\/our-products\/uncategorized\/hydra-glow-krema-za-lice\/"},"modified":"2025-10-27T14:45:30","modified_gmt":"2025-10-27T13:45:30","slug":"hydra-glow-krema-za-lice","status":"publish","type":"product","link":"https:\/\/vzklaboratory.com\/hr\/na\u0161i-proizvodi\/tipovi-koze\/svi-tipovi-koze-tipovi-koze\/hydra-glow-krema-za-lice\/","title":{"rendered":"HYDRA GLOW KREMA ZA LICE"},"content":{"rendered":"<p>Umiruju\u0107a hidratantna krema za lice, njeguje i poma\u017ee kod obnove za\u0161titne barijere ko\u017ee. Pa\u017eljivo je osmi\u0161ljena kao obrana ko\u017ee od negativnih vanjskih faktora, \u0161titi ko\u017eu od isu\u0161ivanja i iritacija. Zahvaljuju\u0107i pa\u017eljivo odabranim sastojcima, krema odr\u017eava ko\u017eu zdravom, sjajnom i glatkom.<\/p>\n","protected":false},"excerpt":{"rendered":"<p>Umiruju\u0107a hidratantna krema za lice, njeguje i poma\u017ee kod obnove za\u0161titne barijere ko\u017ee. Pa\u017eljivo je osmi\u0161ljena kao obrana ko\u017ee od negativnih vanjskih faktora, \u0161titi ko\u017eu od isu\u0161ivanja i iritacija. Zahvaljuju\u0107i pa\u017eljivo odabranim sastojcima, krema odr\u017eava ko\u017eu zdravom, sjajnom i glatkom.<\/p>\n","protected":false},"featured_media":3053,"comment_status":"open","ping_status":"closed","template":"","meta":{"_acf_changed":false,"_seopress_robots_primary_cat":"none","_seopress_titles_title":"","_seopress_titles_desc":"","_seopress_robots_index":""},"product_brand":[],"product_cat":[236,352,210,211,212,213,214,216,220],"product_tag":[],"class_list":{"0":"post-3064","1":"product","2":"type-product","3":"status-publish","4":"has-post-thumbnail","6":"product_cat-svi-tipovi-koze-tipovi-koze","7":"product_cat-hidra-sjaj","8":"product_cat-njega-koze","9":"product_cat-njega-lica","10":"product_cat-tipovi-koze","11":"product_cat-normalna-koza-tipovi-koze","12":"product_cat-potrebe-koze-2","13":"product_cat-serija-proizvoda","14":"product_cat-hidratacija-potrebe-koze-2","16":"first","17":"instock","18":"shipping-taxable","19":"purchasable","20":"product-type-simple"},"acf":[],"_links":{"self":[{"href":"https:\/\/vzklaboratory.com\/hr\/wp-json\/wp\/v2\/product\/3064","targetHints":{"allow":["GET"]}}],"collection":[{"href":"https:\/\/vzklaboratory.com\/hr\/wp-json\/wp\/v2\/product"}],"about":[{"href":"https:\/\/vzklaboratory.com\/hr\/wp-json\/wp\/v2\/types\/product"}],"replies":[{"embeddable":true,"href":"https:\/\/vzklaboratory.com\/hr\/wp-json\/wp\/v2\/comments?post=3064"}],"wp:featuredmedia":[{"embeddable":true,"href":"https:\/\/vzklaboratory.com\/hr\/wp-json\/wp\/v2\/media\/3053"}],"wp:attachment":[{"href":"https:\/\/vzklaboratory.com\/hr\/wp-json\/wp\/v2\/media?parent=3064"}],"wp:term":[{"taxonomy":"product_brand","embeddable":true,"href":"https:\/\/vzklaboratory.com\/hr\/wp-json\/wp\/v2\/product_brand?post=3064"},{"taxonomy":"product_cat","embeddable":true,"href":"https:\/\/vzklaboratory.com\/hr\/wp-json\/wp\/v2\/product_cat?post=3064"},{"taxonomy":"product_tag","embeddable":true,"href":"https:\/\/vzklaboratory.com\/hr\/wp-json\/wp\/v2\/product_tag?post=3064"}],"curies":[{"name":"wp","href":"https:\/\/api.w.org\/{rel}","templated":true}]}}