{"id":3047,"date":"2025-10-19T22:57:08","date_gmt":"2025-10-19T20:57:08","guid":{"rendered":"https:\/\/vzk.cubesdev.rs\/our-products\/uncategorized\/vzk-hydra-glow-gel-za-umivanje\/"},"modified":"2025-10-27T14:45:55","modified_gmt":"2025-10-27T13:45:55","slug":"vzk-hydra-glow-gel-za-umivanje","status":"publish","type":"product","link":"https:\/\/vzklaboratory.com\/hr\/na\u0161i-proizvodi\/potrebe-koze-2\/ciscenje-lica-hr\/vzk-hydra-glow-gel-za-umivanje\/","title":{"rendered":"VZK HYDRA GLOW GEL ZA UMIVANJE"},"content":{"rendered":"<p>Gel za umivanje namijenjen \u010di\u0161\u0107enju i njezi svih tipova ko\u017ee. U\u010dinkovito \u010disti ko\u017eu, skida \u0161minku i odr\u017eava prirodni balans ko\u017ene barijere. Nje\u017eno uklanja masno\u0107u, ne\u010disto\u0107e i ostatke \u0161minke sa lica, bez pretjeranog isu\u0161ivanja.<\/p>\n","protected":false},"excerpt":{"rendered":"<p>Gel za umivanje namijenjen \u010di\u0161\u0107enju i njezi svih tipova ko\u017ee. U\u010dinkovito \u010disti ko\u017eu, skida \u0161minku i odr\u017eava prirodni balans ko\u017ene barijere. Nje\u017eno uklanja masno\u0107u, ne\u010disto\u0107e i ostatke \u0161minke sa lica, bez pretjeranog isu\u0161ivanja.<\/p>\n","protected":false},"featured_media":3042,"comment_status":"open","ping_status":"closed","template":"","meta":{"_acf_changed":false,"_seopress_robots_primary_cat":"none","_seopress_titles_title":"","_seopress_titles_desc":"","_seopress_robots_index":""},"product_brand":[],"product_cat":[380,210,211,212,213,214,216,220,236,352],"product_tag":[],"class_list":{"0":"post-3047","1":"product","2":"type-product","3":"status-publish","4":"has-post-thumbnail","6":"product_cat-ciscenje-lica-hr","7":"product_cat-njega-koze","8":"product_cat-njega-lica","9":"product_cat-tipovi-koze","10":"product_cat-normalna-koza-tipovi-koze","11":"product_cat-potrebe-koze-2","12":"product_cat-serija-proizvoda","13":"product_cat-hidratacija-potrebe-koze-2","14":"product_cat-svi-tipovi-koze-tipovi-koze","15":"product_cat-hidra-sjaj","17":"first","18":"instock","19":"shipping-taxable","20":"purchasable","21":"product-type-simple"},"acf":[],"_links":{"self":[{"href":"https:\/\/vzklaboratory.com\/hr\/wp-json\/wp\/v2\/product\/3047","targetHints":{"allow":["GET"]}}],"collection":[{"href":"https:\/\/vzklaboratory.com\/hr\/wp-json\/wp\/v2\/product"}],"about":[{"href":"https:\/\/vzklaboratory.com\/hr\/wp-json\/wp\/v2\/types\/product"}],"replies":[{"embeddable":true,"href":"https:\/\/vzklaboratory.com\/hr\/wp-json\/wp\/v2\/comments?post=3047"}],"wp:featuredmedia":[{"embeddable":true,"href":"https:\/\/vzklaboratory.com\/hr\/wp-json\/wp\/v2\/media\/3042"}],"wp:attachment":[{"href":"https:\/\/vzklaboratory.com\/hr\/wp-json\/wp\/v2\/media?parent=3047"}],"wp:term":[{"taxonomy":"product_brand","embeddable":true,"href":"https:\/\/vzklaboratory.com\/hr\/wp-json\/wp\/v2\/product_brand?post=3047"},{"taxonomy":"product_cat","embeddable":true,"href":"https:\/\/vzklaboratory.com\/hr\/wp-json\/wp\/v2\/product_cat?post=3047"},{"taxonomy":"product_tag","embeddable":true,"href":"https:\/\/vzklaboratory.com\/hr\/wp-json\/wp\/v2\/product_tag?post=3047"}],"curies":[{"name":"wp","href":"https:\/\/api.w.org\/{rel}","templated":true}]}}