{"id":3036,"date":"2025-10-19T22:57:03","date_gmt":"2025-10-19T20:57:03","guid":{"rendered":"https:\/\/vzk.cubesdev.rs\/our-products\/uncategorized\/serum-za-lice-sa-hijaluronom\/"},"modified":"2025-10-27T14:46:41","modified_gmt":"2025-10-27T13:46:41","slug":"serum-za-lice-sa-hijaluronom","status":"publish","type":"product","link":"https:\/\/vzklaboratory.com\/hr\/na\u0161i-proizvodi\/njega-koze\/njega-lica\/serum-za-lice-sa-hijaluronom\/","title":{"rendered":"SERUM ZA LICE SA HIJALURONOM"},"content":{"rendered":"<p>Koncentrirani serum za lice sa hijaluronskom kiselinom i kofeinom namijenjen njezi i hidrataciji ko\u017ee lica. Zahvaljuju\u0107i visokou\u010dinkovitim anti-age sastojcima pru\u017ea trenutni izgled zatezanja, umanjuje znake umora i stresa, daju\u0107i ko\u017ei sjaj i energiju. Pogodno za sve tipove ko\u017ee.<\/p>\n","protected":false},"excerpt":{"rendered":"<p>Koncentrirani serum za lice sa hijaluronskom kiselinom i kofeinom namijenjen njezi i hidrataciji ko\u017ee lica. Zahvaljuju\u0107i visokou\u010dinkovitim anti-age sastojcima pru\u017ea trenutni izgled zatezanja, umanjuje znake umora i stresa, daju\u0107i ko\u017ei sjaj i energiju. Pogodno za sve tipove ko\u017ee.<\/p>\n","protected":false},"featured_media":3031,"comment_status":"open","ping_status":"closed","template":"","meta":{"_acf_changed":false,"_seopress_robots_primary_cat":"none","_seopress_titles_title":"","_seopress_titles_desc":"","_seopress_robots_index":""},"product_brand":[],"product_cat":[210,211,212,214,216,217,220,225,231,236],"product_tag":[],"class_list":{"0":"post-3036","1":"product","2":"type-product","3":"status-publish","4":"has-post-thumbnail","6":"product_cat-njega-koze","7":"product_cat-njega-lica","8":"product_cat-tipovi-koze","9":"product_cat-potrebe-koze-2","10":"product_cat-serija-proizvoda","11":"product_cat-hijaluronska-kiselina","12":"product_cat-hidratacija-potrebe-koze-2","13":"product_cat-protiv-bora-potrebe-koze-2","14":"product_cat-suha-koza","15":"product_cat-svi-tipovi-koze-tipovi-koze","17":"first","18":"instock","19":"shipping-taxable","20":"purchasable","21":"product-type-simple"},"acf":[],"_links":{"self":[{"href":"https:\/\/vzklaboratory.com\/hr\/wp-json\/wp\/v2\/product\/3036","targetHints":{"allow":["GET"]}}],"collection":[{"href":"https:\/\/vzklaboratory.com\/hr\/wp-json\/wp\/v2\/product"}],"about":[{"href":"https:\/\/vzklaboratory.com\/hr\/wp-json\/wp\/v2\/types\/product"}],"replies":[{"embeddable":true,"href":"https:\/\/vzklaboratory.com\/hr\/wp-json\/wp\/v2\/comments?post=3036"}],"wp:featuredmedia":[{"embeddable":true,"href":"https:\/\/vzklaboratory.com\/hr\/wp-json\/wp\/v2\/media\/3031"}],"wp:attachment":[{"href":"https:\/\/vzklaboratory.com\/hr\/wp-json\/wp\/v2\/media?parent=3036"}],"wp:term":[{"taxonomy":"product_brand","embeddable":true,"href":"https:\/\/vzklaboratory.com\/hr\/wp-json\/wp\/v2\/product_brand?post=3036"},{"taxonomy":"product_cat","embeddable":true,"href":"https:\/\/vzklaboratory.com\/hr\/wp-json\/wp\/v2\/product_cat?post=3036"},{"taxonomy":"product_tag","embeddable":true,"href":"https:\/\/vzklaboratory.com\/hr\/wp-json\/wp\/v2\/product_tag?post=3036"}],"curies":[{"name":"wp","href":"https:\/\/api.w.org\/{rel}","templated":true}]}}