{"id":3025,"date":"2025-10-19T22:56:58","date_gmt":"2025-10-19T20:56:58","guid":{"rendered":"https:\/\/vzk.cubesdev.rs\/our-products\/uncategorized\/nocna-krema-za-lice-sa-hijaluronom\/"},"modified":"2025-10-27T14:51:51","modified_gmt":"2025-10-27T13:51:51","slug":"nocna-krema-za-lice-sa-hijaluronom","status":"publish","type":"product","link":"https:\/\/vzklaboratory.com\/hr\/na\u0161i-proizvodi\/potrebe-koze-2\/protiv-bora-potrebe-koze-2\/nocna-krema-za-lice-sa-hijaluronom\/","title":{"rendered":"NO\u0106NA KREMA ZA LICE SA HIJALURONOM"},"content":{"rendered":"<p>No\u0107na krema sa anti-age efektom predstavlja posebnu formulaciju namijenjenu njezi i oporavku ko\u017ee lica tijekom no\u0107i. Sadr\u017ei hijaluronsku kiselinu, ulja p\u0161eni\u010dnih klica i sjemenki gro\u017e\u0111a, koji pru\u017eaju intenzivnu njegu i hidrataciju, za glatku i zategnutu ko\u017eu. Pogodno za sve tipove ko\u017ee.<\/p>\n","protected":false},"excerpt":{"rendered":"<p>No\u0107na krema sa anti-age efektom predstavlja posebnu formulaciju namijenjenu njezi i oporavku ko\u017ee lica tijekom no\u0107i. Sadr\u017ei hijaluronsku kiselinu, ulja p\u0161eni\u010dnih klica i sjemenki gro\u017e\u0111a, koji pru\u017eaju intenzivnu njegu i hidrataciju, za glatku i zategnutu ko\u017eu. Pogodno za sve tipove ko\u017ee.<\/p>\n","protected":false},"featured_media":3020,"comment_status":"open","ping_status":"closed","template":"","meta":{"_acf_changed":false,"_seopress_robots_primary_cat":"none","_seopress_titles_title":"","_seopress_titles_desc":"","_seopress_robots_index":""},"product_brand":[],"product_cat":[225,231,236,210,211,212,214,216,217,220],"product_tag":[],"class_list":{"0":"post-3025","1":"product","2":"type-product","3":"status-publish","4":"has-post-thumbnail","6":"product_cat-protiv-bora-potrebe-koze-2","7":"product_cat-suha-koza","8":"product_cat-svi-tipovi-koze-tipovi-koze","9":"product_cat-njega-koze","10":"product_cat-njega-lica","11":"product_cat-tipovi-koze","12":"product_cat-potrebe-koze-2","13":"product_cat-serija-proizvoda","14":"product_cat-hijaluronska-kiselina","15":"product_cat-hidratacija-potrebe-koze-2","17":"first","18":"instock","19":"shipping-taxable","20":"purchasable","21":"product-type-simple"},"acf":[],"_links":{"self":[{"href":"https:\/\/vzklaboratory.com\/hr\/wp-json\/wp\/v2\/product\/3025","targetHints":{"allow":["GET"]}}],"collection":[{"href":"https:\/\/vzklaboratory.com\/hr\/wp-json\/wp\/v2\/product"}],"about":[{"href":"https:\/\/vzklaboratory.com\/hr\/wp-json\/wp\/v2\/types\/product"}],"replies":[{"embeddable":true,"href":"https:\/\/vzklaboratory.com\/hr\/wp-json\/wp\/v2\/comments?post=3025"}],"wp:featuredmedia":[{"embeddable":true,"href":"https:\/\/vzklaboratory.com\/hr\/wp-json\/wp\/v2\/media\/3020"}],"wp:attachment":[{"href":"https:\/\/vzklaboratory.com\/hr\/wp-json\/wp\/v2\/media?parent=3025"}],"wp:term":[{"taxonomy":"product_brand","embeddable":true,"href":"https:\/\/vzklaboratory.com\/hr\/wp-json\/wp\/v2\/product_brand?post=3025"},{"taxonomy":"product_cat","embeddable":true,"href":"https:\/\/vzklaboratory.com\/hr\/wp-json\/wp\/v2\/product_cat?post=3025"},{"taxonomy":"product_tag","embeddable":true,"href":"https:\/\/vzklaboratory.com\/hr\/wp-json\/wp\/v2\/product_tag?post=3025"}],"curies":[{"name":"wp","href":"https:\/\/api.w.org\/{rel}","templated":true}]}}