{"id":2983,"date":"2025-10-19T22:56:38","date_gmt":"2025-10-19T20:56:38","guid":{"rendered":"https:\/\/vzk.cubesdev.rs\/our-products\/uncategorized\/hidratantna-krema-za-lice\/"},"modified":"2025-10-27T15:00:29","modified_gmt":"2025-10-27T14:00:29","slug":"hidratantna-krema-za-lice","status":"publish","type":"product","link":"https:\/\/vzklaboratory.com\/hr\/na\u0161i-proizvodi\/potrebe-koze-2\/osnovna-njega\/hidratantna-krema-za-lice\/","title":{"rendered":"HIDRATANTNA KREMA ZA LICE"},"content":{"rendered":"<p>Nemasna fomulacija na bazi pantenola i ulja jojobe namijenjena svakodnevnoj njezi ko\u017ee lica. Sadr\u017ei vitamine A i E, koji smanjuju znake umora, pantenol i alantoin koji hidriraju ko\u017eu i daju joj blistavost i jojoba ulje koje omek\u0161ava i \u0161titi ko\u017eu lica.<\/p>\n","protected":false},"excerpt":{"rendered":"<p>Nemasna fomulacija na bazi pantenola i ulja jojobe namijenjena svakodnevnoj njezi ko\u017ee lica. Sadr\u017ei vitamine A i E, koji smanjuju znake umora, pantenol i alantoin koji hidriraju ko\u017eu i daju joj blistavost i jojoba ulje koje omek\u0161ava i \u0161titi ko\u017eu lica.<\/p>\n","protected":false},"featured_media":2978,"comment_status":"open","ping_status":"closed","template":"","meta":{"_acf_changed":false,"_seopress_robots_primary_cat":"none","_seopress_titles_title":"","_seopress_titles_desc":"","_seopress_robots_index":""},"product_brand":[],"product_cat":[214,215,216,220,224,228,351,210,211,212],"product_tag":[],"class_list":{"0":"post-2983","1":"product","2":"type-product","3":"status-publish","4":"has-post-thumbnail","6":"product_cat-potrebe-koze-2","7":"product_cat-osnovna-njega","8":"product_cat-serija-proizvoda","9":"product_cat-hidratacija-potrebe-koze-2","10":"product_cat-masna-koza-tipovi-koze","11":"product_cat-kombinirana-koza","12":"product_cat-osnovna-hidratacija","13":"product_cat-njega-koze","14":"product_cat-njega-lica","15":"product_cat-tipovi-koze","17":"first","18":"instock","19":"shipping-taxable","20":"purchasable","21":"product-type-simple"},"acf":[],"_links":{"self":[{"href":"https:\/\/vzklaboratory.com\/hr\/wp-json\/wp\/v2\/product\/2983","targetHints":{"allow":["GET"]}}],"collection":[{"href":"https:\/\/vzklaboratory.com\/hr\/wp-json\/wp\/v2\/product"}],"about":[{"href":"https:\/\/vzklaboratory.com\/hr\/wp-json\/wp\/v2\/types\/product"}],"replies":[{"embeddable":true,"href":"https:\/\/vzklaboratory.com\/hr\/wp-json\/wp\/v2\/comments?post=2983"}],"wp:featuredmedia":[{"embeddable":true,"href":"https:\/\/vzklaboratory.com\/hr\/wp-json\/wp\/v2\/media\/2978"}],"wp:attachment":[{"href":"https:\/\/vzklaboratory.com\/hr\/wp-json\/wp\/v2\/media?parent=2983"}],"wp:term":[{"taxonomy":"product_brand","embeddable":true,"href":"https:\/\/vzklaboratory.com\/hr\/wp-json\/wp\/v2\/product_brand?post=2983"},{"taxonomy":"product_cat","embeddable":true,"href":"https:\/\/vzklaboratory.com\/hr\/wp-json\/wp\/v2\/product_cat?post=2983"},{"taxonomy":"product_tag","embeddable":true,"href":"https:\/\/vzklaboratory.com\/hr\/wp-json\/wp\/v2\/product_tag?post=2983"}],"curies":[{"name":"wp","href":"https:\/\/api.w.org\/{rel}","templated":true}]}}