{"id":2954,"date":"2025-10-19T22:56:01","date_gmt":"2025-10-19T20:56:01","guid":{"rendered":"https:\/\/vzk.cubesdev.rs\/our-products\/uncategorized\/losion-za-ciscenje-problematicne-koze-lica\/"},"modified":"2025-10-27T15:01:22","modified_gmt":"2025-10-27T14:01:22","slug":"losion-za-ciscenje-problematicne-koze-lica","status":"publish","type":"product","link":"https:\/\/vzklaboratory.com\/hr\/na\u0161i-proizvodi\/njega-koze\/njega-lica\/losion-za-ciscenje-problematicne-koze-lica\/","title":{"rendered":"LOSION ZA \u010cI\u0160\u0106ENJE PROBLEMATI\u010cNE KO\u017dE LICA"},"content":{"rendered":"<p>Formulacija na bazi alfa i beta-hidroksi kiselina namijenjena \u010di\u0161\u0107enju masne i problemati\u010dne ko\u017ee lica, vrata, dekoltea i le\u0111a.<\/p>\n","protected":false},"excerpt":{"rendered":"<p>Formulacija na bazi alfa i beta-hidroksi kiselina namijenjena \u010di\u0161\u0107enju masne i problemati\u010dne ko\u017ee lica, vrata, dekoltea i le\u0111a.<\/p>\n","protected":false},"featured_media":2913,"comment_status":"open","ping_status":"closed","template":"","meta":{"_acf_changed":false,"_seopress_robots_primary_cat":"none","_seopress_titles_title":"","_seopress_titles_desc":"","_seopress_robots_index":""},"product_brand":[],"product_cat":[210,211,212,214,216,219,221,224,229,237,380],"product_tag":[],"class_list":{"0":"post-2954","1":"product","2":"type-product","3":"status-publish","4":"has-post-thumbnail","6":"product_cat-njega-koze","7":"product_cat-njega-lica","8":"product_cat-tipovi-koze","9":"product_cat-potrebe-koze-2","10":"product_cat-serija-proizvoda","11":"product_cat-koza-sklona-aknama-tipovi-koze","12":"product_cat-problematicna-koza","13":"product_cat-masna-koza-tipovi-koze","14":"product_cat-kontrola-akni-potrebe-koze-2","15":"product_cat-kontrola-svjetline","16":"product_cat-ciscenje-lica-hr","18":"first","19":"instock","20":"shipping-taxable","21":"purchasable","22":"product-type-simple"},"acf":[],"_links":{"self":[{"href":"https:\/\/vzklaboratory.com\/hr\/wp-json\/wp\/v2\/product\/2954","targetHints":{"allow":["GET"]}}],"collection":[{"href":"https:\/\/vzklaboratory.com\/hr\/wp-json\/wp\/v2\/product"}],"about":[{"href":"https:\/\/vzklaboratory.com\/hr\/wp-json\/wp\/v2\/types\/product"}],"replies":[{"embeddable":true,"href":"https:\/\/vzklaboratory.com\/hr\/wp-json\/wp\/v2\/comments?post=2954"}],"wp:featuredmedia":[{"embeddable":true,"href":"https:\/\/vzklaboratory.com\/hr\/wp-json\/wp\/v2\/media\/2913"}],"wp:attachment":[{"href":"https:\/\/vzklaboratory.com\/hr\/wp-json\/wp\/v2\/media?parent=2954"}],"wp:term":[{"taxonomy":"product_brand","embeddable":true,"href":"https:\/\/vzklaboratory.com\/hr\/wp-json\/wp\/v2\/product_brand?post=2954"},{"taxonomy":"product_cat","embeddable":true,"href":"https:\/\/vzklaboratory.com\/hr\/wp-json\/wp\/v2\/product_cat?post=2954"},{"taxonomy":"product_tag","embeddable":true,"href":"https:\/\/vzklaboratory.com\/hr\/wp-json\/wp\/v2\/product_tag?post=2954"}],"curies":[{"name":"wp","href":"https:\/\/api.w.org\/{rel}","templated":true}]}}