{"id":2907,"date":"2025-10-19T22:55:48","date_gmt":"2025-10-19T20:55:48","guid":{"rendered":"https:\/\/vzk.cubesdev.rs\/our-products\/uncategorized\/flasteri\/"},"modified":"2025-10-27T15:01:46","modified_gmt":"2025-10-27T14:01:46","slug":"flasteri","status":"publish","type":"product","link":"https:\/\/vzklaboratory.com\/hr\/na\u0161i-proizvodi\/tipovi-koze\/koza-sklona-aknama-tipovi-koze\/flasteri\/","title":{"rendered":"FLASTERI"},"content":{"rendered":"<p>Flasteri na bazi salicilne kiseline i ekstrakta zelenog \u010daja specijalno formulirani za brzo isu\u0161ivanje ne\u010disto\u0107a i umirivanje iritacija na ko\u017ei sklonoj aknama.<\/p>\n","protected":false},"excerpt":{"rendered":"<p>Flasteri na bazi salicilne kiseline i ekstrakta zelenog \u010daja specijalno formulirani za brzo isu\u0161ivanje ne\u010disto\u0107a i umirivanje iritacija na ko\u017ei sklonoj aknama.<\/p>\n","protected":false},"featured_media":6493,"comment_status":"open","ping_status":"closed","template":"","meta":{"_acf_changed":false,"_seopress_robots_primary_cat":"none","_seopress_titles_title":"","_seopress_titles_desc":"","_seopress_robots_index":""},"product_brand":[],"product_cat":[214,216,219,221,229,210,211,212],"product_tag":[],"class_list":{"0":"post-2907","1":"product","2":"type-product","3":"status-publish","4":"has-post-thumbnail","6":"product_cat-potrebe-koze-2","7":"product_cat-serija-proizvoda","8":"product_cat-koza-sklona-aknama-tipovi-koze","9":"product_cat-problematicna-koza","10":"product_cat-kontrola-akni-potrebe-koze-2","11":"product_cat-njega-koze","12":"product_cat-njega-lica","13":"product_cat-tipovi-koze","15":"first","16":"instock","17":"shipping-taxable","18":"purchasable","19":"product-type-simple"},"acf":[],"_links":{"self":[{"href":"https:\/\/vzklaboratory.com\/hr\/wp-json\/wp\/v2\/product\/2907","targetHints":{"allow":["GET"]}}],"collection":[{"href":"https:\/\/vzklaboratory.com\/hr\/wp-json\/wp\/v2\/product"}],"about":[{"href":"https:\/\/vzklaboratory.com\/hr\/wp-json\/wp\/v2\/types\/product"}],"replies":[{"embeddable":true,"href":"https:\/\/vzklaboratory.com\/hr\/wp-json\/wp\/v2\/comments?post=2907"}],"wp:featuredmedia":[{"embeddable":true,"href":"https:\/\/vzklaboratory.com\/hr\/wp-json\/wp\/v2\/media\/6493"}],"wp:attachment":[{"href":"https:\/\/vzklaboratory.com\/hr\/wp-json\/wp\/v2\/media?parent=2907"}],"wp:term":[{"taxonomy":"product_brand","embeddable":true,"href":"https:\/\/vzklaboratory.com\/hr\/wp-json\/wp\/v2\/product_brand?post=2907"},{"taxonomy":"product_cat","embeddable":true,"href":"https:\/\/vzklaboratory.com\/hr\/wp-json\/wp\/v2\/product_cat?post=2907"},{"taxonomy":"product_tag","embeddable":true,"href":"https:\/\/vzklaboratory.com\/hr\/wp-json\/wp\/v2\/product_tag?post=2907"}],"curies":[{"name":"wp","href":"https:\/\/api.w.org\/{rel}","templated":true}]}}