{"id":2884,"date":"2025-10-19T22:55:39","date_gmt":"2025-10-19T20:55:39","guid":{"rendered":"https:\/\/vzk.cubesdev.rs\/our-products\/uncategorized\/dnevna-krema-za-lice-sa-retinolom\/"},"modified":"2025-10-27T15:02:21","modified_gmt":"2025-10-27T14:02:21","slug":"dnevna-krema-za-lice-sa-retinolom","status":"publish","type":"product","link":"https:\/\/vzklaboratory.com\/hr\/na\u0161i-proizvodi\/tipovi-koze\/normalna-koza-tipovi-koze\/dnevna-krema-za-lice-sa-retinolom\/","title":{"rendered":"DNEVNA KREMA ZA LICE SA RETINOLOM"},"content":{"rendered":"<p>Formulacija bazirana na dokazanom pozitivnom djelovanju vitamina A u anti-age tretmanu ko\u017ee. Lagane je teksture i specijalno je formulirana za dnevnu njegu ko\u017ee. Sadr\u017ei retinol koji dokazano poma\u017ee pri usporavanju procesa starenja i stvaranja novih bora, dok glicerin hidrira ko\u017eu lica i vra\u0107a joj meko\u0107u i sjaj. Sadr\u017ei za\u0161titni faktor SPF 15, koji \u0161titi ko\u017eu od sunca i preranog starenja.<\/p>\n","protected":false},"excerpt":{"rendered":"<p>Formulacija bazirana na dokazanom pozitivnom djelovanju vitamina A u anti-age tretmanu ko\u017ee. Lagane je teksture i specijalno je formulirana za dnevnu njegu ko\u017ee. Sadr\u017ei retinol koji dokazano poma\u017ee pri usporavanju procesa starenja i stvaranja novih bora, dok glicerin hidrira ko\u017eu lica i vra\u0107a joj meko\u0107u i sjaj. Sadr\u017ei za\u0161titni faktor SPF 15, koji \u0161titi ko\u017eu [&hellip;]<\/p>\n","protected":false},"featured_media":2873,"comment_status":"open","ping_status":"closed","template":"","meta":{"_acf_changed":false,"_seopress_robots_primary_cat":"none","_seopress_titles_title":"","_seopress_titles_desc":"","_seopress_robots_index":""},"product_brand":[],"product_cat":[213,214,216,220,225,236,240,353,210,211,212],"product_tag":[],"class_list":{"0":"post-2884","1":"product","2":"type-product","3":"status-publish","4":"has-post-thumbnail","6":"product_cat-normalna-koza-tipovi-koze","7":"product_cat-potrebe-koze-2","8":"product_cat-serija-proizvoda","9":"product_cat-hidratacija-potrebe-koze-2","10":"product_cat-protiv-bora-potrebe-koze-2","11":"product_cat-svi-tipovi-koze-tipovi-koze","12":"product_cat-spf-zastita-potrebe-koze-2","13":"product_cat-retinol-serija-proizvoda","14":"product_cat-njega-koze","15":"product_cat-njega-lica","16":"product_cat-tipovi-koze","18":"first","19":"instock","20":"shipping-taxable","21":"purchasable","22":"product-type-simple"},"acf":[],"_links":{"self":[{"href":"https:\/\/vzklaboratory.com\/hr\/wp-json\/wp\/v2\/product\/2884","targetHints":{"allow":["GET"]}}],"collection":[{"href":"https:\/\/vzklaboratory.com\/hr\/wp-json\/wp\/v2\/product"}],"about":[{"href":"https:\/\/vzklaboratory.com\/hr\/wp-json\/wp\/v2\/types\/product"}],"replies":[{"embeddable":true,"href":"https:\/\/vzklaboratory.com\/hr\/wp-json\/wp\/v2\/comments?post=2884"}],"wp:featuredmedia":[{"embeddable":true,"href":"https:\/\/vzklaboratory.com\/hr\/wp-json\/wp\/v2\/media\/2873"}],"wp:attachment":[{"href":"https:\/\/vzklaboratory.com\/hr\/wp-json\/wp\/v2\/media?parent=2884"}],"wp:term":[{"taxonomy":"product_brand","embeddable":true,"href":"https:\/\/vzklaboratory.com\/hr\/wp-json\/wp\/v2\/product_brand?post=2884"},{"taxonomy":"product_cat","embeddable":true,"href":"https:\/\/vzklaboratory.com\/hr\/wp-json\/wp\/v2\/product_cat?post=2884"},{"taxonomy":"product_tag","embeddable":true,"href":"https:\/\/vzklaboratory.com\/hr\/wp-json\/wp\/v2\/product_tag?post=2884"}],"curies":[{"name":"wp","href":"https:\/\/api.w.org\/{rel}","templated":true}]}}