{"id":2851,"date":"2025-10-19T22:55:21","date_gmt":"2025-10-19T20:55:21","guid":{"rendered":"https:\/\/vzk.cubesdev.rs\/our-products\/uncategorized\/pantenol-b5-cica-nocna-maska\/"},"modified":"2025-10-27T15:03:18","modified_gmt":"2025-10-27T14:03:18","slug":"pantenol-b5-cica-nocna-maska","status":"publish","type":"product","link":"https:\/\/vzklaboratory.com\/hr\/na\u0161i-proizvodi\/serija-proizvoda\/pantenol-b5-cica\/pantenol-b5-cica-nocna-maska\/","title":{"rendered":"PANTENOL B5 CICA NO\u0106NA MASKA"},"content":{"rendered":"<p>Pa\u017eljivo formulirana no\u0107na maska, namijenjena je intenzivnoj njezi lica tijekom no\u0107i, kojoj pru\u017ea neophodnu hidrataciju i njegu. Sadr\u017ei CICA kompleks (Centella asiatica extract, Asiaticoside, Madecassic acid, Asiatic acid), koji dokazano smanjuje crvenilo, umiruje ko\u017eu i poma\u017ee kod njenog oporavka tijekom no\u0107i, \u010dine\u0107i ko\u017eu lica blistavom i sjajnom. Ova hranjiva maska za lice poma\u017ee u obnovi i ja\u010danju prirodne barijere ko\u017ee, sprje\u010dava gubitak vlage tijekom no\u0107i i \u010dini je mekom i glatkom.<\/p>\n","protected":false},"excerpt":{"rendered":"<p>Pa\u017eljivo formulirana no\u0107na maska, namijenjena je intenzivnoj njezi lica tijekom no\u0107i, kojoj pru\u017ea neophodnu hidrataciju i njegu. Sadr\u017ei CICA kompleks (Centella asiatica extract, Asiaticoside, Madecassic acid, Asiatic acid), koji dokazano smanjuje crvenilo, umiruje ko\u017eu i poma\u017ee kod njenog oporavka tijekom no\u0107i, \u010dine\u0107i ko\u017eu lica blistavom i sjajnom. Ova hranjiva maska za lice poma\u017ee u obnovi [&hellip;]<\/p>\n","protected":false},"featured_media":2840,"comment_status":"open","ping_status":"closed","template":"","meta":{"_acf_changed":false,"_seopress_robots_primary_cat":"none","_seopress_titles_title":"","_seopress_titles_desc":"","_seopress_robots_index":""},"product_brand":[],"product_cat":[210,354,211,212,213,214,216,220,233,234,236,239],"product_tag":[],"class_list":{"0":"post-2851","1":"product","2":"type-product","3":"status-publish","4":"has-post-thumbnail","6":"product_cat-njega-koze","7":"product_cat-pantenol-b5-cica","8":"product_cat-njega-lica","9":"product_cat-tipovi-koze","10":"product_cat-normalna-koza-tipovi-koze","11":"product_cat-potrebe-koze-2","12":"product_cat-serija-proizvoda","13":"product_cat-hidratacija-potrebe-koze-2","14":"product_cat-protiv-iritacije-potrebe-koze-2","15":"product_cat-osjetljiva-koza","16":"product_cat-svi-tipovi-koze-tipovi-koze","17":"product_cat-obnova-i-revitalizacija","19":"first","20":"instock","21":"shipping-taxable","22":"purchasable","23":"product-type-simple"},"acf":[],"_links":{"self":[{"href":"https:\/\/vzklaboratory.com\/hr\/wp-json\/wp\/v2\/product\/2851","targetHints":{"allow":["GET"]}}],"collection":[{"href":"https:\/\/vzklaboratory.com\/hr\/wp-json\/wp\/v2\/product"}],"about":[{"href":"https:\/\/vzklaboratory.com\/hr\/wp-json\/wp\/v2\/types\/product"}],"replies":[{"embeddable":true,"href":"https:\/\/vzklaboratory.com\/hr\/wp-json\/wp\/v2\/comments?post=2851"}],"wp:featuredmedia":[{"embeddable":true,"href":"https:\/\/vzklaboratory.com\/hr\/wp-json\/wp\/v2\/media\/2840"}],"wp:attachment":[{"href":"https:\/\/vzklaboratory.com\/hr\/wp-json\/wp\/v2\/media?parent=2851"}],"wp:term":[{"taxonomy":"product_brand","embeddable":true,"href":"https:\/\/vzklaboratory.com\/hr\/wp-json\/wp\/v2\/product_brand?post=2851"},{"taxonomy":"product_cat","embeddable":true,"href":"https:\/\/vzklaboratory.com\/hr\/wp-json\/wp\/v2\/product_cat?post=2851"},{"taxonomy":"product_tag","embeddable":true,"href":"https:\/\/vzklaboratory.com\/hr\/wp-json\/wp\/v2\/product_tag?post=2851"}],"curies":[{"name":"wp","href":"https:\/\/api.w.org\/{rel}","templated":true}]}}