{"id":2774,"date":"2025-10-19T22:54:42","date_gmt":"2025-10-19T20:54:42","guid":{"rendered":"https:\/\/vzk.cubesdev.rs\/our-products\/uncategorized\/cc-krema-za-zastitu-od-sunca-spf-30\/"},"modified":"2025-10-27T15:02:45","modified_gmt":"2025-10-27T14:02:45","slug":"cc-krema-za-zastitu-od-sunca-spf-30","status":"publish","type":"product","link":"https:\/\/vzklaboratory.com\/hr\/na\u0161i-proizvodi\/serija-proizvoda\/cc-kreme-serija-proizvoda\/cc-krema-za-zastitu-od-sunca-spf-30\/","title":{"rendered":"CC KREMA ZA ZA\u0160TITU OD SUNCA SPF 30"},"content":{"rendered":"<p>Savr\u0161en spoj tonirane kreme za lice i kreme za njegu ko\u017ee. Sadr\u017ei korektivne pigmente i sastojke koji njeguju i \u0161tite ko\u017eu od negativnih vanjskih uticaja. Lagane je teksture, ujedna\u010dava ten i \u010dini ga blistavim. Prikriva nedostatke kao \u0161to su fleke i znaci umora. Sadr\u017ei za\u0161titni faktor SPF 30, koji \u0161titi ko\u017eu od sunca i preranog starenja.<\/p>\n","protected":false},"excerpt":{"rendered":"<p>Savr\u0161en spoj tonirane kreme za lice i kreme za njegu ko\u017ee. Sadr\u017ei korektivne pigmente i sastojke koji njeguju i \u0161tite ko\u017eu od negativnih vanjskih uticaja. Lagane je teksture, ujedna\u010dava ten i \u010dini ga blistavim. Prikriva nedostatke kao \u0161to su fleke i znaci umora. Sadr\u017ei za\u0161titni faktor SPF 30, koji \u0161titi ko\u017eu od sunca i preranog [&hellip;]<\/p>\n","protected":false},"featured_media":2763,"comment_status":"open","ping_status":"closed","template":"","meta":{"_acf_changed":false,"_seopress_robots_primary_cat":"none","_seopress_titles_title":"","_seopress_titles_desc":"","_seopress_robots_index":""},"product_brand":[],"product_cat":[355,406,210,212,213,214,216,227,235,236,240],"product_tag":[],"class_list":{"0":"post-2774","1":"product","2":"type-product","3":"status-publish","4":"has-post-thumbnail","6":"product_cat-cc-kreme-serija-proizvoda","7":"product_cat-sun-care-program-hr","8":"product_cat-njega-koze","9":"product_cat-tipovi-koze","10":"product_cat-normalna-koza-tipovi-koze","11":"product_cat-potrebe-koze-2","12":"product_cat-serija-proizvoda","13":"product_cat-zastita-od-sunca-njega-koze","14":"product_cat-ujednacite-ten-i-teksturu-koze","15":"product_cat-svi-tipovi-koze-tipovi-koze","16":"product_cat-spf-zastita-potrebe-koze-2","18":"first","19":"instock","20":"shipping-taxable","21":"purchasable","22":"product-type-simple"},"acf":[],"_links":{"self":[{"href":"https:\/\/vzklaboratory.com\/hr\/wp-json\/wp\/v2\/product\/2774","targetHints":{"allow":["GET"]}}],"collection":[{"href":"https:\/\/vzklaboratory.com\/hr\/wp-json\/wp\/v2\/product"}],"about":[{"href":"https:\/\/vzklaboratory.com\/hr\/wp-json\/wp\/v2\/types\/product"}],"replies":[{"embeddable":true,"href":"https:\/\/vzklaboratory.com\/hr\/wp-json\/wp\/v2\/comments?post=2774"}],"wp:featuredmedia":[{"embeddable":true,"href":"https:\/\/vzklaboratory.com\/hr\/wp-json\/wp\/v2\/media\/2763"}],"wp:attachment":[{"href":"https:\/\/vzklaboratory.com\/hr\/wp-json\/wp\/v2\/media?parent=2774"}],"wp:term":[{"taxonomy":"product_brand","embeddable":true,"href":"https:\/\/vzklaboratory.com\/hr\/wp-json\/wp\/v2\/product_brand?post=2774"},{"taxonomy":"product_cat","embeddable":true,"href":"https:\/\/vzklaboratory.com\/hr\/wp-json\/wp\/v2\/product_cat?post=2774"},{"taxonomy":"product_tag","embeddable":true,"href":"https:\/\/vzklaboratory.com\/hr\/wp-json\/wp\/v2\/product_tag?post=2774"}],"curies":[{"name":"wp","href":"https:\/\/api.w.org\/{rel}","templated":true}]}}