{"id":2696,"date":"2025-10-19T22:54:01","date_gmt":"2025-10-19T20:54:01","guid":{"rendered":"https:\/\/vzk.cubesdev.rs\/our-products\/uncategorized\/bademovo-ulje\/"},"modified":"2025-10-27T15:07:02","modified_gmt":"2025-10-27T14:07:02","slug":"bademovo-ulje","status":"publish","type":"product","link":"https:\/\/vzklaboratory.com\/hr\/na\u0161i-proizvodi\/njega-koze\/kucna-ljekarna\/bademovo-ulje\/","title":{"rendered":"BADEMOVO ULJE"},"content":{"rendered":"<p>Bademovo ulje se koristi za njegu suhe ko\u017ee i kose. Ono poma\u017ee oporavku kose, o\u0161te\u0107ene razli\u010ditim fizi\u010dkim i kemijskim utjecajima, pri \u010demu kosi vra\u0107a meko\u0107u, sjaj i volumen. Tako\u0111er, bademovo ulje pobolj\u0161ava vla\u017enost ko\u017ee i odr\u017eava je mekom i glatkom, a dodatak vitamina E \u0161titi ko\u017eu i \u010dini je otpornijom na vanjske \u010dimbenike.<\/p>\n","protected":false},"excerpt":{"rendered":"<p>Bademovo ulje se koristi za njegu suhe ko\u017ee i kose. Ono poma\u017ee oporavku kose, o\u0161te\u0107ene razli\u010ditim fizi\u010dkim i kemijskim utjecajima, pri \u010demu kosi vra\u0107a meko\u0107u, sjaj i volumen. Tako\u0111er, bademovo ulje pobolj\u0161ava vla\u017enost ko\u017ee i odr\u017eava je mekom i glatkom, a dodatak vitamina E \u0161titi ko\u017eu i \u010dini je otpornijom na vanjske \u010dimbenike.<\/p>\n","protected":false},"featured_media":2685,"comment_status":"open","ping_status":"closed","template":"","meta":{"_acf_changed":false,"_seopress_robots_primary_cat":"none","_seopress_titles_title":"","_seopress_titles_desc":"","_seopress_robots_index":""},"product_brand":[],"product_cat":[212,214,216,349,210],"product_tag":[],"class_list":{"0":"post-2696","1":"product","2":"type-product","3":"status-publish","4":"has-post-thumbnail","6":"product_cat-tipovi-koze","7":"product_cat-potrebe-koze-2","8":"product_cat-serija-proizvoda","9":"product_cat-kucna-ljekarna","10":"product_cat-njega-koze","12":"first","13":"instock","14":"shipping-taxable","15":"purchasable","16":"product-type-simple"},"acf":[],"_links":{"self":[{"href":"https:\/\/vzklaboratory.com\/hr\/wp-json\/wp\/v2\/product\/2696","targetHints":{"allow":["GET"]}}],"collection":[{"href":"https:\/\/vzklaboratory.com\/hr\/wp-json\/wp\/v2\/product"}],"about":[{"href":"https:\/\/vzklaboratory.com\/hr\/wp-json\/wp\/v2\/types\/product"}],"replies":[{"embeddable":true,"href":"https:\/\/vzklaboratory.com\/hr\/wp-json\/wp\/v2\/comments?post=2696"}],"wp:featuredmedia":[{"embeddable":true,"href":"https:\/\/vzklaboratory.com\/hr\/wp-json\/wp\/v2\/media\/2685"}],"wp:attachment":[{"href":"https:\/\/vzklaboratory.com\/hr\/wp-json\/wp\/v2\/media?parent=2696"}],"wp:term":[{"taxonomy":"product_brand","embeddable":true,"href":"https:\/\/vzklaboratory.com\/hr\/wp-json\/wp\/v2\/product_brand?post=2696"},{"taxonomy":"product_cat","embeddable":true,"href":"https:\/\/vzklaboratory.com\/hr\/wp-json\/wp\/v2\/product_cat?post=2696"},{"taxonomy":"product_tag","embeddable":true,"href":"https:\/\/vzklaboratory.com\/hr\/wp-json\/wp\/v2\/product_tag?post=2696"}],"curies":[{"name":"wp","href":"https:\/\/api.w.org\/{rel}","templated":true}]}}